{"id":8633,"date":"2024-07-25T21:19:34","date_gmt":"2024-07-25T15:49:34","guid":{"rendered":"https:\/\/www.universalsutures.com\/?page_id=8633"},"modified":"2024-08-04T14:06:06","modified_gmt":"2024-08-04T08:36:06","slug":"ptfe-polytetrafluoroethylene-suture","status":"publish","type":"page","link":"http:\/\/www.universalsutures.com\/es\/ptfe-polytetrafluoroethylene-suture\/","title":{"rendered":"Polytetrafluoroethylene Suture &#8211; UNI PTFE"},"content":{"rendered":"<div class=\"wpb-content-wrapper\"><div class=\"vc_row wpb_row vc_row-fluid\"><div class=\"wpb_column vc_column_container vc_col-sm-12\"><div class=\"vc_column-inner\"><div class=\"wpb_wrapper\"><style type=\"text\/css\" data-type=\"the7_shortcodes-inline-css\">.gallery-carousel-shortcode.gallery-carousel-shortcode-id-887859314847de4143ede261e20d9487.owl-carousel .owl-nav div {\n  width: 36px;\n  height: 36px;\n  border-radius: 500px;\n}\n.dt-arrow-border-on.gallery-carousel-shortcode.gallery-carousel-shortcode-id-887859314847de4143ede261e20d9487.owl-carousel .owl-nav div:not(:hover):before {\n  border-width: 0px;\n}\n.dt-arrow-hover-border-on.gallery-carousel-shortcode.gallery-carousel-shortcode-id-887859314847de4143ede261e20d9487.owl-carousel .owl-nav div:hover:after {\n  border-width: 0px;\n}\n.gallery-carousel-shortcode.gallery-carousel-shortcode-id-887859314847de4143ede261e20d9487.owl-carousel .owl-nav div.owl-prev {\n  top: 50%;\n  transform: translateY(calc(-50% + 0px));\n  left: -43px;\n}\n@media all and (-ms-high-contrast: none) {\n  .gallery-carousel-shortcode.gallery-carousel-shortcode-id-887859314847de4143ede261e20d9487.owl-carousel .owl-nav div.owl-prev {\n    transform: translateY(-50%);\n    margin-top: 0px;\n  }\n}\n.gallery-carousel-shortcode.gallery-carousel-shortcode-id-887859314847de4143ede261e20d9487.owl-carousel .owl-nav div.owl-prev i {\n  padding: 0px 0px 0px 0px;\n}\n.gallery-carousel-shortcode.gallery-carousel-shortcode-id-887859314847de4143ede261e20d9487.owl-carousel .owl-nav div.owl-next {\n  top: 50%;\n  transform: translateY(calc(-50% + 0px));\n  right: -43px;\n}\n@media all and (-ms-high-contrast: none) {\n  .gallery-carousel-shortcode.gallery-carousel-shortcode-id-887859314847de4143ede261e20d9487.owl-carousel .owl-nav div.owl-next {\n    transform: translateY(-50%);\n    margin-top: 0px;\n  }\n}\n.gallery-carousel-shortcode.gallery-carousel-shortcode-id-887859314847de4143ede261e20d9487.owl-carousel .owl-nav div.owl-next i {\n  padding: 0px 0px 0px 0px;\n}\n.gallery-carousel-shortcode.gallery-carousel-shortcode-id-887859314847de4143ede261e20d9487.owl-carousel .owl-nav i {\n  font-size: 18px;\n}\n.gallery-carousel-shortcode.gallery-carousel-shortcode-id-887859314847de4143ede261e20d9487.owl-carousel .owl-nav div:not(:hover) i,\n.gallery-carousel-shortcode.gallery-carousel-shortcode-id-887859314847de4143ede261e20d9487.owl-carousel .owl-nav div:not(:hover) i:before {\n  color: #ffffff;\n  background: none;\n}\n.gallery-carousel-shortcode.gallery-carousel-shortcode-id-887859314847de4143ede261e20d9487.owl-carousel .owl-nav div:hover i,\n.gallery-carousel-shortcode.gallery-carousel-shortcode-id-887859314847de4143ede261e20d9487.owl-carousel .owl-nav div:hover i:before {\n  color: rgba(255,255,255,0.75);\n  background: none;\n}\n.gallery-carousel-shortcode.gallery-carousel-shortcode-id-887859314847de4143ede261e20d9487 .owl-dots {\n  top: calc(100% + 20px);\n  left: 50%;\n  transform: translateX(calc(-50% + 0px));\n}\n@media all and (-ms-high-contrast: none) {\n  .gallery-carousel-shortcode.gallery-carousel-shortcode-id-887859314847de4143ede261e20d9487 .owl-dots {\n    transform: translateX(-50%);\n    margin-left: 0px;\n  }\n}\n.gallery-carousel-shortcode.gallery-carousel-shortcode-id-887859314847de4143ede261e20d9487 .owl-dot {\n  width: 10px;\n  height: 10px;\n  margin: 0 8px;\n}\n@media screen and (max-width: 778px) {\n  .gallery-carousel-shortcode.gallery-carousel-shortcode-id-887859314847de4143ede261e20d9487.hide-arrows .owl-nav a {\n    display: none;\n  }\n}\n@media screen and (max-width: 778px) {\n  .gallery-carousel-shortcode.gallery-carousel-shortcode-id-887859314847de4143ede261e20d9487.reposition-arrows .owl-nav .owl-prev {\n    top: 50%;\n    transform: translateY(calc(-50% + 0px));\n    left: 10px;\n  }\n  .gallery-carousel-shortcode.gallery-carousel-shortcode-id-887859314847de4143ede261e20d9487.reposition-arrows .owl-nav .owl-next {\n    top: 50%;\n    transform: translateY(calc(-50% + 0px));\n    right: 10px;\n  }\n}\n@media screen and (max-width: 778px) and all and (-ms-high-contrast: none) {\n  .gallery-carousel-shortcode.gallery-carousel-shortcode-id-887859314847de4143ede261e20d9487.reposition-arrows .owl-nav .owl-prev {\n    transform: translateY(-50%);\n    margin-top: 0px;\n  }\n}\n@media screen and (max-width: 778px) and all and (-ms-high-contrast: none) {\n  .gallery-carousel-shortcode.gallery-carousel-shortcode-id-887859314847de4143ede261e20d9487.reposition-arrows .owl-nav .owl-next {\n    transform: translateY(-50%);\n    margin-top: 0px;\n  }\n}\n.gallery-carousel-shortcode.gallery-carousel-shortcode-id-887859314847de4143ede261e20d9487 figure,\n.gallery-carousel-shortcode.gallery-carousel-shortcode-id-887859314847de4143ede261e20d9487 .rollover,\n.gallery-carousel-shortcode.gallery-carousel-shortcode-id-887859314847de4143ede261e20d9487 img,\n.gallery-carousel-shortcode.gallery-carousel-shortcode-id-887859314847de4143ede261e20d9487 .gallery-rollover {\n  border-radius: 0px;\n}\n.gallery-carousel-shortcode.gallery-carousel-shortcode-id-887859314847de4143ede261e20d9487.enable-bg-rollover .gallery-rollover {\n  background: -webkit-linear-gradient();\n  background: linear-gradient();\n}\n.gallery-carousel-shortcode.gallery-carousel-shortcode-id-887859314847de4143ede261e20d9487.enable-img-shadow .owl-stage-outer {\n  padding: 14px 0;\n}\n.gallery-carousel-shortcode.gallery-carousel-shortcode-id-887859314847de4143ede261e20d9487.enable-bg-rollover.hover-scale figure .rollover:after {\n  background: -webkit-linear-gradient();\n  background: linear-gradient();\n}\n.gallery-carousel-shortcode.gallery-carousel-shortcode-id-887859314847de4143ede261e20d9487.gallery-shortcode .gallery-zoom-ico {\n  width: 44px;\n  height: 44px;\n  line-height: 44px;\n  border-radius: 100px;\n  margin: -22px 0 0 -22px;\n  border-width: 0px;\n}\n.dt-icon-bg-on.gallery-carousel-shortcode.gallery-carousel-shortcode-id-887859314847de4143ede261e20d9487.gallery-shortcode .gallery-zoom-ico {\n  background: rgba(255,255,255,0.3);\n  box-shadow: none;\n}\n.gallery-carousel-shortcode.gallery-carousel-shortcode-id-887859314847de4143ede261e20d9487.gallery-shortcode .gallery-zoom-ico:before,\n.gallery-carousel-shortcode.gallery-carousel-shortcode-id-887859314847de4143ede261e20d9487.gallery-shortcode .gallery-zoom-ico span {\n  font-size: 32px;\n  line-height: 44px;\n  color: #ffffff;\n  background: none;\n}<\/style><div class=\"owl-carousel gallery-carousel-shortcode gallery-shortcode  dt-gallery-container dt-owl-carousel-call gallery-carousel-shortcode-id-887859314847de4143ede261e20d9487 scale-img enable-bg-rollover meta-info-off dt-arrow-border-on dt-arrow-hover-border-on bullets-small-dot-stroke reposition-arrows dt-icon-bg-off arrows-bg-on disable-arrows-hover-bg arrows-hover-bg-on  vc_custom_1721921994225 hover-fade\" data-scroll-mode=\"1\" data-col-num=\"1\" data-wide-col-num=\"1\" data-laptop-col=\"1\" data-h-tablet-columns-num=\"1\" data-v-tablet-columns-num=\"1\" data-phone-columns-num=\"1\" data-col-gap=\"10\" data-stage-padding=\"0\" data-speed=\"600\" data-autoplay=\"true\" data-autoplay_speed=\"6000\" data-arrows=\"true\" data-bullet=\"false\" data-next-icon=\"icon-ar-017-r\" data-prev-icon=\"icon-ar-017-l\" data-img-shadow-size=\"12px\" data-img-shadow-spread=\"3px\"><div data-post-id=\"8634\" data-date=\"2024-07-25T21:06:16+05:30\" data-name=\"Monofilament Polytetrafluoroethylene suture\"><figure class=\"post\"><a href=\"https:\/\/www.universalsutures.com\/wp-content\/uploads\/2024\/07\/Monofilament-Polytetrafluoroethylene-suture.jpg\" class=\"rollover dt-pswp-item layzr-bg\" data-large_image_width=\"1721\" data-large_image_height=\"1213\" data-dt-img-description=\"\" title=\"Monofilament Polytetrafluoroethylene suture\"><img fetchpriority=\"high\" decoding=\"async\" class=\"preload-me owl-lazy-load aspect\" src=\"data:image\/svg+xml,%3Csvg%20xmlns%3D&#039;http%3A%2F%2Fwww.w3.org%2F2000%2Fsvg&#039;%20viewBox%3D&#039;0%200%201720%201032&#039;%2F%3E\" data-src=\"https:\/\/www.universalsutures.com\/wp-content\/uploads\/2024\/07\/Monofilament-Polytetrafluoroethylene-suture-1720x1032.jpg\" data-srcset=\"https:\/\/www.universalsutures.com\/wp-content\/uploads\/2024\/07\/Monofilament-Polytetrafluoroethylene-suture-1720x1032.jpg 1720w, https:\/\/www.universalsutures.com\/wp-content\/uploads\/2024\/07\/Monofilament-Polytetrafluoroethylene-suture-1721x1032.jpg 1721w\" loading=\"eager\" style=\"--ratio: 1720 \/ 1032\" sizes=\"(max-width: 1720px) 100vw, 1720px\" alt=\"\" width=\"1720\" height=\"1032\" title=\"\"><span class=\"gallery-rollover\"><span class=\"gallery-zoom-ico icomoon-the7-font-the7-zoom-06\"><span><\/span><\/span><\/span><\/a><\/figure><\/div><\/div><div id=\"ultimate-heading-360069e06a8921576\" class=\"uvc-heading ult-adjust-bottom-margin ultimate-heading-360069e06a8921576 uvc-5323\" data-hspacer=\"line_only\"  data-halign=\"left\" style=\"text-align:left\"><div class=\"uvc-main-heading ult-responsive\"  data-ultimate-target='.uvc-heading.ultimate-heading-360069e06a8921576 h2'  data-responsive-json-new='{\"font-size\":\"desktop:25px;\",\"line-height\":\"desktop:35px;\"}' ><h2 style=\"--font-weight:theme;color:#1f365c;margin-top:15px;\">Monofilament Polytetrafluoroethylene Suture<\/h2><\/div><div class=\"uvc-sub-heading ult-responsive\"  data-ultimate-target='.uvc-heading.ultimate-heading-360069e06a8921576 .uvc-sub-heading '  data-responsive-json-new='{\"font-size\":\"desktop:18px;\",\"line-height\":\"desktop:28px;\"}'  style=\"font-weight:normal;color:#ffb536;margin-top:7px;\">Non absorbable Surgical Suture USP<\/div><div class=\"uvc-heading-spacer line_only\" style=\"margin-top:15px;margin-bottom:15px;height:0.5px;\"><span class=\"uvc-headings-line\" style=\"border-style:solid;border-bottom-width:0.5px;border-color:#337ab7;width:autopx;\"><\/span><\/div><\/div><div class=\"vc_empty_space\"   style=\"height: 15px\"><span class=\"vc_empty_space_inner\"><\/span><\/div><div class=\"standard-arrow list-divider bullet-top\"><p style=\"text-align: justify;\">La sutura de politetrafluoroetileno (PTFE) es una sutura monofilamento no reabsorbible fabricada a partir del pol\u00edmero 100% de politetrafluoroetileno (PTFE) de alta densidad, extruido de tal forma que produce una estructura con un tama\u00f1o y volumen de poro m\u00ednimos, manteniendo al mismo tiempo la integridad y la resistencia a la tracci\u00f3n. La estructura no est\u00e1 te\u00f1ida ni contiene aditivos.<\/p>\n<ul>\n<li><strong>Intended Use: <\/strong>It is intended for use all types of soft tissue approximation and\/ or ligation, including dental and general surgeries.<\/li>\n<li><strong>Application: <\/strong>The suture should be selected and implanted depending on patient\u2019s condition, surgical experience, surgical technique, and wound size.<\/li>\n<li><strong>Supply: <\/strong>12-unit packs are packed in a printed box. 100 such boxes are packed in a master carton. 24 units are packed in a printed box. 40 such boxes are packed in a master carton. 36 units are packed in a printed box. 40 such boxes are packed in a master carton.<\/li>\n<li><strong>Shelf Life: <\/strong>5 a\u00f1os<\/li>\n<li><strong>Almacenamiento: <\/strong>Below 30\u00b0 C, away from moisture and direct sunlight<\/li>\n<li><strong>Sterilization: <\/strong>Esterilizado por \u00f3xido de etileno.<\/li>\n<\/ul>\n<\/div><div class=\"vc_tta-container\" data-vc-action=\"collapseAll\"><div class=\"vc_general vc_tta vc_tta-accordion vc_tta-color-sky vc_tta-style-modern vc_tta-shape-square vc_tta-spacing-5 vc_tta-gap-5 vc_tta-controls-align-default vc_tta-o-all-clickable vc_custom_1721922604644\"><div class=\"vc_tta-panels-container\"><div class=\"vc_tta-panels\"><div class=\"vc_tta-panel\" id=\"1703605376110-7e4917b8-033d\" data-vc-content=\".vc_tta-panel-body\"><div class=\"vc_tta-panel-heading\"><h4 class=\"vc_tta-panel-title vc_tta-controls-icon-position-left\"><a href=\"#1703605376110-7e4917b8-033d\" data-vc-accordion data-vc-container=\".vc_tta-container\"><span class=\"vc_tta-title-text\">Product Features<\/span><i class=\"vc_tta-controls-icon vc_tta-controls-icon-plus\"><\/i><\/a><\/h4><\/div><div class=\"vc_tta-panel-body\"><div class=\"standard-arrow list-divider bullet-top\"><ul>\n<li>High tensile strength and high knot security<\/li>\n<li>Very easy to handle<\/li>\n<li>Soft and comfortable for patients<\/li>\n<li>Minimal tissue trauma<\/li>\n<li>Minimal to zero package memory<\/li>\n<li>Biologically inert<\/li>\n<li>No weak spots on the strand when crimped<\/li>\n<\/ul>\n<\/div><\/div><\/div><div class=\"vc_tta-panel\" id=\"1635796266468-b54f89d4-9dcd\" data-vc-content=\".vc_tta-panel-body\"><div class=\"vc_tta-panel-heading\"><h4 class=\"vc_tta-panel-title vc_tta-controls-icon-position-left\"><a href=\"#1635796266468-b54f89d4-9dcd\" data-vc-accordion data-vc-container=\".vc_tta-container\"><span class=\"vc_tta-title-text\">C\u00f3digos de producto y tama\u00f1o<\/span><i class=\"vc_tta-controls-icon vc_tta-controls-icon-plus\"><\/i><\/a><\/h4><\/div><div class=\"vc_tta-panel-body\">\n\t<div class=\"wpb_text_column wpb_content_element\" >\n\t\t<div class=\"wpb_wrapper\">\n\t\t\t<div id=\"footable_parent_8638\"\n         class=\"footable_parent ninja_table_wrapper loading_ninja_table wp_table_data_press_parent semantic_ui colored_table\">\n                        <div\n                class=\"table_description footable_description\"><\/div>\n                    <table data-ninja_table_instance=\"ninja_table_instance_0\" data-footable_id=\"8638\" data-filter-delay=\"1000\" aria-label=\"Polytetrafluoroethylene (Product Codes)\"            id=\"footable_8638\"\n           data-unique_identifier=\"ninja_table_unique_id_2444468434_8638\"\n           class=\"foo-table ninja_footable foo_table_8638 ninja_table_unique_id_2444468434_8638 ui table  nt_search_full_width nt_type_legacy_table single line selectable celled striped compact vertical_centered ninja_custom_color inverted footable-paging-right ninja_table_pro\">\n                <colgroup>\n                            <col class=\"ninja_column_0\">\n                            <col class=\"ninja_column_1\">\n                            <col class=\"ninja_column_2\">\n                            <col class=\"ninja_column_3\">\n                            <col class=\"ninja_column_4\">\n                    <\/colgroup>\n        <thead>\n<tr class=\"footable-header\">\n                                                                                        <th scope=\"col\"  class=\"ninja_column_0 ninja_clmn_nm_codeno\">C\u00f3digo n<\/th><th scope=\"col\"  class=\"ninja_column_1 ninja_clmn_nm_uspsize\">Size<\/th><th scope=\"col\"  class=\"ninja_column_2 ninja_clmn_nm_length\">Suture Length<\/th><th scope=\"col\"  class=\"ninja_column_3 ninja_clmn_nm_needledescription\">Needle Curvature<\/th><th scope=\"col\"  class=\"ninja_column_4 ninja_clmn_nm_needle_length\">Needle Length<\/th><\/tr>\n<\/thead>\n<tbody>\n\n        <tr data-row_id=\"1850\" class=\"ninja_table_row_0 nt_row_id_1850\">\n            <td>20E50CX19<\/td><td>2-0<\/td><td>50cm<\/td><td>3\/8 Circle Reverse Cutting<\/td><td>19mm<\/td>        <\/tr>\n            <tr data-row_id=\"1851\" class=\"ninja_table_row_1 nt_row_id_1851\">\n            <td>20E50CX25<\/td><td>2-0<\/td><td>50cm<\/td><td>3\/8 Circle Reverse Cutting<\/td><td>25mm<\/td>        <\/tr>\n            <tr data-row_id=\"1852\" class=\"ninja_table_row_2 nt_row_id_1852\">\n            <td>20F50CX16<\/td><td>3-0<\/td><td>50cm<\/td><td>3\/8 Circle Reverse Cutting<\/td><td>16mm<\/td>        <\/tr>\n            <tr data-row_id=\"1853\" class=\"ninja_table_row_3 nt_row_id_1853\">\n            <td>20F50CX19<\/td><td>3-0<\/td><td>50cm<\/td><td>3\/8 Circle Reverse Cutting<\/td><td>19mm<\/td>        <\/tr>\n            <tr data-row_id=\"1854\" class=\"ninja_table_row_4 nt_row_id_1854\">\n            <td>20F50CX25<\/td><td>3-0<\/td><td>50cm<\/td><td>3\/8 Circle Reverse Cutting<\/td><td>25mm<\/td>        <\/tr>\n            <tr data-row_id=\"1855\" class=\"ninja_table_row_5 nt_row_id_1855\">\n            <td>20G50CX12<\/td><td>4-0<\/td><td>50cm<\/td><td>3\/8 Circle Reverse Cutting<\/td><td>12mm<\/td>        <\/tr>\n            <tr data-row_id=\"1856\" class=\"ninja_table_row_6 nt_row_id_1856\">\n            <td>20G50CX16<\/td><td>4-0<\/td><td>50cm<\/td><td>3\/8 Circle Reverse Cutting<\/td><td>16mm<\/td>        <\/tr>\n            <tr data-row_id=\"1857\" class=\"ninja_table_row_7 nt_row_id_1857\">\n            <td>20G50CX19<\/td><td>4-0<\/td><td>50cm<\/td><td>3\/8 Circle Reverse Cutting<\/td><td>19mm<\/td>        <\/tr>\n            <tr data-row_id=\"1858\" class=\"ninja_table_row_8 nt_row_id_1858\">\n            <td>20H50CX12<\/td><td>5-0<\/td><td>50cm<\/td><td>3\/8 Circle Reverse Cutting<\/td><td>12mm<\/td>        <\/tr>\n            <tr data-row_id=\"1859\" class=\"ninja_table_row_9 nt_row_id_1859\">\n            <td>20H50CX16<\/td><td>5-0<\/td><td>50cm<\/td><td>3\/8 Circle Reverse Cutting<\/td><td>16mm<\/td>        <\/tr>\n            <tr data-row_id=\"1860\" class=\"ninja_table_row_10 nt_row_id_1860\">\n            <td>20I50CX12<\/td><td>6-0<\/td><td>50cm<\/td><td>3\/8 Circle Reverse Cutting<\/td><td>12mm<\/td>        <\/tr>\n    <\/tbody><!--ninja_tobody_rendering_done-->\n    <\/table>\n    \n    \n    \n<\/div>\n\n\n\t\t<\/div>\n\t<\/div>\n<\/div><\/div><div class=\"vc_tta-panel\" id=\"1636352608080-a9d7016e-81d7\" data-vc-content=\".vc_tta-panel-body\"><div class=\"vc_tta-panel-heading\"><h4 class=\"vc_tta-panel-title vc_tta-controls-icon-position-left\"><a href=\"#1636352608080-a9d7016e-81d7\" data-vc-accordion data-vc-container=\".vc_tta-container\"><span class=\"vc_tta-title-text\">Folleto del producto:<\/span><i class=\"vc_tta-controls-icon vc_tta-controls-icon-plus\"><\/i><\/a><\/h4><\/div><div class=\"vc_tta-panel-body\"><div class=\"vc_icon_element vc_icon_element-outer vc_do_icon vc_icon_element-align-left vc_icon_element-have-style\"><div class=\"vc_icon_element-inner vc_icon_element-color-white vc_icon_element-have-style-inner vc_icon_element-size-lg vc_icon_element-style-boxed vc_icon_element-background vc_icon_element-background-color-blue\" ><span class=\"vc_icon_element-icon fas fa-file-pdf\" ><\/span><a class=\"vc_icon_element-link\" href=\"https:\/\/drive.google.com\/file\/d\/1k-Rhstf3_JsWcc91prVJTKCWPFtxjBEM\/view?usp=drive_link\" title=\"\" target=\"_blank\" rel=\"noopener\"><\/a><\/div><\/div><\/div><\/div><div class=\"vc_tta-panel\" id=\"contactus1\" data-vc-content=\".vc_tta-panel-body\"><div class=\"vc_tta-panel-heading\"><h4 class=\"vc_tta-panel-title vc_tta-controls-icon-position-left\"><a href=\"#contactus1\" data-vc-accordion data-vc-container=\".vc_tta-container\"><span class=\"vc_tta-title-text\">Contacte con nosotros<\/span><i class=\"vc_tta-controls-icon vc_tta-controls-icon-plus\"><\/i><\/a><\/h4><\/div><div class=\"vc_tta-panel-body\"><div class=\"wpforms-container wpforms-container-full\" id=\"wpforms-3243\"><form id=\"wpforms-form-3243\" class=\"wpforms-validate wpforms-form\" data-formid=\"3243\" method=\"post\" enctype=\"multipart\/form-data\" action=\"\/es\/wp-json\/wp\/v2\/pages\/8633\" data-token=\"e8f8cfe211ed5fd612a08bc8cd080d19\" data-token-time=\"1776315017\" data-trp-original-action=\"\/es\/wp-json\/wp\/v2\/pages\/8633\"><noscript class=\"wpforms-error-noscript\">Por favor, active JavaScript en su navegador para completar este formulario.<\/noscript><div class=\"wpforms-field-container\"><div id=\"wpforms-3243-field_15-container\" class=\"wpforms-field wpforms-field-layout\" data-field-id=\"15\"><div class=\"wpforms-field-layout-columns wpforms-field-layout-preset-50-50\"><div class=\"wpforms-layout-column wpforms-layout-column-50\" ><div id=\"wpforms-3243-field_0-container\" class=\"wpforms-field wpforms-field-name\" data-field-id=\"0\"><label class=\"wpforms-field-label\" for=\"wpforms-3243-field_0\">Nombre <span class=\"wpforms-required-label\">*<\/span><\/label><input type=\"text\" id=\"wpforms-3243-field_0\" class=\"wpforms-field-large wpforms-field-required\" name=\"wpforms[fields][0]\" required><\/div><\/div><div class=\"wpforms-layout-column wpforms-layout-column-50\" ><div id=\"wpforms-3243-field_2-container\" class=\"wpforms-field wpforms-field-email\" data-field-id=\"2\"><label class=\"wpforms-field-label\" for=\"wpforms-3243-field_2\">Correo electr\u00f3nico <span class=\"wpforms-required-label\">*<\/span><\/label><input type=\"email\" id=\"wpforms-3243-field_2\" class=\"wpforms-field-large wpforms-field-required\" name=\"wpforms[fields][2]\" spellcheck=\"false\" required><\/div><\/div><\/div><\/div><div id=\"wpforms-3243-field_14-container\" class=\"wpforms-field wpforms-field-layout\" data-field-id=\"14\"><div class=\"wpforms-field-layout-columns wpforms-field-layout-preset-50-50\"><div class=\"wpforms-layout-column wpforms-layout-column-50\" ><div id=\"wpforms-3243-field_7-container\" class=\"wpforms-field wpforms-field-text\" data-field-id=\"7\"><label class=\"wpforms-field-label\" for=\"wpforms-3243-field_7\">Pa\u00eds <span class=\"wpforms-required-label\">*<\/span><\/label><input type=\"text\" id=\"wpforms-3243-field_7\" class=\"wpforms-field-large wpforms-field-required\" name=\"wpforms[fields][7]\" required><\/div><\/div><div class=\"wpforms-layout-column wpforms-layout-column-50\" ><div id=\"wpforms-3243-field_11-container\" class=\"wpforms-field wpforms-field-phone\" data-field-id=\"11\"><label class=\"wpforms-field-label\" for=\"wpforms-3243-field_11\">Tel\u00e9fono <span class=\"wpforms-required-label\">*<\/span><\/label><input type=\"tel\" id=\"wpforms-3243-field_11\" class=\"wpforms-field-large wpforms-field-required wpforms-smart-phone-field\" data-rule-smart-phone-field=\"true\" name=\"wpforms[fields][11]\" aria-label=\"Tel\u00e9fono\" required><\/div><\/div><\/div><\/div><div id=\"wpforms-3243-field_20-container\" class=\"wpforms-field wpforms-field-text\" data-field-id=\"20\"><label class=\"wpforms-field-label\" for=\"wpforms-3243-field_20\">Company Name<\/label><input type=\"text\" id=\"wpforms-3243-field_20\" class=\"wpforms-field-large\" name=\"wpforms[fields][20]\" ><\/div><div id=\"wpforms-3243-field_4-container\" class=\"wpforms-field wpforms-field-textarea\" data-field-id=\"4\"><label class=\"wpforms-field-label\" for=\"wpforms-3243-field_4\">\u00a1Mensaje! <span class=\"wpforms-required-label\">*<\/span><\/label><textarea id=\"wpforms-3243-field_4\" class=\"wpforms-field-medium wpforms-field-required\" name=\"wpforms[fields][4]\" required><\/textarea><\/div><\/div><!-- .wpforms-field-container --><div class=\"wpforms-recaptcha-container wpforms-is-recaptcha wpforms-is-recaptcha-type-v3\" ><input type=\"hidden\" name=\"wpforms[recaptcha]\" value=\"\"><\/div><div class=\"wpforms-submit-container\" ><input type=\"hidden\" name=\"wpforms[id]\" value=\"3243\"><input type=\"hidden\" name=\"page_title\" value=\"\"><input type=\"hidden\" name=\"page_url\" value=\"http:\/\/www.universalsutures.com\/es\/wp-json\/wp\/v2\/pages\/8633\"><input type=\"hidden\" name=\"url_referer\" value=\"\"><button type=\"submit\" name=\"wpforms[submit]\" id=\"wpforms-submit-3243\" class=\"wpforms-submit\" data-alt-text=\"Sending...\" data-submit-text=\"Submit\" aria-live=\"assertive\" value=\"wpforms-submit\">Enviar<\/button><\/div><input type=\"hidden\" name=\"trp-form-language\" value=\"es\"\/><\/form><\/div>  <!-- .wpforms-container --><\/div><\/div><\/div><\/div><\/div><\/div><\/div><\/div><\/div><\/div>\n<\/div>","protected":false},"excerpt":{"rendered":"<p>Monofilament Polytetrafluoroethylene SutureNon absorbable Surgical Suture USPPolytetrafluoroethylene (PTFE) suture is a nonabsorbable, monofilament suture manufactured from 100% high density PolytetraFluoroethylene (PTFE) polymer, extruded in such a fashion as to produce a structure with a minimal pore size and volume while maintaining integrity and tensile strength. The structure is undyed with no additives. Intended Use: It&hellip;<\/p>","protected":false},"author":1,"featured_media":8634,"parent":0,"menu_order":0,"comment_status":"closed","ping_status":"closed","template":"","meta":{"footnotes":""},"class_list":["post-8633","page","type-page","status-publish","has-post-thumbnail","hentry","description-off"],"_links":{"self":[{"href":"http:\/\/www.universalsutures.com\/es\/wp-json\/wp\/v2\/pages\/8633","targetHints":{"allow":["GET"]}}],"collection":[{"href":"http:\/\/www.universalsutures.com\/es\/wp-json\/wp\/v2\/pages"}],"about":[{"href":"http:\/\/www.universalsutures.com\/es\/wp-json\/wp\/v2\/types\/page"}],"author":[{"embeddable":true,"href":"http:\/\/www.universalsutures.com\/es\/wp-json\/wp\/v2\/users\/1"}],"replies":[{"embeddable":true,"href":"http:\/\/www.universalsutures.com\/es\/wp-json\/wp\/v2\/comments?post=8633"}],"version-history":[{"count":0,"href":"http:\/\/www.universalsutures.com\/es\/wp-json\/wp\/v2\/pages\/8633\/revisions"}],"wp:featuredmedia":[{"embeddable":true,"href":"http:\/\/www.universalsutures.com\/es\/wp-json\/wp\/v2\/media\/8634"}],"wp:attachment":[{"href":"http:\/\/www.universalsutures.com\/es\/wp-json\/wp\/v2\/media?parent=8633"}],"curies":[{"name":"wp","href":"https:\/\/api.w.org\/{rel}","templated":true}]}}