{"id":1927,"date":"2019-03-26T04:10:49","date_gmt":"2019-03-25T22:40:49","guid":{"rendered":"https:\/\/www.universalsutures.com\/?page_id=1927"},"modified":"2025-01-22T13:31:34","modified_gmt":"2025-01-22T08:01:34","slug":"cera-de-huesos","status":"publish","type":"page","link":"https:\/\/www.universalsutures.com\/es\/productos\/cera-de-huesos\/","title":{"rendered":"Surgical Bone Wax Manufacturer"},"content":{"rendered":"<div class=\"wpb-content-wrapper\"><div class=\"vc_row wpb_row vc_row-fluid\"><div class=\"wpb_column vc_column_container vc_col-sm-12\"><div class=\"vc_column-inner\"><div class=\"wpb_wrapper\"><style type=\"text\/css\" data-type=\"the7_shortcodes-inline-css\">.gallery-carousel-shortcode.gallery-carousel-shortcode-id-462cdbc960c4273aeba500085b654cd1.owl-carousel .owl-nav div {\n  width: 36px;\n  height: 36px;\n  border-radius: 500px;\n}\n.dt-arrow-border-on.gallery-carousel-shortcode.gallery-carousel-shortcode-id-462cdbc960c4273aeba500085b654cd1.owl-carousel .owl-nav div:not(:hover):before {\n  border-width: 0px;\n}\n.dt-arrow-hover-border-on.gallery-carousel-shortcode.gallery-carousel-shortcode-id-462cdbc960c4273aeba500085b654cd1.owl-carousel .owl-nav div:hover:after {\n  border-width: 0px;\n}\n.gallery-carousel-shortcode.gallery-carousel-shortcode-id-462cdbc960c4273aeba500085b654cd1.owl-carousel .owl-nav div.owl-prev {\n  top: 50%;\n  transform: translateY(calc(-50% + 0px));\n  left: -43px;\n}\n@media all and (-ms-high-contrast: none) {\n  .gallery-carousel-shortcode.gallery-carousel-shortcode-id-462cdbc960c4273aeba500085b654cd1.owl-carousel .owl-nav div.owl-prev {\n    transform: translateY(-50%);\n    margin-top: 0px;\n  }\n}\n.gallery-carousel-shortcode.gallery-carousel-shortcode-id-462cdbc960c4273aeba500085b654cd1.owl-carousel .owl-nav div.owl-prev i {\n  padding: 0px 0px 0px 0px;\n}\n.gallery-carousel-shortcode.gallery-carousel-shortcode-id-462cdbc960c4273aeba500085b654cd1.owl-carousel .owl-nav div.owl-next {\n  top: 50%;\n  transform: translateY(calc(-50% + 0px));\n  right: -43px;\n}\n@media all and (-ms-high-contrast: none) {\n  .gallery-carousel-shortcode.gallery-carousel-shortcode-id-462cdbc960c4273aeba500085b654cd1.owl-carousel .owl-nav div.owl-next {\n    transform: translateY(-50%);\n    margin-top: 0px;\n  }\n}\n.gallery-carousel-shortcode.gallery-carousel-shortcode-id-462cdbc960c4273aeba500085b654cd1.owl-carousel .owl-nav div.owl-next i {\n  padding: 0px 0px 0px 0px;\n}\n.gallery-carousel-shortcode.gallery-carousel-shortcode-id-462cdbc960c4273aeba500085b654cd1.owl-carousel .owl-nav i {\n  font-size: 18px;\n}\n.gallery-carousel-shortcode.gallery-carousel-shortcode-id-462cdbc960c4273aeba500085b654cd1.owl-carousel .owl-nav div:not(:hover) i,\n.gallery-carousel-shortcode.gallery-carousel-shortcode-id-462cdbc960c4273aeba500085b654cd1.owl-carousel .owl-nav div:not(:hover) i:before {\n  color: #ffffff;\n  background: none;\n}\n.gallery-carousel-shortcode.gallery-carousel-shortcode-id-462cdbc960c4273aeba500085b654cd1.owl-carousel .owl-nav div:hover i,\n.gallery-carousel-shortcode.gallery-carousel-shortcode-id-462cdbc960c4273aeba500085b654cd1.owl-carousel .owl-nav div:hover i:before {\n  color: rgba(255,255,255,0.75);\n  background: none;\n}\n.gallery-carousel-shortcode.gallery-carousel-shortcode-id-462cdbc960c4273aeba500085b654cd1 .owl-dots {\n  top: calc(100% + 20px);\n  left: 50%;\n  transform: translateX(calc(-50% + 0px));\n}\n@media all and (-ms-high-contrast: none) {\n  .gallery-carousel-shortcode.gallery-carousel-shortcode-id-462cdbc960c4273aeba500085b654cd1 .owl-dots {\n    transform: translateX(-50%);\n    margin-left: 0px;\n  }\n}\n.gallery-carousel-shortcode.gallery-carousel-shortcode-id-462cdbc960c4273aeba500085b654cd1 .owl-dot {\n  width: 10px;\n  height: 10px;\n  margin: 0 8px;\n}\n@media screen and (max-width: 778px) {\n  .gallery-carousel-shortcode.gallery-carousel-shortcode-id-462cdbc960c4273aeba500085b654cd1.hide-arrows .owl-nav a {\n    display: none;\n  }\n}\n@media screen and (max-width: 778px) {\n  .gallery-carousel-shortcode.gallery-carousel-shortcode-id-462cdbc960c4273aeba500085b654cd1.reposition-arrows .owl-nav .owl-prev {\n    top: 50%;\n    transform: translateY(calc(-50% + 0px));\n    left: 10px;\n  }\n  .gallery-carousel-shortcode.gallery-carousel-shortcode-id-462cdbc960c4273aeba500085b654cd1.reposition-arrows .owl-nav .owl-next {\n    top: 50%;\n    transform: translateY(calc(-50% + 0px));\n    right: 10px;\n  }\n}\n@media screen and (max-width: 778px) and all and (-ms-high-contrast: none) {\n  .gallery-carousel-shortcode.gallery-carousel-shortcode-id-462cdbc960c4273aeba500085b654cd1.reposition-arrows .owl-nav .owl-prev {\n    transform: translateY(-50%);\n    margin-top: 0px;\n  }\n}\n@media screen and (max-width: 778px) and all and (-ms-high-contrast: none) {\n  .gallery-carousel-shortcode.gallery-carousel-shortcode-id-462cdbc960c4273aeba500085b654cd1.reposition-arrows .owl-nav .owl-next {\n    transform: translateY(-50%);\n    margin-top: 0px;\n  }\n}\n.gallery-carousel-shortcode.gallery-carousel-shortcode-id-462cdbc960c4273aeba500085b654cd1 figure,\n.gallery-carousel-shortcode.gallery-carousel-shortcode-id-462cdbc960c4273aeba500085b654cd1 .rollover,\n.gallery-carousel-shortcode.gallery-carousel-shortcode-id-462cdbc960c4273aeba500085b654cd1 img,\n.gallery-carousel-shortcode.gallery-carousel-shortcode-id-462cdbc960c4273aeba500085b654cd1 .gallery-rollover {\n  border-radius: 0px;\n}\n.gallery-carousel-shortcode.gallery-carousel-shortcode-id-462cdbc960c4273aeba500085b654cd1.enable-bg-rollover .gallery-rollover {\n  background: -webkit-linear-gradient();\n  background: linear-gradient();\n}\n.gallery-carousel-shortcode.gallery-carousel-shortcode-id-462cdbc960c4273aeba500085b654cd1.enable-img-shadow .owl-stage-outer {\n  padding: 4px 0;\n}\n.gallery-carousel-shortcode.gallery-carousel-shortcode-id-462cdbc960c4273aeba500085b654cd1.enable-bg-rollover.hover-scale figure .rollover:after {\n  background: -webkit-linear-gradient();\n  background: linear-gradient();\n}\n.gallery-carousel-shortcode.gallery-carousel-shortcode-id-462cdbc960c4273aeba500085b654cd1.gallery-shortcode .gallery-zoom-ico {\n  width: 44px;\n  height: 44px;\n  line-height: 44px;\n  border-radius: 100px;\n  margin: -22px 0 0 -22px;\n  border-width: 0px;\n}\n.dt-icon-bg-on.gallery-carousel-shortcode.gallery-carousel-shortcode-id-462cdbc960c4273aeba500085b654cd1.gallery-shortcode .gallery-zoom-ico {\n  background: rgba(255,255,255,0.3);\n  box-shadow: none;\n}\n.gallery-carousel-shortcode.gallery-carousel-shortcode-id-462cdbc960c4273aeba500085b654cd1.gallery-shortcode .gallery-zoom-ico:before,\n.gallery-carousel-shortcode.gallery-carousel-shortcode-id-462cdbc960c4273aeba500085b654cd1.gallery-shortcode .gallery-zoom-ico span {\n  font-size: 32px;\n  line-height: 44px;\n  color: #6d6d6d;\n  background: none;\n}<\/style><div class=\"owl-carousel gallery-carousel-shortcode gallery-shortcode  dt-gallery-container dt-owl-carousel-call gallery-carousel-shortcode-id-462cdbc960c4273aeba500085b654cd1 meta-info-off dt-arrow-border-on dt-arrow-hover-border-on bullets-small-dot-stroke reposition-arrows dt-icon-bg-off arrows-bg-on disable-arrows-hover-bg arrows-hover-bg-on  vc_custom_1667977959329 hover-fade\" data-scroll-mode=\"1\" data-col-num=\"1\" data-wide-col-num=\"1\" data-laptop-col=\"1\" data-h-tablet-columns-num=\"1\" data-v-tablet-columns-num=\"1\" data-phone-columns-num=\"1\" data-col-gap=\"0\" data-stage-padding=\"0\" data-speed=\"600\" data-autoplay=\"true\" data-autoplay_speed=\"5000\" data-arrows=\"false\" data-bullet=\"false\" data-next-icon=\"icon-ar-017-r\" data-prev-icon=\"icon-ar-017-l\" data-img-shadow-size=\"12px\" data-img-shadow-spread=\"3px\"><div data-post-id=\"6993\" data-date=\"2022-11-09T12:42:09+05:30\" data-name=\"Surgical Bone Wax\"><figure class=\"post\"><a href=\"https:\/\/www.universalsutures.com\/wp-content\/uploads\/2022\/11\/Surgical-Bone-Wax-1.jpg\" class=\"rollover dt-pswp-item layzr-bg\" data-large_image_width=\"1920\" data-large_image_height=\"1080\" data-dt-img-description=\"\" title=\"Cera quir\u00fargica para huesos\"><img fetchpriority=\"high\" decoding=\"async\" class=\"preload-me owl-lazy-load aspect\" src=\"data:image\/svg+xml,%3Csvg%20xmlns%3D&#039;http%3A%2F%2Fwww.w3.org%2F2000%2Fsvg&#039;%20viewBox%3D&#039;0%200%201728%201080&#039;%2F%3E\" data-src=\"https:\/\/www.universalsutures.com\/wp-content\/uploads\/2022\/11\/Surgical-Bone-Wax-1-1728x1080.jpg\" data-srcset=\"https:\/\/www.universalsutures.com\/wp-content\/uploads\/2022\/11\/Surgical-Bone-Wax-1-1728x1080.jpg 1728w\" loading=\"eager\" style=\"--ratio: 1728 \/ 1080\" sizes=\"(max-width: 1728px) 100vw, 1728px\" alt=\"cera de huesos\" width=\"1728\" height=\"1080\" title=\"\"><span class=\"gallery-rollover\"><span class=\"gallery-zoom-ico icomoon-the7-font-the7-zoom-06\"><span><\/span><\/span><\/span><\/a><\/figure><\/div><\/div><div id=\"ultimate-heading-710569ef91da41d7e\" class=\"uvc-heading ult-adjust-bottom-margin ultimate-heading-710569ef91da41d7e uvc-2099\" data-hspacer=\"line_only\"  data-halign=\"left\" style=\"text-align:left\"><div class=\"uvc-main-heading ult-responsive\"  data-ultimate-target='.uvc-heading.ultimate-heading-710569ef91da41d7e h2'  data-responsive-json-new='{\"font-size\":\"desktop:35px;\",\"line-height\":\"desktop:45px;\"}' ><h2 style=\"font-weight:bold;color:#1f365c;margin-top:15px;\">Cera quir\u00fargica para huesos 2,5g (HAEMOWAX)<\/h2><\/div><div class=\"uvc-heading-spacer line_only\" style=\"margin-top:15px;margin-bottom:15px;height:0.5px;\"><span class=\"uvc-headings-line\" style=\"border-style:solid;border-bottom-width:0.5px;border-color:#337ab7;width:autopx;\"><\/span><\/div><\/div><div class=\"vc_empty_space\"   style=\"height: 15px\"><span class=\"vc_empty_space_inner\"><\/span><\/div><div class=\"standard-arrow list-divider bullet-top\"><p style=\"text-align: justify;\">Surgical Bone wax is mixture of beeswax, hard paraffin wax and Isopropyl palmitate. It is opaque and has a waxy odour. It is available in individual foils of 2.5g and sterilized by Gamma radiation. Packet should be open just prior to surgery to minimize the possibility of contamination and excessive drying and should be used immediately.<\/p>\n<\/div><div id=\"ultimate-heading-526269ef91da4216d\" class=\"uvc-heading ult-adjust-bottom-margin ultimate-heading-526269ef91da4216d uvc-8276\" data-hspacer=\"no_spacer\"  data-halign=\"left\" style=\"text-align:left\"><div class=\"uvc-heading-spacer no_spacer\" style=\"top\"><\/div><div class=\"uvc-main-heading ult-responsive\"  data-ultimate-target='.uvc-heading.ultimate-heading-526269ef91da4216d h3'  data-responsive-json-new='{\"font-size\":\"desktop:25px;\",\"line-height\":\"desktop:35px;\"}' ><h3 style=\"--font-weight:theme;color:#1f365c;margin-bottom:15px;\">INDICACIONES<\/h3><\/div><\/div><div class=\"standard-arrow list-divider bullet-top\"><p style=\"text-align: justify;\">La cera para huesos est\u00e1 indicada para el control de la hemorragia de las superficies \u00f3seas durante procedimientos quir\u00fargicos que implican el corte de huesos, como esternotom\u00edas, cirug\u00edas tor\u00e1cicas, neuroquir\u00fargicas, ortop\u00e9dicas y maxilofaciales.<\/p>\n<\/div><div class=\"standard-arrow list-divider bullet-top\"><ul>\n<li style=\"text-align: justify;\"><strong>Propiedades:\u00a0 <\/strong>This Surgical\u00a0 wax is bio-chemically inert, partially absorbable. It is sterilized by Gamma radiation.<\/li>\n<\/ul>\n<\/div><div class=\"vc_tta-container\" data-vc-action=\"collapseAll\"><div class=\"vc_general vc_tta vc_tta-accordion vc_tta-color-sky vc_tta-style-modern vc_tta-shape-square vc_tta-spacing-5 vc_tta-gap-5 vc_tta-controls-align-default vc_tta-o-all-clickable vc_custom_1699432885045\"><div class=\"vc_tta-panels-container\"><div class=\"vc_tta-panels\"><div class=\"vc_tta-panel vc_active\" id=\"1688977405008-325586d2-25a2\" data-vc-content=\".vc_tta-panel-body\"><div class=\"vc_tta-panel-heading\"><h4 class=\"vc_tta-panel-title vc_tta-controls-icon-position-left\"><a href=\"#1688977405008-325586d2-25a2\" data-vc-accordion data-vc-container=\".vc_tta-container\"><span class=\"vc_tta-title-text\">Informaci\u00f3n adicional<\/span><i class=\"vc_tta-controls-icon vc_tta-controls-icon-plus\"><\/i><\/a><\/h4><\/div><div class=\"vc_tta-panel-body\">\n\t<div class=\"wpb_text_column wpb_content_element\" >\n\t\t<div class=\"wpb_wrapper\">\n\t\t\t<div id=\"footable_parent_5239\"\n         class=\"footable_parent ninja_table_wrapper loading_ninja_table wp_table_data_press_parent semantic_ui colored_table\">\n                <table data-ninja_table_instance=\"ninja_table_instance_0\" data-footable_id=\"5239\" data-filter-delay=\"1000\" aria-label=\"Haemowax (Cera de huesos est\u00e9ril) Informaci\u00f3n adicional\"            id=\"footable_5239\"\n           data-unique_identifier=\"ninja_table_unique_id_2814822326_5239\"\n           class=\"foo-table ninja_footable foo_table_5239 ninja_table_unique_id_2814822326_5239 ui table  nt_type_legacy_table celled striped compact vertical_centered ninja_custom_color inverted footable-paging-right ninjatable_hide_header_row ninja_table_search_disabled ninja_table_pro\">\n                <colgroup>\n                            <col class=\"ninja_column_0\">\n                            <col class=\"ninja_column_1\">\n                    <\/colgroup>\n        <thead>\n<tr class=\"footable-header\">\n                                        <th scope=\"col\"  class=\"ninja_column_0 ninja_clmn_nm_ninja_column_1\">Ninja Columna 1<\/th><th scope=\"col\"  class=\"ninja_column_1 ninja_clmn_nm_ninja_column_2\">Columna Ninja 2<\/th><\/tr>\n<\/thead>\n<tbody>\n\n        <tr data-row_id=\"1050\" class=\"ninja_table_row_0 nt_row_id_1050\">\n            <td>Material<\/td><td>Combinaci\u00f3n de cera de abejas, parafina dura y palmitato de isopropilo.<\/td>        <\/tr>\n            <tr data-row_id=\"1054\" class=\"ninja_table_row_1 nt_row_id_1054\">\n            <td>Color<\/td><td>Opaco <\/td>        <\/tr>\n            <tr data-row_id=\"1053\" class=\"ninja_table_row_2 nt_row_id_1053\">\n            <td>Absorci\u00f3n<\/td><td>Parcialmente absorbible<\/td>        <\/tr>\n            <tr data-row_id=\"1052\" class=\"ninja_table_row_3 nt_row_id_1052\">\n            <td>Peso<\/td><td>2.5gms<\/td>        <\/tr>\n            <tr data-row_id=\"1058\" class=\"ninja_table_row_4 nt_row_id_1058\">\n            <td>Esterilizaci\u00f3n<\/td><td>Radiaci\u00f3n gamma<\/td>        <\/tr>\n            <tr data-row_id=\"1056\" class=\"ninja_table_row_5 nt_row_id_1056\">\n            <td>Vida \u00fatil<\/td><td>5 a\u00f1os<\/td>        <\/tr>\n            <tr data-row_id=\"1057\" class=\"ninja_table_row_6 nt_row_id_1057\">\n            <td>Embalaje<\/td><td>En envases de papel de aluminio <\/td>        <\/tr>\n            <tr data-row_id=\"1049\" class=\"ninja_table_row_7 nt_row_id_1049\">\n            <td>Embalaje<\/td><td>Packed in 12\u2019s pieces per box as per the requirement. <\/td>        <\/tr>\n            <tr data-row_id=\"1055\" class=\"ninja_table_row_8 nt_row_id_1055\">\n            <td>MFG. N\u00ba LIC<\/td><td>MFG\/MD\/2020\/000109<\/td>        <\/tr>\n            <tr data-row_id=\"1051\" class=\"ninja_table_row_9 nt_row_id_1051\">\n            <td>OEM. LIC No<\/td><td>KA\/DEVICE\/MFG\/MD\/2020\/000109<\/td>        <\/tr>\n    <\/tbody><!--ninja_tobody_rendering_done-->\n    <\/table>\n    \n    \n    \n<\/div>\n\n\n\t\t<\/div>\n\t<\/div>\n<\/div><\/div><div class=\"vc_tta-panel\" id=\"1636352608080-a9d7016e-81d7\" data-vc-content=\".vc_tta-panel-body\"><div class=\"vc_tta-panel-heading\"><h4 class=\"vc_tta-panel-title vc_tta-controls-icon-position-left\"><a href=\"#1636352608080-a9d7016e-81d7\" data-vc-accordion data-vc-container=\".vc_tta-container\"><span class=\"vc_tta-title-text\">Folleto del producto:<\/span><i class=\"vc_tta-controls-icon vc_tta-controls-icon-plus\"><\/i><\/a><\/h4><\/div><div class=\"vc_tta-panel-body\"><div class=\"vc_icon_element vc_icon_element-outer vc_do_icon vc_icon_element-align-left vc_icon_element-have-style\"><div class=\"vc_icon_element-inner vc_icon_element-color-juicy_pink vc_icon_element-have-style-inner vc_icon_element-size-lg vc_icon_element-style-boxed vc_icon_element-background vc_icon_element-background-color-grey\" ><span class=\"vc_icon_element-icon fas fa-file-pdf\" ><\/span><a class=\"vc_icon_element-link\" href=\"https:\/\/drive.google.com\/file\/d\/119YBGqH-dR_h3_p3oqmMvOijo1q7DVP0\/view?usp=sharing\" title=\"\" target=\"_blank\" rel=\"noopener\"><\/a><\/div><\/div><\/div><\/div><div class=\"vc_tta-panel\" id=\"1606547772236-f2a93d01-6a6c\" data-vc-content=\".vc_tta-panel-body\"><div class=\"vc_tta-panel-heading\"><h4 class=\"vc_tta-panel-title vc_tta-controls-icon-position-left\"><a href=\"#1606547772236-f2a93d01-6a6c\" data-vc-accordion data-vc-container=\".vc_tta-container\"><span class=\"vc_tta-title-text\">Solicitar presupuesto instant\u00e1neo<\/span><i class=\"vc_tta-controls-icon vc_tta-controls-icon-plus\"><\/i><\/a><\/h4><\/div><div class=\"vc_tta-panel-body\">\n\t<div class=\"wpb_text_column wpb_content_element\" >\n\t\t<div class=\"wpb_wrapper\">\n\t\t\t<div class=\"wpforms-container wpforms-container-full\" id=\"wpforms-3243\"><form id=\"wpforms-form-3243\" class=\"wpforms-validate wpforms-form\" data-formid=\"3243\" method=\"post\" enctype=\"multipart\/form-data\" action=\"\/es\/wp-json\/wp\/v2\/pages\/1927\" data-token=\"f8c7b2c4b5ddee60f9a43917cc806620\" data-token-time=\"1777308122\" data-trp-original-action=\"\/es\/wp-json\/wp\/v2\/pages\/1927\"><noscript class=\"wpforms-error-noscript\">Por favor, active JavaScript en su navegador para completar este formulario.<\/noscript><div class=\"wpforms-field-container\"><div id=\"wpforms-3243-field_15-container\" class=\"wpforms-field wpforms-field-layout\" data-field-id=\"15\"><div class=\"wpforms-field-layout-columns wpforms-field-layout-preset-50-50\"><div class=\"wpforms-layout-column wpforms-layout-column-50\" ><div id=\"wpforms-3243-field_0-container\" class=\"wpforms-field wpforms-field-name\" data-field-id=\"0\"><label class=\"wpforms-field-label\" for=\"wpforms-3243-field_0\">Nombre <span class=\"wpforms-required-label\">*<\/span><\/label><input type=\"text\" id=\"wpforms-3243-field_0\" class=\"wpforms-field-large wpforms-field-required\" name=\"wpforms[fields][0]\" required><\/div><\/div><div class=\"wpforms-layout-column wpforms-layout-column-50\" ><div id=\"wpforms-3243-field_2-container\" class=\"wpforms-field wpforms-field-email\" data-field-id=\"2\"><label class=\"wpforms-field-label\" for=\"wpforms-3243-field_2\">Correo electr\u00f3nico <span class=\"wpforms-required-label\">*<\/span><\/label><input type=\"email\" id=\"wpforms-3243-field_2\" class=\"wpforms-field-large wpforms-field-required\" name=\"wpforms[fields][2]\" spellcheck=\"false\" required><\/div><\/div><\/div><\/div><div id=\"wpforms-3243-field_14-container\" class=\"wpforms-field wpforms-field-layout\" data-field-id=\"14\"><div class=\"wpforms-field-layout-columns wpforms-field-layout-preset-50-50\"><div class=\"wpforms-layout-column wpforms-layout-column-50\" ><div id=\"wpforms-3243-field_7-container\" class=\"wpforms-field wpforms-field-text\" data-field-id=\"7\"><label class=\"wpforms-field-label\" for=\"wpforms-3243-field_7\">Pa\u00eds <span class=\"wpforms-required-label\">*<\/span><\/label><input type=\"text\" id=\"wpforms-3243-field_7\" class=\"wpforms-field-large wpforms-field-required\" name=\"wpforms[fields][7]\" required><\/div><\/div><div class=\"wpforms-layout-column wpforms-layout-column-50\" ><div id=\"wpforms-3243-field_11-container\" class=\"wpforms-field wpforms-field-phone\" data-field-id=\"11\"><label class=\"wpforms-field-label\" for=\"wpforms-3243-field_11\">Tel\u00e9fono <span class=\"wpforms-required-label\">*<\/span><\/label><input type=\"tel\" id=\"wpforms-3243-field_11\" class=\"wpforms-field-large wpforms-field-required wpforms-smart-phone-field\" data-rule-smart-phone-field=\"true\" name=\"wpforms[fields][11]\" aria-label=\"Tel\u00e9fono\" required><\/div><\/div><\/div><\/div><div id=\"wpforms-3243-field_20-container\" class=\"wpforms-field wpforms-field-text\" data-field-id=\"20\"><label class=\"wpforms-field-label\" for=\"wpforms-3243-field_20\">Company Name<\/label><input type=\"text\" id=\"wpforms-3243-field_20\" class=\"wpforms-field-large\" name=\"wpforms[fields][20]\" ><\/div><div id=\"wpforms-3243-field_4-container\" class=\"wpforms-field wpforms-field-textarea\" data-field-id=\"4\"><label class=\"wpforms-field-label\" for=\"wpforms-3243-field_4\">\u00a1Mensaje! <span class=\"wpforms-required-label\">*<\/span><\/label><textarea id=\"wpforms-3243-field_4\" class=\"wpforms-field-medium wpforms-field-required\" name=\"wpforms[fields][4]\" required><\/textarea><\/div><\/div><!-- .wpforms-field-container --><div class=\"wpforms-recaptcha-container wpforms-is-recaptcha wpforms-is-recaptcha-type-v3\" ><input type=\"hidden\" name=\"wpforms[recaptcha]\" value=\"\"><\/div><div class=\"wpforms-submit-container\" ><input type=\"hidden\" name=\"wpforms[id]\" value=\"3243\"><input type=\"hidden\" name=\"page_title\" value=\"\"><input type=\"hidden\" name=\"page_url\" value=\"https:\/\/www.universalsutures.com\/es\/wp-json\/wp\/v2\/pages\/1927\"><input type=\"hidden\" name=\"url_referer\" value=\"\"><button type=\"submit\" name=\"wpforms[submit]\" id=\"wpforms-submit-3243\" class=\"wpforms-submit\" data-alt-text=\"Sending...\" data-submit-text=\"Submit\" aria-live=\"assertive\" value=\"wpforms-submit\">Enviar<\/button><\/div><input type=\"hidden\" name=\"trp-form-language\" value=\"es\"\/><\/form><\/div>  <!-- .wpforms-container -->\n\n\t\t<\/div>\n\t<\/div>\n<\/div><\/div><\/div><\/div><\/div><\/div><\/div><\/div><\/div><\/div>\n<\/div>","protected":false},"excerpt":{"rendered":"<p>Surgical Bone Wax 2.5g (HAEMOWAX)Surgical Bone wax is mixture of beeswax, hard paraffin wax and Isopropyl palmitate. It is opaque and has a waxy odour. It is available in individual foils of 2.5g and sterilized by Gamma radiation. Packet should be open just prior to surgery to minimize the possibility of contamination and excessive drying&hellip;<\/p>","protected":false},"author":1,"featured_media":2486,"parent":1072,"menu_order":0,"comment_status":"closed","ping_status":"closed","template":"","meta":{"footnotes":""},"class_list":["post-1927","page","type-page","status-publish","has-post-thumbnail","hentry","description-off"],"_links":{"self":[{"href":"https:\/\/www.universalsutures.com\/es\/wp-json\/wp\/v2\/pages\/1927","targetHints":{"allow":["GET"]}}],"collection":[{"href":"https:\/\/www.universalsutures.com\/es\/wp-json\/wp\/v2\/pages"}],"about":[{"href":"https:\/\/www.universalsutures.com\/es\/wp-json\/wp\/v2\/types\/page"}],"author":[{"embeddable":true,"href":"https:\/\/www.universalsutures.com\/es\/wp-json\/wp\/v2\/users\/1"}],"replies":[{"embeddable":true,"href":"https:\/\/www.universalsutures.com\/es\/wp-json\/wp\/v2\/comments?post=1927"}],"version-history":[{"count":0,"href":"https:\/\/www.universalsutures.com\/es\/wp-json\/wp\/v2\/pages\/1927\/revisions"}],"up":[{"embeddable":true,"href":"https:\/\/www.universalsutures.com\/es\/wp-json\/wp\/v2\/pages\/1072"}],"wp:featuredmedia":[{"embeddable":true,"href":"https:\/\/www.universalsutures.com\/es\/wp-json\/wp\/v2\/media\/2486"}],"wp:attachment":[{"href":"https:\/\/www.universalsutures.com\/es\/wp-json\/wp\/v2\/media?parent=1927"}],"curies":[{"name":"wp","href":"https:\/\/api.w.org\/{rel}","templated":true}]}}