{"id":3312,"date":"2020-09-23T15:55:06","date_gmt":"2020-09-23T10:25:06","guid":{"rendered":"https:\/\/www.universalsutures.com\/?page_id=3312"},"modified":"2025-09-12T15:04:46","modified_gmt":"2025-09-12T09:34:46","slug":"sutura-de-lazo","status":"publish","type":"page","link":"https:\/\/www.universalsutures.com\/es\/productos\/sutura-de-lazo\/","title":{"rendered":"Pre-Knotted Endo Loop Suture &#8211; UNILOOP"},"content":{"rendered":"<div class=\"wpb-content-wrapper\"><div class=\"vc_row wpb_row vc_row-fluid\"><div class=\"wpb_column vc_column_container vc_col-sm-12\"><div class=\"vc_column-inner\"><div class=\"wpb_wrapper\"><style type=\"text\/css\" data-type=\"the7_shortcodes-inline-css\">.shortcode-single-image-wrap.shortcode-single-image-6210580eaf47f11db2a7fbc90b0ab951.enable-bg-rollover .rollover i,\n.shortcode-single-image-wrap.shortcode-single-image-6210580eaf47f11db2a7fbc90b0ab951.enable-bg-rollover .rollover-video i {\n  background: -webkit-linear-gradient();\n  background: linear-gradient();\n}\n.shortcode-single-image-wrap.shortcode-single-image-6210580eaf47f11db2a7fbc90b0ab951 .rollover-icon {\n  font-size: 32px;\n  color: #ffffff;\n  min-width: 44px;\n  min-height: 44px;\n  line-height: 44px;\n  border-radius: 100px;\n  border-style: solid;\n  border-width: 0px;\n}\n.dt-icon-bg-on.shortcode-single-image-wrap.shortcode-single-image-6210580eaf47f11db2a7fbc90b0ab951 .rollover-icon {\n  background: rgba(255,255,255,0.3);\n  box-shadow: none;\n}<\/style><div class=\"shortcode-single-image-wrap shortcode-single-image-6210580eaf47f11db2a7fbc90b0ab951 alignnone  enable-bg-rollover dt-icon-bg-off\" style=\"margin-top:0px; margin-bottom:0px; margin-left:0px; margin-right:0px; width:1000px;\"><div class=\"shortcode-single-image\"><div class=\"fancy-media-wrap\" style=\"\"><a class=\"layzr-bg rollover rollover-zoom dt-pswp-item pswp-image\" href=\"https:\/\/www.universalsutures.com\/wp-content\/uploads\/2020\/09\/Loop-Suture.jpg\" title=\"Endo Loop Suture\" data-dt-img-description=\"\" data-large_image_width=\"1500\" data-large_image_height = \"930\"  style=\"\"><img fetchpriority=\"high\" decoding=\"async\" class=\"preload-me lazy-load aspect\" src=\"data:image\/svg+xml,%3Csvg%20xmlns%3D&#039;http%3A%2F%2Fwww.w3.org%2F2000%2Fsvg&#039;%20viewBox%3D&#039;0%200%201000%20550&#039;%2F%3E\" data-src=\"https:\/\/www.universalsutures.com\/wp-content\/uploads\/2020\/09\/Loop-Suture-1000x550.jpg\" data-srcset=\"https:\/\/www.universalsutures.com\/wp-content\/uploads\/2020\/09\/Loop-Suture-1000x550.jpg 1000w, https:\/\/www.universalsutures.com\/wp-content\/uploads\/2020\/09\/Loop-Suture-1500x825.jpg 1500w\" loading=\"eager\" style=\"--ratio: 1000 \/ 550\" sizes=\"(max-width: 1000px) 100vw, 1000px\" width=\"1000\" height=\"550\" data-dt-location=\"https:\/\/www.universalsutures.com\/es\/productos\/sutura-de-lazo\/attachment\/loop-suture-2\/\" alt=\"Endo Loop Suture\" title=\"\"><\/a><\/div><\/div><\/div><div id=\"ultimate-heading-578669ef57d927a50\" class=\"uvc-heading ult-adjust-bottom-margin ultimate-heading-578669ef57d927a50 uvc-3416\" data-hspacer=\"line_only\"  data-halign=\"left\" style=\"text-align:left\"><div class=\"uvc-main-heading ult-responsive\"  data-ultimate-target='.uvc-heading.ultimate-heading-578669ef57d927a50 h2'  data-responsive-json-new='{\"font-size\":\"desktop:35px;\",\"line-height\":\"desktop:45px;\"}' ><h2 style=\"font-weight:bold;color:#1f365c;margin-top:20px;\">CATGUT CHROMIC ENDO LOOP SUTURE<\/h2><\/div><div class=\"uvc-sub-heading ult-responsive\"  data-ultimate-target='.uvc-heading.ultimate-heading-578669ef57d927a50 .uvc-sub-heading '  data-responsive-json-new='{\"font-size\":\"desktop:22px;\",\"line-height\":\"desktop:28px;\"}'  style=\"font-weight:normal;color:#ffb536;margin-top:7px;\">Sutura Quir\u00fargica Absorbible U.S.P.<\/div><div class=\"uvc-heading-spacer line_only\" style=\"margin-top:15px;margin-bottom:15px;height:0.5px;\"><span class=\"uvc-headings-line\" style=\"border-style:solid;border-bottom-width:0.5px;border-color:#337ab7;width:autopx;\"><\/span><\/div><\/div>\n\t<div class=\"wpb_text_column wpb_content_element  vc_custom_1757669332736\" >\n\t\t<div class=\"wpb_wrapper\">\n\t\t\t<p style=\"text-align: justify;\">Endo Loop Suture is natural surgical gut suture made by twisting together strand of Collagenous material taken from the submucosal layers of the small intestine of healthy sheep and goat. The chromic suture is processed to provide higher resistance to absorption and treated with chromic salts to delay absorption. Endo Loop Suture is formed in a ligature loop with knot, and it meets all the requirements as per the United States Pharmacopeia for Natural Absorbable Suture.<\/p>\n\n\t\t<\/div>\n\t<\/div>\n<div id=\"ultimate-heading-352869ef57d927db5\" class=\"uvc-heading ult-adjust-bottom-margin ultimate-heading-352869ef57d927db5 uvc-2327\" data-hspacer=\"no_spacer\"  data-halign=\"left\" style=\"text-align:left\"><div class=\"uvc-heading-spacer no_spacer\" style=\"top\"><\/div><div class=\"uvc-main-heading ult-responsive\"  data-ultimate-target='.uvc-heading.ultimate-heading-352869ef57d927db5 h2'  data-responsive-json-new='{\"font-size\":\"desktop:30px;\",\"line-height\":\"desktop:35px;\"}' ><h2 style=\"font-weight:bold;color:#1f365c;margin-bottom:15px;\">Indications of Endo Loop Suture<\/h2><\/div><\/div><div class=\"standard-arrow list-divider bullet-top\"><p style=\"text-align: justify;\">Las ligaduras Uniloop facilitan la ligadura de ped\u00edculos en procedimientos laparosc\u00f3picos y est\u00e1n pensadas para su uso en apendicectom\u00eda, colecistectom\u00eda y otras cirug\u00edas. Especialmente dise\u00f1ados para facilitar su manejo. Ofrece un procedimiento de ligadura r\u00e1pido.<\/p>\n<\/div><div id=\"ultimate-heading-849769ef57d927ec6\" class=\"uvc-heading ult-adjust-bottom-margin ultimate-heading-849769ef57d927ec6 uvc-4379\" data-hspacer=\"no_spacer\"  data-halign=\"left\" style=\"text-align:left\"><div class=\"uvc-heading-spacer no_spacer\" style=\"top\"><\/div><div class=\"uvc-main-heading ult-responsive\"  data-ultimate-target='.uvc-heading.ultimate-heading-849769ef57d927ec6 h2'  data-responsive-json-new='{\"font-size\":\"desktop:30px;\",\"line-height\":\"desktop:35px;\"}' ><h2 style=\"font-weight:bold;color:#1f365c;margin-bottom:15px;\">Aplicaciones:<\/h2><\/div><\/div><div class=\"standard-arrow list-divider bullet-top\"><p style=\"text-align: justify;\">Endo loop suture consists of a long ligature in a PP tube that is narrow at one end and scored at the other, where suture is attached and is formed in a ligature loop with a knot. Once the ligature is in place, the scored end is simply snapped and pulled upward to tighten the loop and secure the knot.<\/p>\n<blockquote><p>\n<strong>Almacenamiento:<\/strong> Recommended storage conditions is below 30\u00b0C, away from moisture and direct sunlight\/heat. Do not use after the expiry date.\n<\/p><\/blockquote>\n<\/div><div class=\"vc_tta-container\" data-vc-action=\"collapseAll\"><div class=\"vc_general vc_tta vc_tta-accordion vc_tta-color-sky vc_tta-style-modern vc_tta-shape-square vc_tta-spacing-5 vc_tta-gap-5 vc_tta-controls-align-default vc_tta-o-all-clickable vc_custom_1707805481890\"><div class=\"vc_tta-panels-container\"><div class=\"vc_tta-panels\"><div class=\"vc_tta-panel vc_active\" id=\"1635796266468-b54f89d4-9dcd\" data-vc-content=\".vc_tta-panel-body\"><div class=\"vc_tta-panel-heading\"><h4 class=\"vc_tta-panel-title vc_tta-controls-icon-position-left\"><a href=\"#1635796266468-b54f89d4-9dcd\" data-vc-accordion data-vc-container=\".vc_tta-container\"><span class=\"vc_tta-title-text\">C\u00f3digo y talla del producto:<\/span><i class=\"vc_tta-controls-icon vc_tta-controls-icon-plus\"><\/i><\/a><\/h4><\/div><div class=\"vc_tta-panel-body\"><div class=\"standard-arrow list-divider bullet-top\"><p>Suturas de varias longitudes y calibres de USP 6-0 a 1, disponibles en cajas de seis unidades.<\/p>\n<ul>\n<li><strong>C\u00f3digo n<\/strong> UL2215<\/li>\n<li><strong>Sutura USP Tama\u00f1o:<\/strong> 1<\/li>\n<li><strong>Longitud de la sutura:<\/strong> 50 cm<\/li>\n<li><strong>Descripci\u00f3n:<\/strong> Sin aguja<\/li>\n<\/ul>\n<\/div><div class=\"vc_btn3-container  wpb_animate_when_almost_visible wpb_zoomIn zoomIn vc_btn3-left\" ><a class=\"vc_general vc_btn3 vc_btn3-size-lg vc_btn3-shape-rounded vc_btn3-style-modern vc_btn3-block vc_btn3-icon-left vc_btn3-color-green\" href=\"https:\/\/www.universalsutures.com\/es\/productos\/solicitar-presupuesto-instantaneo\/\" title=\"SOLICITAR PRESUPUESTO\"><i class=\"vc_btn3-icon fas fa-share\"><\/i> SOLICITAR PRESUPUESTO INSTANT\u00c1NEO<\/a><\/div><\/div><\/div><div class=\"vc_tta-panel\" id=\"1688976955748-6e08411c-2baa\" data-vc-content=\".vc_tta-panel-body\"><div class=\"vc_tta-panel-heading\"><h4 class=\"vc_tta-panel-title vc_tta-controls-icon-position-left\"><a href=\"#1688976955748-6e08411c-2baa\" data-vc-accordion data-vc-container=\".vc_tta-container\"><span class=\"vc_tta-title-text\">Informaci\u00f3n adicional<\/span><i class=\"vc_tta-controls-icon vc_tta-controls-icon-plus\"><\/i><\/a><\/h4><\/div><div class=\"vc_tta-panel-body\">\n\t<div class=\"wpb_text_column wpb_content_element\" >\n\t\t<div class=\"wpb_wrapper\">\n\t\t\t<div id=\"footable_parent_4570\"\n         class=\"footable_parent ninja_table_wrapper loading_ninja_table wp_table_data_press_parent semantic_ui colored_table\">\n                <table data-ninja_table_instance=\"ninja_table_instance_0\" data-footable_id=\"4570\" data-filter-delay=\"1000\" aria-label=\"Sutura de lazo (Informaci\u00f3n adicional)\"            id=\"footable_4570\"\n           data-unique_identifier=\"ninja_table_unique_id_2429954605_4570\"\n           class=\"foo-table ninja_footable foo_table_4570 ninja_table_unique_id_2429954605_4570 ui table  nt_type_legacy_table celled striped compact vertical_centered ninja_custom_color inverted footable-paging-right ninjatable_hide_header_row ninja_table_search_disabled ninja_table_pro\">\n                <colgroup>\n                            <col class=\"ninja_column_0\">\n                            <col class=\"ninja_column_1\">\n                    <\/colgroup>\n        <thead>\n<tr class=\"footable-header\">\n                                        <th scope=\"col\"  class=\"ninja_column_0 ninja_clmn_nm_ninja_column_1\">Ninja Columna 1<\/th><th scope=\"col\"  class=\"ninja_column_1 ninja_clmn_nm_ninja_column_2\">Columna Ninja 2<\/th><\/tr>\n<\/thead>\n<tbody>\n\n        <tr data-row_id=\"698\" class=\"ninja_table_row_0 nt_row_id_698\">\n            <td>Caracter\u00edsticas<\/td><td>Sutura quir\u00fargica natural absorbible<\/td>        <\/tr>\n            <tr data-row_id=\"699\" class=\"ninja_table_row_1 nt_row_id_699\">\n            <td>Tipo<\/td><td>Se trata de una estructura multifilamento retorcida con aspecto de monofilamento.<\/td>        <\/tr>\n            <tr data-row_id=\"700\" class=\"ninja_table_row_2 nt_row_id_700\">\n            <td>Material<\/td><td>Catgut Cr\u00f3mico<\/td>        <\/tr>\n            <tr data-row_id=\"701\" class=\"ninja_table_row_3 nt_row_id_701\">\n            <td>Color<\/td><td>Marr\u00f3n<\/td>        <\/tr>\n            <tr data-row_id=\"702\" class=\"ninja_table_row_4 nt_row_id_702\">\n            <td>Soporte para heridas<\/td><td>De 14 a 21 d\u00edas<\/td>        <\/tr>\n            <tr data-row_id=\"703\" class=\"ninja_table_row_5 nt_row_id_703\">\n            <td>Absorci\u00f3n<\/td><td>La absorci\u00f3n se produce a trav\u00e9s de un mecanismo enzim\u00e1tico y se absorbe por completo en un plazo de 90 a 120 d\u00edas.<\/td>        <\/tr>\n            <tr data-row_id=\"704\" class=\"ninja_table_row_6 nt_row_id_704\">\n            <td>Resistencia a la tracci\u00f3n<\/td><td>La resistencia inicial a la tracci\u00f3n dura entre 14 y 21 d\u00edas<\/td>        <\/tr>\n            <tr data-row_id=\"705\" class=\"ninja_table_row_7 nt_row_id_705\">\n            <td>Gama USP<\/td><td>Talla 1, Ligadura de lazo preanudado 50cms. <\/td>        <\/tr>\n            <tr data-row_id=\"706\" class=\"ninja_table_row_8 nt_row_id_706\">\n            <td>Esterilizaci\u00f3n<\/td><td>Esterilizado por radiaci\u00f3n (radiaci\u00f3n gamma). <\/td>        <\/tr>\n            <tr data-row_id=\"707\" class=\"ninja_table_row_9 nt_row_id_707\">\n            <td>Vida \u00fatil<\/td><td>5 a\u00f1os<\/td>        <\/tr>\n            <tr data-row_id=\"708\" class=\"ninja_table_row_10 nt_row_id_708\">\n            <td>Caracter\u00edsticas del producto<\/td><td>Excelente resistencia a la tracci\u00f3n, Excelente anudado, M\u00ednima reacci\u00f3n tisular<\/td>        <\/tr>\n            <tr data-row_id=\"709\" class=\"ninja_table_row_11 nt_row_id_709\">\n            <td>Embalaje<\/td><td>Envasado en cajas de 6 unidades<\/td>        <\/tr>\n            <tr data-row_id=\"710\" class=\"ninja_table_row_12 nt_row_id_710\">\n            <td>Tipo de aguja<\/td><td>Cuerpo redondo, filo cortante, punta c\u00f3nica, recto, corte inverso. <\/td>        <\/tr>\n            <tr data-row_id=\"711\" class=\"ninja_table_row_13 nt_row_id_711\">\n            <td>MFG. N\u00ba LIC<\/td><td>MFG\/MD\/2020\/000109 <\/td>        <\/tr>\n            <tr data-row_id=\"712\" class=\"ninja_table_row_14 nt_row_id_712\">\n            <td>OEM. LIC No<\/td><td>KA\/DEVICE\/MFG\/MD\/2020\/000109  <\/td>        <\/tr>\n    <\/tbody><!--ninja_tobody_rendering_done-->\n    <\/table>\n    \n    \n    \n<\/div>\n\n\n\t\t<\/div>\n\t<\/div>\n<\/div><\/div><div class=\"vc_tta-panel\" id=\"1636352608080-a9d7016e-81d7\" data-vc-content=\".vc_tta-panel-body\"><div class=\"vc_tta-panel-heading\"><h4 class=\"vc_tta-panel-title vc_tta-controls-icon-position-left\"><a href=\"#1636352608080-a9d7016e-81d7\" data-vc-accordion data-vc-container=\".vc_tta-container\"><span class=\"vc_tta-title-text\">Folleto del producto:<\/span><i class=\"vc_tta-controls-icon vc_tta-controls-icon-plus\"><\/i><\/a><\/h4><\/div><div class=\"vc_tta-panel-body\"><div class=\"vc_icon_element vc_icon_element-outer vc_do_icon vc_icon_element-align-left vc_icon_element-have-style\"><div class=\"vc_icon_element-inner vc_icon_element-color-juicy_pink vc_icon_element-have-style-inner vc_icon_element-size-lg vc_icon_element-style-boxed vc_icon_element-background vc_icon_element-background-color-grey\" ><span class=\"vc_icon_element-icon fas fa-file-pdf\" ><\/span><a class=\"vc_icon_element-link\" href=\"https:\/\/drive.google.com\/file\/d\/1gfK1H-DZa27saaC2Gtd8HJORe6Z3IEQn\/view?usp=sharing\" title=\"\" target=\"_blank\" rel=\"noopener\"><\/a><\/div><\/div><\/div><\/div><div class=\"vc_tta-panel\" id=\"1639568515101-18c97d34-465d\" data-vc-content=\".vc_tta-panel-body\"><div class=\"vc_tta-panel-heading\"><h4 class=\"vc_tta-panel-title vc_tta-controls-icon-position-left\"><a href=\"#1639568515101-18c97d34-465d\" data-vc-accordion data-vc-container=\".vc_tta-container\"><span class=\"vc_tta-title-text\">Modo de acci\u00f3n:<\/span><i class=\"vc_tta-controls-icon vc_tta-controls-icon-plus\"><\/i><\/a><\/h4><\/div><div class=\"vc_tta-panel-body\">\n\t<div class=\"wpb_text_column wpb_content_element\" >\n\t\t<div class=\"wpb_wrapper\">\n\t\t\t<p style=\"text-align: justify;\">Loop Suture evoca un <a href=\"https:\/\/www.sciencedirect.com\/topics\/medicine-and-dentistry\/tissue-reaction\" target=\"_blank\" rel=\"noopener noreferrer\">reacci\u00f3n inflamatoria m\u00ednima<\/a> en los tejidos debido a la respuesta de cuerpo extra\u00f1o. UNILOOP pierde gradualmente resistencia a la tracci\u00f3n y finalmente es absorbido por el proceso digestivo enzim\u00e1tico proteol\u00edtico. Se conserva una resistencia a la tracci\u00f3n significativa hasta los 10 a 14 d\u00edas iniciales y cierta resistencia mensurable hasta los 21 d\u00edas.<\/p>\n<p style=\"text-align: justify;\">La absorci\u00f3n completa de la sutura UNILOOP tiene lugar entre 90 y 100 d\u00edas. Debido a la variabilidad inherente al material natural, la p\u00e9rdida de resistencia a la tracci\u00f3n y la tasa de absorci\u00f3n var\u00edan. La infecci\u00f3n y los sitios de los tejidos pueden afectar a la p\u00e9rdida de resistencia a la tracci\u00f3n y a la tasa de absorci\u00f3n.<\/p>\n<p style=\"text-align: justify;\">UNILOOP se absorbe m\u00e1s r\u00e1pidamente en los tejidos infectados que en los no infectados y en los que presentan niveles elevados de enzimas proteol\u00edticas, como las secreciones del est\u00f3mago, el cuello uterino y la vagina.<\/p>\n\n\t\t<\/div>\n\t<\/div>\n<\/div><\/div><div class=\"vc_tta-panel\" id=\"1639568537086-d7e5cee7-c9c3\" data-vc-content=\".vc_tta-panel-body\"><div class=\"vc_tta-panel-heading\"><h4 class=\"vc_tta-panel-title vc_tta-controls-icon-position-left\"><a href=\"#1639568537086-d7e5cee7-c9c3\" data-vc-accordion data-vc-container=\".vc_tta-container\"><span class=\"vc_tta-title-text\">T\u00e9cnica quir\u00fargica<\/span><i class=\"vc_tta-controls-icon vc_tta-controls-icon-plus\"><\/i><\/a><\/h4><\/div><div class=\"vc_tta-panel-body\">\n\t<div class=\"wpb_text_column wpb_content_element\" >\n\t\t<div class=\"wpb_wrapper\">\n\t\t\t<p style=\"text-align: justify;\">El Uniloop es un sencillo dispositivo de endosutura dise\u00f1ado para ligar tejido con un nudo corredizo en bucle. Actualmente est\u00e1 disponible en varios tama\u00f1os y materiales de sutura. El bucle puede colocarse con precisi\u00f3n alrededor de los ped\u00edculos tisulares y los vasos sangu\u00edneos. La ligadura y la hemostasia pueden llevarse a cabo ya que el bucle se contraer\u00e1 alrededor del tejido y se fijar\u00e1 en su lugar con la ayuda de un empujador de nudos PP.<\/p>\n<p style=\"text-align: justify;\">Las ventajas de esta t\u00e9cnica son la relativa facilidad de uso, la precisi\u00f3n y la excelente hemostasia. Siempre se debe considerar el uso de un Uniloop cuando se intente controlar una hemorragia. A diferencia del electrocauterio o las pinzas met\u00e1licas, el Uniloop, cuando se aplica, no causa lesiones t\u00e9rmicas laterales ni traumatismos en el tejido circundante.<\/p>\n\n\t\t<\/div>\n\t<\/div>\n<\/div><\/div><div class=\"vc_tta-panel\" id=\"1639568571014-65a95a1e-5c37\" data-vc-content=\".vc_tta-panel-body\"><div class=\"vc_tta-panel-heading\"><h4 class=\"vc_tta-panel-title vc_tta-controls-icon-position-left\"><a href=\"#1639568571014-65a95a1e-5c37\" data-vc-accordion data-vc-container=\".vc_tta-container\"><span class=\"vc_tta-title-text\">Ventajas para m\u00e9dicos y pacientes<\/span><i class=\"vc_tta-controls-icon vc_tta-controls-icon-plus\"><\/i><\/a><\/h4><\/div><div class=\"vc_tta-panel-body\"><div class=\"standard-arrow list-divider bullet-top\"><p style=\"text-align: justify;\">El UNILOOP consiste en una ligadura en un tubo de PP que es estrecho en un extremo y ranurado en el otro, donde se fija. La sutura se forma en un bucle de ligadura con un nudo. Una vez que la ligadura est\u00e1 colocada, el extremo marcado simplemente se encaja y se tira hacia arriba para apretar el bucle y asegurar el nudo. De este modo, los cirujanos pueden utilizar UNILOOP de forma elegante, sencilla y eficaz.<\/p>\n<\/div><div class=\"standard-arrow list-divider bullet-top\"><p>UNILOOP como dispositivo est\u00e1ndar para procedimientos laparosc\u00f3picos conlleva una reducci\u00f3n marginal de los costes intraoperatorios sin aumentar los resultados negativos.<\/p>\n<\/div><\/div><\/div><div class=\"vc_tta-panel\" id=\"1606547772236-f2a93d01-6a6c\" data-vc-content=\".vc_tta-panel-body\"><div class=\"vc_tta-panel-heading\"><h4 class=\"vc_tta-panel-title vc_tta-controls-icon-position-left\"><a href=\"#1606547772236-f2a93d01-6a6c\" data-vc-accordion data-vc-container=\".vc_tta-container\"><span class=\"vc_tta-title-text\">Solicitar presupuesto instant\u00e1neo<\/span><i class=\"vc_tta-controls-icon vc_tta-controls-icon-plus\"><\/i><\/a><\/h4><\/div><div class=\"vc_tta-panel-body\">\n\t<div class=\"wpb_text_column wpb_content_element\" >\n\t\t<div class=\"wpb_wrapper\">\n\t\t\t<div class=\"wpforms-container wpforms-container-full\" id=\"wpforms-3243\"><form id=\"wpforms-form-3243\" class=\"wpforms-validate wpforms-form\" data-formid=\"3243\" method=\"post\" enctype=\"multipart\/form-data\" action=\"\/es\/wp-json\/wp\/v2\/pages\/3312\" data-token=\"f8c7b2c4b5ddee60f9a43917cc806620\" data-token-time=\"1777293273\" data-trp-original-action=\"\/es\/wp-json\/wp\/v2\/pages\/3312\"><noscript class=\"wpforms-error-noscript\">Por favor, active JavaScript en su navegador para completar este formulario.<\/noscript><div class=\"wpforms-field-container\"><div id=\"wpforms-3243-field_15-container\" class=\"wpforms-field wpforms-field-layout\" data-field-id=\"15\"><div class=\"wpforms-field-layout-columns wpforms-field-layout-preset-50-50\"><div class=\"wpforms-layout-column wpforms-layout-column-50\" ><div id=\"wpforms-3243-field_0-container\" class=\"wpforms-field wpforms-field-name\" data-field-id=\"0\"><label class=\"wpforms-field-label\" for=\"wpforms-3243-field_0\">Nombre <span class=\"wpforms-required-label\">*<\/span><\/label><input type=\"text\" id=\"wpforms-3243-field_0\" class=\"wpforms-field-large wpforms-field-required\" name=\"wpforms[fields][0]\" required><\/div><\/div><div class=\"wpforms-layout-column wpforms-layout-column-50\" ><div id=\"wpforms-3243-field_2-container\" class=\"wpforms-field wpforms-field-email\" data-field-id=\"2\"><label class=\"wpforms-field-label\" for=\"wpforms-3243-field_2\">Correo electr\u00f3nico <span class=\"wpforms-required-label\">*<\/span><\/label><input type=\"email\" id=\"wpforms-3243-field_2\" class=\"wpforms-field-large wpforms-field-required\" name=\"wpforms[fields][2]\" spellcheck=\"false\" required><\/div><\/div><\/div><\/div><div id=\"wpforms-3243-field_14-container\" class=\"wpforms-field wpforms-field-layout\" data-field-id=\"14\"><div class=\"wpforms-field-layout-columns wpforms-field-layout-preset-50-50\"><div class=\"wpforms-layout-column wpforms-layout-column-50\" ><div id=\"wpforms-3243-field_7-container\" class=\"wpforms-field wpforms-field-text\" data-field-id=\"7\"><label class=\"wpforms-field-label\" for=\"wpforms-3243-field_7\">Pa\u00eds <span class=\"wpforms-required-label\">*<\/span><\/label><input type=\"text\" id=\"wpforms-3243-field_7\" class=\"wpforms-field-large wpforms-field-required\" name=\"wpforms[fields][7]\" required><\/div><\/div><div class=\"wpforms-layout-column wpforms-layout-column-50\" ><div id=\"wpforms-3243-field_11-container\" class=\"wpforms-field wpforms-field-phone\" data-field-id=\"11\"><label class=\"wpforms-field-label\" for=\"wpforms-3243-field_11\">Tel\u00e9fono <span class=\"wpforms-required-label\">*<\/span><\/label><input type=\"tel\" id=\"wpforms-3243-field_11\" class=\"wpforms-field-large wpforms-field-required wpforms-smart-phone-field\" data-rule-smart-phone-field=\"true\" name=\"wpforms[fields][11]\" aria-label=\"Tel\u00e9fono\" required><\/div><\/div><\/div><\/div><div id=\"wpforms-3243-field_20-container\" class=\"wpforms-field wpforms-field-text\" data-field-id=\"20\"><label class=\"wpforms-field-label\" for=\"wpforms-3243-field_20\">Company Name<\/label><input type=\"text\" id=\"wpforms-3243-field_20\" class=\"wpforms-field-large\" name=\"wpforms[fields][20]\" ><\/div><div id=\"wpforms-3243-field_4-container\" class=\"wpforms-field wpforms-field-textarea\" data-field-id=\"4\"><label class=\"wpforms-field-label\" for=\"wpforms-3243-field_4\">\u00a1Mensaje! <span class=\"wpforms-required-label\">*<\/span><\/label><textarea id=\"wpforms-3243-field_4\" class=\"wpforms-field-medium wpforms-field-required\" name=\"wpforms[fields][4]\" required><\/textarea><\/div><\/div><!-- .wpforms-field-container --><div class=\"wpforms-recaptcha-container wpforms-is-recaptcha wpforms-is-recaptcha-type-v3\" ><input type=\"hidden\" name=\"wpforms[recaptcha]\" value=\"\"><\/div><div class=\"wpforms-submit-container\" ><input type=\"hidden\" name=\"wpforms[id]\" value=\"3243\"><input type=\"hidden\" name=\"page_title\" value=\"\"><input type=\"hidden\" name=\"page_url\" value=\"https:\/\/www.universalsutures.com\/es\/wp-json\/wp\/v2\/pages\/3312\"><input type=\"hidden\" name=\"url_referer\" value=\"\"><button type=\"submit\" name=\"wpforms[submit]\" id=\"wpforms-submit-3243\" class=\"wpforms-submit\" data-alt-text=\"Sending...\" data-submit-text=\"Submit\" aria-live=\"assertive\" value=\"wpforms-submit\">Enviar<\/button><\/div><input type=\"hidden\" name=\"trp-form-language\" value=\"es\"\/><\/form><\/div>  <!-- .wpforms-container -->\n\n\t\t<\/div>\n\t<\/div>\n<\/div><\/div><\/div><\/div><\/div><\/div><\/div><\/div><\/div><\/div>\n<\/div>","protected":false},"excerpt":{"rendered":"<p>CATGUT CHROMIC ENDO LOOP SUTUREAbsorbable Surgical Suture U.S.P. Endo Loop Suture is natural surgical gut suture made by twisting together strand of Collagenous material taken from the submucosal layers of the small intestine of healthy sheep and goat. The chromic suture is processed to provide higher resistance to absorption and treated with chromic salts to&hellip;<\/p>","protected":false},"author":1,"featured_media":3313,"parent":1072,"menu_order":0,"comment_status":"closed","ping_status":"closed","template":"","meta":{"footnotes":""},"class_list":["post-3312","page","type-page","status-publish","has-post-thumbnail","hentry","description-off"],"_links":{"self":[{"href":"https:\/\/www.universalsutures.com\/es\/wp-json\/wp\/v2\/pages\/3312","targetHints":{"allow":["GET"]}}],"collection":[{"href":"https:\/\/www.universalsutures.com\/es\/wp-json\/wp\/v2\/pages"}],"about":[{"href":"https:\/\/www.universalsutures.com\/es\/wp-json\/wp\/v2\/types\/page"}],"author":[{"embeddable":true,"href":"https:\/\/www.universalsutures.com\/es\/wp-json\/wp\/v2\/users\/1"}],"replies":[{"embeddable":true,"href":"https:\/\/www.universalsutures.com\/es\/wp-json\/wp\/v2\/comments?post=3312"}],"version-history":[{"count":2,"href":"https:\/\/www.universalsutures.com\/es\/wp-json\/wp\/v2\/pages\/3312\/revisions"}],"predecessor-version":[{"id":9824,"href":"https:\/\/www.universalsutures.com\/es\/wp-json\/wp\/v2\/pages\/3312\/revisions\/9824"}],"up":[{"embeddable":true,"href":"https:\/\/www.universalsutures.com\/es\/wp-json\/wp\/v2\/pages\/1072"}],"wp:featuredmedia":[{"embeddable":true,"href":"https:\/\/www.universalsutures.com\/es\/wp-json\/wp\/v2\/media\/3313"}],"wp:attachment":[{"href":"https:\/\/www.universalsutures.com\/es\/wp-json\/wp\/v2\/media?parent=3312"}],"curies":[{"name":"wp","href":"https:\/\/api.w.org\/{rel}","templated":true}]}}