{"id":8545,"date":"2024-07-22T12:13:04","date_gmt":"2024-07-22T06:43:04","guid":{"rendered":"https:\/\/www.universalsutures.com\/?page_id=8545"},"modified":"2025-08-12T12:01:04","modified_gmt":"2025-08-12T06:31:04","slug":"suturas-veterinarias-no-absorbibles","status":"publish","type":"page","link":"https:\/\/www.universalsutures.com\/es\/suturas-veterinarias-no-absorbibles\/","title":{"rendered":"Suturas veterinarias no reabsorbibles"},"content":{"rendered":"<div class=\"wpb-content-wrapper\"><div class=\"vc_row wpb_row vc_row-fluid\"><div class=\"wpb_column vc_column_container vc_col-sm-6\"><div class=\"vc_column-inner\"><div class=\"wpb_wrapper\"><style type=\"text\/css\" data-type=\"the7_shortcodes-inline-css\">.shortcode-single-image-wrap.shortcode-single-image-6fe7b3d4c3ca2c9938091b5de17f2eff.enable-bg-rollover .rollover i,\n.shortcode-single-image-wrap.shortcode-single-image-6fe7b3d4c3ca2c9938091b5de17f2eff.enable-bg-rollover .rollover-video i {\n  background: -webkit-linear-gradient();\n  background: linear-gradient();\n}\n.shortcode-single-image-wrap.shortcode-single-image-6fe7b3d4c3ca2c9938091b5de17f2eff .rollover-icon {\n  font-size: 32px;\n  color: #ffffff;\n  min-width: 44px;\n  min-height: 44px;\n  line-height: 44px;\n  border-radius: 100px;\n  border-style: solid;\n  border-width: 0px;\n}\n.dt-icon-bg-on.shortcode-single-image-wrap.shortcode-single-image-6fe7b3d4c3ca2c9938091b5de17f2eff .rollover-icon {\n  background: rgba(255,255,255,0.3);\n  box-shadow: none;\n}<\/style><div class=\"shortcode-single-image-wrap shortcode-single-image-6fe7b3d4c3ca2c9938091b5de17f2eff alignnone fadeInUp animate-element  vc_custom_1721639460493 enable-bg-rollover dt-icon-bg-off\" ><div class=\"shortcode-single-image\"><div class=\"fancy-media-wrap\" style=\"border-radius:2px;\"><a href=\"https:\/\/www.universalsutures.com\/es\/productos\/sutura-de-seda-veterinaria\/\" class=\"layzr-bg rollover\" style=\"border-radius:2px;\" aria-label=\"Imagen\"><img fetchpriority=\"high\" decoding=\"async\" class=\"preload-me lazy-load aspect\" src=\"data:image\/svg+xml,%3Csvg%20xmlns%3D&#039;http%3A%2F%2Fwww.w3.org%2F2000%2Fsvg&#039;%20viewBox%3D&#039;0%200%20700%20525&#039;%2F%3E\" data-src=\"https:\/\/www.universalsutures.com\/wp-content\/uploads\/2024\/07\/Silk-Suture-Box-3-700x525.jpg\" data-srcset=\"https:\/\/www.universalsutures.com\/wp-content\/uploads\/2024\/07\/Silk-Suture-Box-3-700x525.jpg 700w, https:\/\/www.universalsutures.com\/wp-content\/uploads\/2024\/07\/Silk-Suture-Box-3.jpg 1280w\" loading=\"eager\" style=\"--ratio: 700 \/ 525\" sizes=\"(max-width: 700px) 100vw, 700px\" width=\"700\" height=\"525\" data-dt-location=\"https:\/\/www.universalsutures.com\/es\/productos\/sutura-de-seda-veterinaria\/attachment\/silk-suture-box-3\/\" alt=\"\" title=\"\"><\/a><\/div><\/div><\/div><div class=\"vc_empty_space\"   style=\"height: 15px\"><span class=\"vc_empty_space_inner\"><\/span><\/div><div class=\"vc_btn3-container vc_btn3-center\" ><a class=\"vc_general vc_btn3 vc_btn3-size-md vc_btn3-shape-rounded vc_btn3-style-modern vc_btn3-block vc_btn3-color-info\" href=\"https:\/\/www.universalsutures.com\/es\/productos\/silk-suture-veterinary-suture\/\" title=\"\">SUTURA DE SEDA (UNI VET)<\/a><\/div><\/div><\/div><\/div><div class=\"wpb_column vc_column_container vc_col-sm-6\"><div class=\"vc_column-inner\"><div class=\"wpb_wrapper\"><style type=\"text\/css\" data-type=\"the7_shortcodes-inline-css\">.shortcode-single-image-wrap.shortcode-single-image-1af017d7772f1140f2f36f86ec40cdaf.enable-bg-rollover .rollover i,\n.shortcode-single-image-wrap.shortcode-single-image-1af017d7772f1140f2f36f86ec40cdaf.enable-bg-rollover .rollover-video i {\n  background: -webkit-linear-gradient();\n  background: linear-gradient();\n}\n.shortcode-single-image-wrap.shortcode-single-image-1af017d7772f1140f2f36f86ec40cdaf .rollover-icon {\n  font-size: 32px;\n  color: #ffffff;\n  min-width: 44px;\n  min-height: 44px;\n  line-height: 44px;\n  border-radius: 100px;\n  border-style: solid;\n  border-width: 0px;\n}\n.dt-icon-bg-on.shortcode-single-image-wrap.shortcode-single-image-1af017d7772f1140f2f36f86ec40cdaf .rollover-icon {\n  background: rgba(255,255,255,0.3);\n  box-shadow: none;\n}<\/style><div class=\"shortcode-single-image-wrap shortcode-single-image-1af017d7772f1140f2f36f86ec40cdaf alignnone fadeInUp animate-element  vc_custom_1721549004511 enable-bg-rollover dt-icon-bg-off\" ><div class=\"shortcode-single-image\"><div class=\"fancy-media-wrap\" style=\"border-radius:2px;\"><a href=\"https:\/\/www.universalsutures.com\/es\/productos\/sutura-veterinaria-de-poliester\/\" class=\"layzr-bg rollover\" style=\"border-radius:2px;\" aria-label=\"Imagen\"><img decoding=\"async\" class=\"preload-me lazy-load aspect\" src=\"data:image\/svg+xml,%3Csvg%20xmlns%3D&#039;http%3A%2F%2Fwww.w3.org%2F2000%2Fsvg&#039;%20viewBox%3D&#039;0%200%20700%20525&#039;%2F%3E\" data-src=\"https:\/\/www.universalsutures.com\/wp-content\/uploads\/2024\/07\/Polyester-Suture-Box-1-700x525.jpg\" data-srcset=\"https:\/\/www.universalsutures.com\/wp-content\/uploads\/2024\/07\/Polyester-Suture-Box-1-700x525.jpg 700w, https:\/\/www.universalsutures.com\/wp-content\/uploads\/2024\/07\/Polyester-Suture-Box-1.jpg 1280w\" loading=\"eager\" style=\"--ratio: 700 \/ 525\" sizes=\"(max-width: 700px) 100vw, 700px\" width=\"700\" height=\"525\" data-dt-location=\"https:\/\/www.universalsutures.com\/es\/productos\/sutura-veterinaria-de-poliester\/attachment\/polyester-suture-box-1\/\" alt=\"\" title=\"\"><\/a><\/div><\/div><\/div><div class=\"vc_empty_space\"   style=\"height: 15px\"><span class=\"vc_empty_space_inner\"><\/span><\/div><div class=\"vc_btn3-container vc_btn3-center\" ><a class=\"vc_general vc_btn3 vc_btn3-size-md vc_btn3-shape-rounded vc_btn3-style-modern vc_btn3-block vc_btn3-color-info\" href=\"https:\/\/www.universalsutures.com\/es\/productos\/sutura-veterinaria-de-poliester\/\" title=\"\">SUTURA DE POLI\u00c9STER (POLI\u00c9STER UNI-VET)<\/a><\/div><\/div><\/div><\/div><\/div><div class=\"vc_row wpb_row vc_row-fluid vc_custom_1722937141921\"><div class=\"wpb_column vc_column_container vc_col-sm-6\"><div class=\"vc_column-inner\"><div class=\"wpb_wrapper\"><style type=\"text\/css\" data-type=\"the7_shortcodes-inline-css\">.shortcode-single-image-wrap.shortcode-single-image-39b3730b2e7cf9773b06c9c706011eac.enable-bg-rollover .rollover i,\n.shortcode-single-image-wrap.shortcode-single-image-39b3730b2e7cf9773b06c9c706011eac.enable-bg-rollover .rollover-video i {\n  background: -webkit-linear-gradient();\n  background: linear-gradient();\n}\n.shortcode-single-image-wrap.shortcode-single-image-39b3730b2e7cf9773b06c9c706011eac .rollover-icon {\n  font-size: 32px;\n  color: #ffffff;\n  min-width: 44px;\n  min-height: 44px;\n  line-height: 44px;\n  border-radius: 100px;\n  border-style: solid;\n  border-width: 0px;\n}\n.dt-icon-bg-on.shortcode-single-image-wrap.shortcode-single-image-39b3730b2e7cf9773b06c9c706011eac .rollover-icon {\n  background: rgba(255,255,255,0.3);\n  box-shadow: none;\n}<\/style><div class=\"shortcode-single-image-wrap shortcode-single-image-39b3730b2e7cf9773b06c9c706011eac alignnone fadeInUp animate-element  vc_custom_1721462343085 enable-bg-rollover dt-icon-bg-off\" ><div class=\"shortcode-single-image\"><div class=\"fancy-media-wrap\" style=\"border-radius:2px;\"><a href=\"https:\/\/www.universalsutures.com\/es\/productos\/sutura-veterinaria-de-polipropileno-monofilamento\/\" class=\"layzr-bg rollover\" style=\"border-radius:2px;\" aria-label=\"Imagen\"><img decoding=\"async\" class=\"preload-me lazy-load aspect\" src=\"data:image\/svg+xml,%3Csvg%20xmlns%3D&#039;http%3A%2F%2Fwww.w3.org%2F2000%2Fsvg&#039;%20viewBox%3D&#039;0%200%20700%20525&#039;%2F%3E\" data-src=\"https:\/\/www.universalsutures.com\/wp-content\/uploads\/2024\/07\/Polypropylene-Suture-Box-1-700x525.jpg\" data-srcset=\"https:\/\/www.universalsutures.com\/wp-content\/uploads\/2024\/07\/Polypropylene-Suture-Box-1-700x525.jpg 700w, https:\/\/www.universalsutures.com\/wp-content\/uploads\/2024\/07\/Polypropylene-Suture-Box-1.jpg 1280w\" loading=\"eager\" style=\"--ratio: 700 \/ 525\" sizes=\"(max-width: 700px) 100vw, 700px\" width=\"700\" height=\"525\" data-dt-location=\"https:\/\/www.universalsutures.com\/es\/productos\/sutura-veterinaria-de-polipropileno-monofilamento\/attachment\/polypropylene-suture-box-1\/\" alt=\"\" title=\"\"><\/a><\/div><\/div><\/div><div class=\"vc_empty_space\"   style=\"height: 15px\"><span class=\"vc_empty_space_inner\"><\/span><\/div><div class=\"vc_btn3-container vc_btn3-center\" ><a class=\"vc_general vc_btn3 vc_btn3-size-md vc_btn3-shape-rounded vc_btn3-style-modern vc_btn3-block vc_btn3-color-info\" href=\"https:\/\/www.universalsutures.com\/es\/productos\/sutura-veterinaria-de-polipropileno-monofilamento\/\" title=\"\">SUTURA DE POLIPROPILENO (POLIPROPILENO UNI-VET)<\/a><\/div><\/div><\/div><\/div><div class=\"wpb_column vc_column_container vc_col-sm-6\"><div class=\"vc_column-inner\"><div class=\"wpb_wrapper\"><style type=\"text\/css\" data-type=\"the7_shortcodes-inline-css\">.shortcode-single-image-wrap.shortcode-single-image-4dc2fa851f19b94ab715d6574e70862f.enable-bg-rollover .rollover i,\n.shortcode-single-image-wrap.shortcode-single-image-4dc2fa851f19b94ab715d6574e70862f.enable-bg-rollover .rollover-video i {\n  background: -webkit-linear-gradient();\n  background: linear-gradient();\n}\n.shortcode-single-image-wrap.shortcode-single-image-4dc2fa851f19b94ab715d6574e70862f .rollover-icon {\n  font-size: 32px;\n  color: #ffffff;\n  min-width: 44px;\n  min-height: 44px;\n  line-height: 44px;\n  border-radius: 100px;\n  border-style: solid;\n  border-width: 0px;\n}\n.dt-icon-bg-on.shortcode-single-image-wrap.shortcode-single-image-4dc2fa851f19b94ab715d6574e70862f .rollover-icon {\n  background: rgba(255,255,255,0.3);\n  box-shadow: none;\n}<\/style><div class=\"shortcode-single-image-wrap shortcode-single-image-4dc2fa851f19b94ab715d6574e70862f alignnone fadeInUp animate-element  vc_custom_1721462334424 enable-bg-rollover dt-icon-bg-off\" ><div class=\"shortcode-single-image\"><div class=\"fancy-media-wrap\" style=\"border-radius:2px;\"><a href=\"https:\/\/www.universalsutures.com\/es\/productos\/monofilament-polyamide-veterinary-suture\/\" class=\"layzr-bg rollover\" style=\"border-radius:2px;\" aria-label=\"Imagen\"><img decoding=\"async\" class=\"preload-me lazy-load aspect\" src=\"data:image\/svg+xml,%3Csvg%20xmlns%3D&#039;http%3A%2F%2Fwww.w3.org%2F2000%2Fsvg&#039;%20viewBox%3D&#039;0%200%20700%20525&#039;%2F%3E\" data-src=\"https:\/\/www.universalsutures.com\/wp-content\/uploads\/2024\/07\/Monofilament-Polyamide-Veterinary-Suture-box-3-700x525.jpg\" data-srcset=\"https:\/\/www.universalsutures.com\/wp-content\/uploads\/2024\/07\/Monofilament-Polyamide-Veterinary-Suture-box-3-700x525.jpg 700w, https:\/\/www.universalsutures.com\/wp-content\/uploads\/2024\/07\/Monofilament-Polyamide-Veterinary-Suture-box-3.jpg 1280w\" loading=\"eager\" style=\"--ratio: 700 \/ 525\" sizes=\"(max-width: 700px) 100vw, 700px\" width=\"700\" height=\"525\" data-dt-location=\"https:\/\/www.universalsutures.com\/es\/productos\/monofilament-polyamide-veterinary-suture\/attachment\/monofilament-polyamide-veterinary-suture-box-3\/\" alt=\"\" title=\"\"><\/a><\/div><\/div><\/div><div class=\"vc_empty_space\"   style=\"height: 15px\"><span class=\"vc_empty_space_inner\"><\/span><\/div><div class=\"vc_btn3-container vc_btn3-center\" ><a class=\"vc_general vc_btn3 vc_btn3-size-md vc_btn3-shape-rounded vc_btn3-style-modern vc_btn3-block vc_btn3-color-info\" href=\"https:\/\/www.universalsutures.com\/es\/productos\/monofilament-polyamide-veterinary-suture\/\" title=\"\">SUTURA DE POLIAMIDA (NYLON UNI-VET)<\/a><\/div><\/div><\/div><\/div><\/div><div class=\"vc_row wpb_row vc_row-fluid vc_custom_1722936586493\"><div class=\"wpb_column vc_column_container vc_col-sm-12\"><div class=\"vc_column-inner\"><div class=\"wpb_wrapper\"><div class=\"vc_message_box vc_message_box-outline vc_message_box-square vc_color-success\" ><div class=\"vc_message_box-icon\"><i class=\"fa fa-check\"><\/i><\/div><p>Explore nuestra selecci\u00f3n de suturas veterinarias no absorbibles como los materiales de seda, poli\u00e9ster, polipropileno y nailon que ofrecen las mejores suturas en t\u00e9rminos de resistencia y calidad inquebrantable para garantizar que las cirug\u00edas que realice sean de alta calidad.<\/p>\n<\/div><\/div><\/div><\/div><\/div><div class=\"vc_row wpb_row vc_row-fluid\"><div class=\"wpb_column vc_column_container vc_col-sm-12\"><div class=\"vc_column-inner\"><div class=\"wpb_wrapper\">\n\t<div class=\"wpb_text_column wpb_content_element\" >\n\t\t<div class=\"wpb_wrapper\">\n\t\t\t\n\t\t<\/div>\n\t<\/div>\n<\/div><\/div><\/div><\/div><div class=\"vc_row wpb_row vc_row-fluid vc_custom_1647233205743\"><div class=\"wpb_column vc_column_container vc_col-sm-12 vc_col-lg-6 vc_col-md-6 vc_col-xs-12\"><div class=\"vc_column-inner vc_custom_1476005293248\"><div class=\"wpb_wrapper\"><div class=\"vc_tta-container\" data-vc-action=\"collapse\"><div class=\"vc_general vc_tta vc_tta-accordion vc_tta-color-blue vc_tta-style-classic vc_tta-shape-rounded vc_tta-spacing-5 vc_tta-gap-5 vc_tta-controls-align-default\"><div class=\"vc_tta-panels-container\"><div class=\"vc_tta-panels\"><div class=\"vc_tta-panel vc_active\" id=\"1704270420171-d72253a5-4994\" data-vc-content=\".vc_tta-panel-body\"><div class=\"vc_tta-panel-heading\"><h4 class=\"vc_tta-panel-title vc_tta-controls-icon-position-left\"><a href=\"#1704270420171-d72253a5-4994\" data-vc-accordion data-vc-container=\".vc_tta-container\"><span class=\"vc_tta-title-text\">El papel esencial de las suturas veterinarias no reabsorbibles<\/span><i class=\"vc_tta-controls-icon vc_tta-controls-icon-plus\"><\/i><\/a><\/h4><\/div><div class=\"vc_tta-panel-body\">\n\t<div class=\"wpb_text_column wpb_content_element\" >\n\t\t<div class=\"wpb_wrapper\">\n\t\t\t<p>In today&#8217;s world, choosing the appropriate suture material to suit the surgical procedure is crucial for achieving positive results in veterinary surgery. Non-absorbable veterinary sutures are a specific type of suture designed to provide support during tissue approximation and ensure that the surgical area does not yield during the healing process. These sutures are used when tissue support is needed for more than a few days, allowing proper tissue restructuring to occur.<\/p>\n<p>\u00bfHa pensado alguna vez en la diferencia que puede suponer una sutura veterinaria no reabsorbible correcta para su cirug\u00eda?<\/p>\n\n\t\t<\/div>\n\t<\/div>\n<\/div><\/div><div class=\"vc_tta-panel\" id=\"1653889285339-edde7d6d-5ccb\" data-vc-content=\".vc_tta-panel-body\"><div class=\"vc_tta-panel-heading\"><h4 class=\"vc_tta-panel-title vc_tta-controls-icon-position-left\"><a href=\"#1653889285339-edde7d6d-5ccb\" data-vc-accordion data-vc-container=\".vc_tta-container\"><span class=\"vc_tta-title-text\">\u00bfPor qu\u00e9 suturas veterinarias no reabsorbibles?<\/span><i class=\"vc_tta-controls-icon vc_tta-controls-icon-plus\"><\/i><\/a><\/h4><\/div><div class=\"vc_tta-panel-body\">\n\t<div class=\"wpb_text_column wpb_content_element\" >\n\t\t<div class=\"wpb_wrapper\">\n\t\t\t<p>Las suturas veterinarias no reabsorbibles ofrecen numerosas ventajas, como una mayor resistencia de los tejidos y una reacci\u00f3n inflamatoria m\u00ednima o nula; son beneficiosas en procedimientos quir\u00fargicos en los que el material de sutura debe proporcionar un soporte estable a largo plazo. El anudado de estas suturas es tal que no se disuelve con el tiempo, lo que garantiza una aproximaci\u00f3n segura del tejido hasta que se complete la cicatrizaci\u00f3n o se retire la sutura. El uso de suturas veterinarias no reabsorbibles significa que sus pacientes reciben un tratamiento y unos cuidados de primera categor\u00eda, ya que las suturas utilizadas est\u00e1n dise\u00f1adas para soportar las dif\u00edciles condiciones del organismo y el entorno sin desintegrarse.<\/p>\n\n\t\t<\/div>\n\t<\/div>\n<\/div><\/div><div class=\"vc_tta-panel\" id=\"1653889285386-5121e532-71ca\" data-vc-content=\".vc_tta-panel-body\"><div class=\"vc_tta-panel-heading\"><h4 class=\"vc_tta-panel-title vc_tta-controls-icon-position-left\"><a href=\"#1653889285386-5121e532-71ca\" data-vc-accordion data-vc-container=\".vc_tta-container\"><span class=\"vc_tta-title-text\">Nuestra amplia gama de suturas veterinarias no reabsorbibles<\/span><i class=\"vc_tta-controls-icon vc_tta-controls-icon-plus\"><\/i><\/a><\/h4><\/div><div class=\"vc_tta-panel-body\">\n\t<div class=\"wpb_text_column wpb_content_element\" >\n\t\t<div class=\"wpb_wrapper\">\n\t\t\t<p>Currently, Universal Sutures offers a wide range of non-absorbable veterinary sutures designed to accommodate any veterinary surgical practice. Let&#8217;s take a closer look at our offerings:<\/p>\n<ul>\n<li>Sutura de seda UNI-VET<\/li>\n<\/ul>\n<p>La sutura de seda trenzada negra que utilizamos est\u00e1 hecha de fibro\u00edna; una prote\u00edna org\u00e1nica obtenida de la especie dom\u00e9stica conocida como Bombyx mori. Las suturas UNI-Vet Silk se tratan cuidadosamente para eliminar las ceras y gomas naturales, proporcionando una sutura quir\u00fargica lisa, est\u00e9ril y no absorbible para ligaduras y tejidos blandos en general. La facilidad de manejo de las suturas de seda, combinada con una buena seguridad del nudo, las convierte en la sutura preferida en muchas cirug\u00edas veterinarias.<\/p>\n<ul>\n<li>Sutura de uni\u00f3n UNI-VET<\/li>\n<\/ul>\n<p>La sutura UNI-Vet Bond es una sutura trenzada de poli\u00e9ster recubierto fabricada con fibras de poli (tereftalato de etileno) de alto peso molecular. Esta sutura se utiliza habitualmente como opci\u00f3n no absorbible, conocida por su mayor resistencia y durabilidad gracias a su construcci\u00f3n trenzada, que garantiza una seguridad superior del nudo. Adem\u00e1s, el revestimiento especial reduce el arrastre del tejido. Las suturas UNI-Vet Bond son ideales para cirug\u00edas cardiovasculares, oft\u00e1lmicas y ortop\u00e9dicas que requieren un fuerte soporte tisular durante un periodo prolongado.<\/p>\n<ul>\n<li>Sutura UNI-Vet Lene<\/li>\n<\/ul>\n<p>UNI-Vet Lene, nuestra sutura monofilamento de polipropileno, se ha fabricado a partir de un estereois\u00f3mero cristalino isot\u00e1ctico de polipropileno. Esta sutura est\u00e1 pigmentada para proporcionar una mayor visibilidad y no es absorbible, por lo que tiene una buena resistencia tisular y evita la reactividad de los tejidos. Es monofilamento, por lo que puede atravesar f\u00e1cilmente los tejidos sin causar da\u00f1os ni pegarse, y por lo tanto funciona bien. Las suturas UNI-Vet Lene son perfectas para suturas cut\u00e1neas, suturas de vasos y aplicaciones de cirug\u00eda pl\u00e1stica.<\/p>\n<ul>\n<li>Sutura de nylon UNI-VET<\/li>\n<\/ul>\n<p>La sutura UNI-Vet Nylon est\u00e1 fabricada con Nylon 6 y Nylon 6,6, que son suturas de poliamida monofilamento caracterizadas por una elevada resistencia a la tracci\u00f3n y elasticidad. Esta sutura no reabsorbible se presenta en negro o azul y se difumina en el tejido, por lo que es f\u00e1cil de ver durante las operaciones. Debido a su escasa reactividad tisular, el material es ideal para cierres cut\u00e1neos y procedimientos neuroquir\u00fargicos y oftalmol\u00f3gicos. Esto facilita el suministro de suturas UNI-Vet Nylon que garantizar\u00e1n a sus pacientes el mejor nivel de atenci\u00f3n seg\u00fan sus necesidades.<\/p>\n\n\t\t<\/div>\n\t<\/div>\n<\/div><\/div><div class=\"vc_tta-panel\" id=\"1703746482525-8e9a2ce1-cad8\" data-vc-content=\".vc_tta-panel-body\"><div class=\"vc_tta-panel-heading\"><h4 class=\"vc_tta-panel-title vc_tta-controls-icon-position-left\"><a href=\"#1703746482525-8e9a2ce1-cad8\" data-vc-accordion data-vc-container=\".vc_tta-container\"><span class=\"vc_tta-title-text\">Ventajas del uso de suturas veterinarias no reabsorbibles<\/span><i class=\"vc_tta-controls-icon vc_tta-controls-icon-plus\"><\/i><\/a><\/h4><\/div><div class=\"vc_tta-panel-body\">\n\t<div class=\"wpb_text_column wpb_content_element\" >\n\t\t<div class=\"wpb_wrapper\">\n\t\t\t<p>El uso de suturas veterinarias no reabsorbibles ofrece varias ventajas clave:<\/p>\n<ul>\n<li>Sujeci\u00f3n prolongada del tejido: Estas suturas permanecen intactas durante alg\u00fan tiempo, por lo que ofrecen una sujeci\u00f3n constante al tejido en curaci\u00f3n.<\/li>\n<li>Aplicaci\u00f3n vers\u00e1til: Como opci\u00f3n vers\u00e1til debido a su facilidad de uso y resistencia, las suturas no absorbibles son adecuadas para diversas cirug\u00edas de piel y tejidos blandos, as\u00ed como para cirug\u00edas ortop\u00e9dicas.<\/li>\n<li>Reacci\u00f3n m\u00ednima de los tejidos: Nuestras suturas est\u00e1n desarrolladas para causar una irritaci\u00f3n m\u00ednima del tejido, lo que hace que el paciente se sienta c\u00f3modo y disminuye la posibilidad de complicaciones.<\/li>\n<\/ul>\n\n\t\t<\/div>\n\t<\/div>\n<\/div><\/div><div class=\"vc_tta-panel\" id=\"1722935792401-6665897c-bcdf\" data-vc-content=\".vc_tta-panel-body\"><div class=\"vc_tta-panel-heading\"><h4 class=\"vc_tta-panel-title vc_tta-controls-icon-position-left\"><a href=\"#1722935792401-6665897c-bcdf\" data-vc-accordion data-vc-container=\".vc_tta-container\"><span class=\"vc_tta-title-text\">Garantizar la excelencia con suturas veterinarias no reabsorbibles<\/span><i class=\"vc_tta-controls-icon vc_tta-controls-icon-plus\"><\/i><\/a><\/h4><\/div><div class=\"vc_tta-panel-body\">\n\t<div class=\"wpb_text_column wpb_content_element\" >\n\t\t<div class=\"wpb_wrapper\">\n\t\t\t<p>\u00bfEst\u00e1 preparado para aumentar la calidad de su cirug\u00eda veterinaria con suturas veterinarias no absorbibles?<\/p>\n<p>Los productos presentados por Universal Sutures incluyen una variedad de suturas que son de primera calidad para cumplir con los est\u00e1ndares de la cirug\u00eda veterinaria. Estas suturas no reabsorbibles ofrecen un rendimiento recurrente fiable, demostrando ser herramientas vers\u00e1tiles en la pr\u00e1ctica quir\u00fargica diaria.<\/p>\n<p>P\u00f3ngase en contacto con nosotros hoy mismo para saber m\u00e1s sobre Universal Sutures y por qu\u00e9 los profesionales veterinarios nos eligen para sus cirug\u00edas. \u00bfCu\u00e1l de nuestras suturas veterinarias no reabsorbibles le gustar\u00eda utilizar para elevar el nivel de su consulta?<\/p>\n\n\t\t<\/div>\n\t<\/div>\n<\/div><\/div><\/div><\/div><\/div><\/div><\/div><\/div><\/div><div class=\"wpb_column vc_column_container vc_col-sm-12 vc_col-lg-6 vc_col-md-6 vc_col-xs-12\"><div class=\"vc_column-inner vc_custom_1476005300152\"><div class=\"wpb_wrapper\">\n\t<div  class=\"wpb_single_image wpb_content_element vc_align_left\">\n\t\t\n\t\t<figure class=\"wpb_wrapper vc_figure\">\n\t\t\t<div class=\"vc_single_image-wrapper   vc_box_border_grey\"><img loading=\"lazy\" decoding=\"async\" width=\"1500\" height=\"1500\" src=\"https:\/\/www.universalsutures.com\/wp-content\/uploads\/2024\/08\/sutures-for-dogs.jpg\" class=\"vc_single_image-img attachment-full\" alt=\"\" title=\"suturas para perros\" srcset=\"https:\/\/www.universalsutures.com\/wp-content\/uploads\/2024\/08\/sutures-for-dogs.jpg 1500w, https:\/\/www.universalsutures.com\/wp-content\/uploads\/2024\/08\/sutures-for-dogs-300x300.jpg 300w, https:\/\/www.universalsutures.com\/wp-content\/uploads\/2024\/08\/sutures-for-dogs-1024x1024.jpg 1024w, https:\/\/www.universalsutures.com\/wp-content\/uploads\/2024\/08\/sutures-for-dogs-150x150.jpg 150w, https:\/\/www.universalsutures.com\/wp-content\/uploads\/2024\/08\/sutures-for-dogs-768x768.jpg 768w, https:\/\/www.universalsutures.com\/wp-content\/uploads\/2024\/08\/sutures-for-dogs-12x12.jpg 12w\" sizes=\"auto, (max-width: 1500px) 100vw, 1500px\" data-dt-location=\"https:\/\/www.universalsutures.com\/es\/suturas-veterinarias-absorbibles\/attachment\/suturas-para-perros\/\"><\/div>\n\t\t<\/figure>\n\t<\/div>\n<\/div><\/div><\/div><\/div>\n<\/div>","protected":false},"excerpt":{"rendered":"<p>SILK SUTURE (UNI VET)POLYESTER SUTURE (UNI-VET POLYESTER)POLYPROPYLENE SUTURE (UNI-VET POLYPROPYLENE)POLYAMIDE SUTURE (UNI-VET NYLON)Explore our selection of\u00a0 non absorbable veterinary sutures such as silk, polyester, polypropylene, and nylon materials that offer the best sutures in terms of strength and unwavering quality to ensure the surgeries you perform are of high quality. The Essential Role of Non-Absorbable&hellip;<\/p>","protected":false},"author":1,"featured_media":0,"parent":0,"menu_order":0,"comment_status":"closed","ping_status":"closed","template":"","meta":{"footnotes":""},"class_list":["post-8545","page","type-page","status-publish","hentry","description-off"],"_links":{"self":[{"href":"https:\/\/www.universalsutures.com\/es\/wp-json\/wp\/v2\/pages\/8545","targetHints":{"allow":["GET"]}}],"collection":[{"href":"https:\/\/www.universalsutures.com\/es\/wp-json\/wp\/v2\/pages"}],"about":[{"href":"https:\/\/www.universalsutures.com\/es\/wp-json\/wp\/v2\/types\/page"}],"author":[{"embeddable":true,"href":"https:\/\/www.universalsutures.com\/es\/wp-json\/wp\/v2\/users\/1"}],"replies":[{"embeddable":true,"href":"https:\/\/www.universalsutures.com\/es\/wp-json\/wp\/v2\/comments?post=8545"}],"version-history":[{"count":1,"href":"https:\/\/www.universalsutures.com\/es\/wp-json\/wp\/v2\/pages\/8545\/revisions"}],"predecessor-version":[{"id":9776,"href":"https:\/\/www.universalsutures.com\/es\/wp-json\/wp\/v2\/pages\/8545\/revisions\/9776"}],"wp:attachment":[{"href":"https:\/\/www.universalsutures.com\/es\/wp-json\/wp\/v2\/media?parent=8545"}],"curies":[{"name":"wp","href":"https:\/\/api.w.org\/{rel}","templated":true}]}}