{"id":8587,"date":"2024-07-25T15:09:20","date_gmt":"2024-07-25T09:39:20","guid":{"rendered":"https:\/\/www.universalsutures.com\/?page_id=8587"},"modified":"2024-12-28T11:04:14","modified_gmt":"2024-12-28T05:34:14","slug":"removedor-de-grapas-de-la-piel","status":"publish","type":"page","link":"https:\/\/www.universalsutures.com\/es\/productos\/removedor-de-grapas-de-la-piel\/","title":{"rendered":"UNISTAP &#8211; Skin Staple Remover"},"content":{"rendered":"<div class=\"wpb-content-wrapper\"><div class=\"vc_row wpb_row vc_row-fluid\"><div class=\"wpb_column vc_column_container vc_col-sm-12\"><div class=\"vc_column-inner\"><div class=\"wpb_wrapper\"><style type=\"text\/css\" data-type=\"the7_shortcodes-inline-css\">.gallery-carousel-shortcode.gallery-carousel-shortcode-id-aedee91db41b16b0a27ab255c99e98bc.owl-carousel .owl-nav div {\n  width: 36px;\n  height: 36px;\n  border-radius: 500px;\n}\n.dt-arrow-border-on.gallery-carousel-shortcode.gallery-carousel-shortcode-id-aedee91db41b16b0a27ab255c99e98bc.owl-carousel .owl-nav div:not(:hover):before {\n  border-width: 0px;\n}\n.dt-arrow-hover-border-on.gallery-carousel-shortcode.gallery-carousel-shortcode-id-aedee91db41b16b0a27ab255c99e98bc.owl-carousel .owl-nav div:hover:after {\n  border-width: 0px;\n}\n.gallery-carousel-shortcode.gallery-carousel-shortcode-id-aedee91db41b16b0a27ab255c99e98bc.owl-carousel .owl-nav div.owl-prev {\n  top: 50%;\n  transform: translateY(calc(-50% + 0px));\n  left: -43px;\n}\n@media all and (-ms-high-contrast: none) {\n  .gallery-carousel-shortcode.gallery-carousel-shortcode-id-aedee91db41b16b0a27ab255c99e98bc.owl-carousel .owl-nav div.owl-prev {\n    transform: translateY(-50%);\n    margin-top: 0px;\n  }\n}\n.gallery-carousel-shortcode.gallery-carousel-shortcode-id-aedee91db41b16b0a27ab255c99e98bc.owl-carousel .owl-nav div.owl-prev i {\n  padding: 0px 0px 0px 0px;\n}\n.gallery-carousel-shortcode.gallery-carousel-shortcode-id-aedee91db41b16b0a27ab255c99e98bc.owl-carousel .owl-nav div.owl-next {\n  top: 50%;\n  transform: translateY(calc(-50% + 0px));\n  right: -43px;\n}\n@media all and (-ms-high-contrast: none) {\n  .gallery-carousel-shortcode.gallery-carousel-shortcode-id-aedee91db41b16b0a27ab255c99e98bc.owl-carousel .owl-nav div.owl-next {\n    transform: translateY(-50%);\n    margin-top: 0px;\n  }\n}\n.gallery-carousel-shortcode.gallery-carousel-shortcode-id-aedee91db41b16b0a27ab255c99e98bc.owl-carousel .owl-nav div.owl-next i {\n  padding: 0px 0px 0px 0px;\n}\n.gallery-carousel-shortcode.gallery-carousel-shortcode-id-aedee91db41b16b0a27ab255c99e98bc.owl-carousel .owl-nav i {\n  font-size: 18px;\n}\n.gallery-carousel-shortcode.gallery-carousel-shortcode-id-aedee91db41b16b0a27ab255c99e98bc.owl-carousel .owl-nav div:not(:hover) i,\n.gallery-carousel-shortcode.gallery-carousel-shortcode-id-aedee91db41b16b0a27ab255c99e98bc.owl-carousel .owl-nav div:not(:hover) i:before {\n  color: #ffffff;\n  background: none;\n}\n.gallery-carousel-shortcode.gallery-carousel-shortcode-id-aedee91db41b16b0a27ab255c99e98bc.owl-carousel .owl-nav div:hover i,\n.gallery-carousel-shortcode.gallery-carousel-shortcode-id-aedee91db41b16b0a27ab255c99e98bc.owl-carousel .owl-nav div:hover i:before {\n  color: rgba(255,255,255,0.75);\n  background: none;\n}\n.gallery-carousel-shortcode.gallery-carousel-shortcode-id-aedee91db41b16b0a27ab255c99e98bc .owl-dots {\n  top: calc(100% + 20px);\n  left: 50%;\n  transform: translateX(calc(-50% + 0px));\n}\n@media all and (-ms-high-contrast: none) {\n  .gallery-carousel-shortcode.gallery-carousel-shortcode-id-aedee91db41b16b0a27ab255c99e98bc .owl-dots {\n    transform: translateX(-50%);\n    margin-left: 0px;\n  }\n}\n.gallery-carousel-shortcode.gallery-carousel-shortcode-id-aedee91db41b16b0a27ab255c99e98bc .owl-dot {\n  width: 10px;\n  height: 10px;\n  margin: 0 8px;\n}\n@media screen and (max-width: 778px) {\n  .gallery-carousel-shortcode.gallery-carousel-shortcode-id-aedee91db41b16b0a27ab255c99e98bc.hide-arrows .owl-nav a {\n    display: none;\n  }\n}\n@media screen and (max-width: 778px) {\n  .gallery-carousel-shortcode.gallery-carousel-shortcode-id-aedee91db41b16b0a27ab255c99e98bc.reposition-arrows .owl-nav .owl-prev {\n    top: 50%;\n    transform: translateY(calc(-50% + 0px));\n    left: 10px;\n  }\n  .gallery-carousel-shortcode.gallery-carousel-shortcode-id-aedee91db41b16b0a27ab255c99e98bc.reposition-arrows .owl-nav .owl-next {\n    top: 50%;\n    transform: translateY(calc(-50% + 0px));\n    right: 10px;\n  }\n}\n@media screen and (max-width: 778px) and all and (-ms-high-contrast: none) {\n  .gallery-carousel-shortcode.gallery-carousel-shortcode-id-aedee91db41b16b0a27ab255c99e98bc.reposition-arrows .owl-nav .owl-prev {\n    transform: translateY(-50%);\n    margin-top: 0px;\n  }\n}\n@media screen and (max-width: 778px) and all and (-ms-high-contrast: none) {\n  .gallery-carousel-shortcode.gallery-carousel-shortcode-id-aedee91db41b16b0a27ab255c99e98bc.reposition-arrows .owl-nav .owl-next {\n    transform: translateY(-50%);\n    margin-top: 0px;\n  }\n}\n.gallery-carousel-shortcode.gallery-carousel-shortcode-id-aedee91db41b16b0a27ab255c99e98bc figure,\n.gallery-carousel-shortcode.gallery-carousel-shortcode-id-aedee91db41b16b0a27ab255c99e98bc .rollover,\n.gallery-carousel-shortcode.gallery-carousel-shortcode-id-aedee91db41b16b0a27ab255c99e98bc img,\n.gallery-carousel-shortcode.gallery-carousel-shortcode-id-aedee91db41b16b0a27ab255c99e98bc .gallery-rollover {\n  border-radius: 0px;\n}\n.gallery-carousel-shortcode.gallery-carousel-shortcode-id-aedee91db41b16b0a27ab255c99e98bc.enable-bg-rollover .gallery-rollover {\n  background: -webkit-linear-gradient();\n  background: linear-gradient();\n}\n.gallery-carousel-shortcode.gallery-carousel-shortcode-id-aedee91db41b16b0a27ab255c99e98bc.enable-img-shadow .owl-stage-outer {\n  padding: 14px 0;\n}\n.gallery-carousel-shortcode.gallery-carousel-shortcode-id-aedee91db41b16b0a27ab255c99e98bc.enable-bg-rollover.hover-scale figure .rollover:after {\n  background: -webkit-linear-gradient();\n  background: linear-gradient();\n}\n.gallery-carousel-shortcode.gallery-carousel-shortcode-id-aedee91db41b16b0a27ab255c99e98bc.gallery-shortcode .gallery-zoom-ico {\n  width: 44px;\n  height: 44px;\n  line-height: 44px;\n  border-radius: 100px;\n  margin: -22px 0 0 -22px;\n  border-width: 0px;\n}\n.dt-icon-bg-on.gallery-carousel-shortcode.gallery-carousel-shortcode-id-aedee91db41b16b0a27ab255c99e98bc.gallery-shortcode .gallery-zoom-ico {\n  background: rgba(255,255,255,0.3);\n  box-shadow: none;\n}\n.gallery-carousel-shortcode.gallery-carousel-shortcode-id-aedee91db41b16b0a27ab255c99e98bc.gallery-shortcode .gallery-zoom-ico:before,\n.gallery-carousel-shortcode.gallery-carousel-shortcode-id-aedee91db41b16b0a27ab255c99e98bc.gallery-shortcode .gallery-zoom-ico span {\n  font-size: 32px;\n  line-height: 44px;\n  color: #ffffff;\n  background: none;\n}<\/style><div class=\"owl-carousel gallery-carousel-shortcode gallery-shortcode  dt-gallery-container dt-owl-carousel-call gallery-carousel-shortcode-id-aedee91db41b16b0a27ab255c99e98bc scale-img enable-bg-rollover meta-info-off dt-arrow-border-on dt-arrow-hover-border-on bullets-small-dot-stroke reposition-arrows dt-icon-bg-off arrows-bg-on disable-arrows-hover-bg arrows-hover-bg-on  vc_custom_1721901527298 hover-fade\" data-scroll-mode=\"1\" data-col-num=\"1\" data-wide-col-num=\"1\" data-laptop-col=\"1\" data-h-tablet-columns-num=\"1\" data-v-tablet-columns-num=\"1\" data-phone-columns-num=\"1\" data-col-gap=\"10\" data-stage-padding=\"0\" data-speed=\"600\" data-autoplay=\"true\" data-autoplay_speed=\"6000\" data-arrows=\"true\" data-bullet=\"false\" data-next-icon=\"icon-ar-017-r\" data-prev-icon=\"icon-ar-017-l\" data-img-shadow-size=\"12px\" data-img-shadow-spread=\"3px\"><div data-post-id=\"8599\" data-date=\"2024-07-25T15:23:39+05:30\" data-name=\"stapler remover 2\"><figure class=\"post\"><a href=\"https:\/\/www.universalsutures.com\/wp-content\/uploads\/2024\/07\/stapler-remover-2.jpg\" class=\"rollover dt-pswp-item layzr-bg\" data-large_image_width=\"999\" data-large_image_height=\"718\" data-dt-img-description=\"\" title=\"stapler remover 2\"><img fetchpriority=\"high\" decoding=\"async\" class=\"preload-me owl-lazy-load aspect\" src=\"data:image\/svg+xml,%3Csvg%20xmlns%3D&#039;http%3A%2F%2Fwww.w3.org%2F2000%2Fsvg&#039;%20viewBox%3D&#039;0%200%20956%20718&#039;%2F%3E\" data-src=\"https:\/\/www.universalsutures.com\/wp-content\/uploads\/2024\/07\/stapler-remover-2-956x718.jpg\" data-srcset=\"https:\/\/www.universalsutures.com\/wp-content\/uploads\/2024\/07\/stapler-remover-2-956x718.jpg 956w\" loading=\"eager\" style=\"--ratio: 956 \/ 718\" sizes=\"(max-width: 956px) 100vw, 956px\" alt=\"\" width=\"956\" height=\"718\" title=\"\"><span class=\"gallery-rollover\"><span class=\"gallery-zoom-ico icomoon-the7-font-the7-zoom-06\"><span><\/span><\/span><\/span><\/a><\/figure><\/div><\/div><div id=\"ultimate-heading-107269ef939de18ea\" class=\"uvc-heading ult-adjust-bottom-margin ultimate-heading-107269ef939de18ea uvc-7901\" data-hspacer=\"line_only\"  data-halign=\"left\" style=\"text-align:left\"><div class=\"uvc-main-heading ult-responsive\"  data-ultimate-target='.uvc-heading.ultimate-heading-107269ef939de18ea h2'  data-responsive-json-new='{\"font-size\":\"desktop:35px;\",\"line-height\":\"desktop:45px;\"}' ><h2 style=\"--font-weight:theme;color:#1f365c;margin-top:15px;\">Skin Staple Remover - Descripci\u00f3n general<\/h2><\/div><div class=\"uvc-heading-spacer line_only\" style=\"margin-top:15px;margin-bottom:15px;height:0.5px;\"><span class=\"uvc-headings-line\" style=\"border-style:solid;border-bottom-width:0.5px;border-color:#337ab7;width:autopx;\"><\/span><\/div><\/div><div class=\"vc_empty_space\"   style=\"height: 15px\"><span class=\"vc_empty_space_inner\"><\/span><\/div><div class=\"standard-arrow list-divider bullet-top\"><p style=\"text-align: justify;\"><span style=\"font-weight: 400;\">El extractor de grapas cut\u00e1neas es una herramienta m\u00e9dica est\u00e9ril, lista para usar, dise\u00f1ada para la extracci\u00f3n eficaz de grapas cut\u00e1neas quir\u00fargicas. Fabricado en acero inoxidable de alta calidad, este dispositivo garantiza durabilidad y fiabilidad en entornos cl\u00ednicos. Est\u00e1 especialmente recomendado para su uso con la grapadora cut\u00e1nea Universal Sutures, pero tambi\u00e9n es compatible con la mayor\u00eda de las principales marcas de grapadoras cut\u00e1neas.<\/span><\/p>\n<\/div><div class=\"vc_tta-container\" data-vc-action=\"collapseAll\"><div class=\"vc_general vc_tta vc_tta-accordion vc_tta-color-sky vc_tta-style-modern vc_tta-shape-square vc_tta-spacing-5 vc_tta-gap-5 vc_tta-controls-align-default vc_tta-o-all-clickable vc_custom_1721901980233\"><div class=\"vc_tta-panels-container\"><div class=\"vc_tta-panels\"><div class=\"vc_tta-panel vc_active\" id=\"1703605376110-7e4917b8-033d\" data-vc-content=\".vc_tta-panel-body\"><div class=\"vc_tta-panel-heading\"><h4 class=\"vc_tta-panel-title vc_tta-controls-icon-position-left\"><a href=\"#1703605376110-7e4917b8-033d\" data-vc-accordion data-vc-container=\".vc_tta-container\"><span class=\"vc_tta-title-text\">Caracter\u00edsticas principales<\/span><i class=\"vc_tta-controls-icon vc_tta-controls-icon-plus\"><\/i><\/a><\/h4><\/div><div class=\"vc_tta-panel-body\">\n\t<div class=\"wpb_text_column wpb_content_element\" >\n\t\t<div class=\"wpb_wrapper\">\n\t\t\t<ol>\n<li aria-level=\"1\"><b>Material<\/b>: Fabricado en acero inoxidable puro 100%, que proporciona solidez y resistencia a la corrosi\u00f3n.<\/li>\n<li aria-level=\"1\"><b>Esterilidad<\/b>: Cada quita grapas cut\u00e1neo es est\u00e9ril y est\u00e1 listo para su uso inmediato, garantizando la seguridad e higiene del paciente.<\/li>\n<li aria-level=\"1\"><b>Reutilizaci\u00f3n<\/b>: Aunque est\u00e1 dise\u00f1ado como art\u00edculo desechable, el Quitagrapas Cut\u00e1neo puede reutilizarse si se esteriliza adecuadamente, lo que ofrece flexibilidad y rentabilidad.<\/li>\n<li aria-level=\"1\"><b>Dise\u00f1o ergon\u00f3mico<\/b>: El dispositivo est\u00e1 dise\u00f1ado para facilitar su uso, con una forma ergon\u00f3mica que se adapta c\u00f3modamente a la mano, reduciendo la fatiga durante un uso prolongado.<\/li>\n<li aria-level=\"1\"><b>Visibilidad<\/b>: El dise\u00f1o permite una visi\u00f3n clara del lugar de la operaci\u00f3n, lo que facilita la retirada precisa de las grapas y minimiza el riesgo de da\u00f1ar los tejidos.<\/li>\n<li aria-level=\"1\"><b>Durabilidad<\/b>: La construcci\u00f3n evita que los pasadores se rompan durante el uso, garantizando un rendimiento constante.<\/li>\n<\/ol>\n<p><em><b>Compatibilidad<\/b>: Es compatible con varias marcas de grapadoras cut\u00e1neas, lo que la convierte en una herramienta vers\u00e1til en diferentes entornos cl\u00ednicos.<\/em><\/p>\n\n\t\t<\/div>\n\t<\/div>\n<\/div><\/div><div class=\"vc_tta-panel\" id=\"1721901323059-165a7eb8-7d71\" data-vc-content=\".vc_tta-panel-body\"><div class=\"vc_tta-panel-heading\"><h4 class=\"vc_tta-panel-title vc_tta-controls-icon-position-left\"><a href=\"#1721901323059-165a7eb8-7d71\" data-vc-accordion data-vc-container=\".vc_tta-container\"><span class=\"vc_tta-title-text\">Aplicaciones<\/span><i class=\"vc_tta-controls-icon vc_tta-controls-icon-plus\"><\/i><\/a><\/h4><\/div><div class=\"vc_tta-panel-body\">\n\t<div class=\"wpb_text_column wpb_content_element\" >\n\t\t<div class=\"wpb_wrapper\">\n\t\t\t<p><span style=\"font-weight: 400;\">El extractor de grapas cut\u00e1neas es adecuado para su uso en diversos procedimientos m\u00e9dicos y quir\u00fargicos en los que se emplean grapas cut\u00e1neas para el cierre de heridas. Su dise\u00f1o y material lo hacen ideal tanto para el uso inicial como para el uso repetido, siempre que se sigan los protocolos de esterilizaci\u00f3n adecuados.<\/span><\/p>\n\n\t\t<\/div>\n\t<\/div>\n<\/div><\/div><div class=\"vc_tta-panel\" id=\"1635796266468-b54f89d4-9dcd\" data-vc-content=\".vc_tta-panel-body\"><div class=\"vc_tta-panel-heading\"><h4 class=\"vc_tta-panel-title vc_tta-controls-icon-position-left\"><a href=\"#1635796266468-b54f89d4-9dcd\" data-vc-accordion data-vc-container=\".vc_tta-container\"><span class=\"vc_tta-title-text\">Instrucciones de uso<\/span><i class=\"vc_tta-controls-icon vc_tta-controls-icon-plus\"><\/i><\/a><\/h4><\/div><div class=\"vc_tta-panel-body\">\n\t<div class=\"wpb_text_column wpb_content_element\" >\n\t\t<div class=\"wpb_wrapper\">\n\t\t\t<ol>\n<li style=\"font-weight: 400;\" aria-level=\"1\"><b>Preparaci\u00f3n<\/b><span style=\"font-weight: 400;\">: Aseg\u00farese de que el Quitagrapas est\u00e1 esterilizado antes de usarlo. En caso de reutilizaci\u00f3n, aseg\u00farese de que se ha esterilizado correctamente.<\/span><\/li>\n<li style=\"font-weight: 400;\" aria-level=\"1\"><b>Posicionamiento<\/b><span style=\"font-weight: 400;\">: Coloque el extractor debajo de la grapa que se va a extraer, asegurando una visi\u00f3n clara de la grapa y del tejido circundante.<\/span><\/li>\n<li style=\"font-weight: 400;\" aria-level=\"1\"><b>Mudanzas<\/b><span style=\"font-weight: 400;\">: Apriete suavemente el mango para enganchar la grapa y separarla de la piel.<\/span><\/li>\n<li style=\"font-weight: 400;\" aria-level=\"1\"><b>Eliminaci\u00f3n<\/b><span style=\"font-weight: 400;\">: Si se utiliza como un dispositivo desechable, deseche el removedor en un contenedor de riesgo biol\u00f3gico adecuado. Si se reutiliza, siga los procedimientos de esterilizaci\u00f3n adecuados.<\/span><\/li>\n<\/ol>\n<p><span style=\"font-weight: 400;\">El extractor de grapas cut\u00e1neas combina funcionalidad, seguridad y comodidad, lo que lo convierte en una opci\u00f3n fiable para los profesionales sanitarios en diversos entornos m\u00e9dicos. <\/span><\/p>\n\n\t\t<\/div>\n\t<\/div>\n<\/div><\/div><div class=\"vc_tta-panel\" id=\"1721905291889-425e368b-bd44\" data-vc-content=\".vc_tta-panel-body\"><div class=\"vc_tta-panel-heading\"><h4 class=\"vc_tta-panel-title vc_tta-controls-icon-position-left\"><a href=\"#1721905291889-425e368b-bd44\" data-vc-accordion data-vc-container=\".vc_tta-container\"><span class=\"vc_tta-title-text\">Instrucciones de uso<\/span><i class=\"vc_tta-controls-icon vc_tta-controls-icon-plus\"><\/i><\/a><\/h4><\/div><div class=\"vc_tta-panel-body\"><div class=\"vc_icon_element vc_icon_element-outer vc_do_icon vc_icon_element-align-left vc_icon_element-have-style\"><div class=\"vc_icon_element-inner vc_icon_element-color-white vc_icon_element-have-style-inner vc_icon_element-size-md vc_icon_element-style-boxed vc_icon_element-background vc_icon_element-background-color-blue\" ><span class=\"vc_icon_element-icon fas fa-file-alt\" ><\/span><a class=\"vc_icon_element-link\" href=\"https:\/\/drive.google.com\/file\/d\/1BpdfgLjWrDvQPsQmYPncDbck5r5vyuuE\/view?usp=drive_link\" title=\"\" target=\"_blank\" rel=\"noopener\"><\/a><\/div><\/div><\/div><\/div><div class=\"vc_tta-panel\" id=\"contactus1\" data-vc-content=\".vc_tta-panel-body\"><div class=\"vc_tta-panel-heading\"><h4 class=\"vc_tta-panel-title vc_tta-controls-icon-position-left\"><a href=\"#contactus1\" data-vc-accordion data-vc-container=\".vc_tta-container\"><span class=\"vc_tta-title-text\">Contacte con nosotros<\/span><i class=\"vc_tta-controls-icon vc_tta-controls-icon-plus\"><\/i><\/a><\/h4><\/div><div class=\"vc_tta-panel-body\"><div class=\"wpforms-container wpforms-container-full\" id=\"wpforms-3243\"><form id=\"wpforms-form-3243\" class=\"wpforms-validate wpforms-form\" data-formid=\"3243\" method=\"post\" enctype=\"multipart\/form-data\" action=\"\/es\/wp-json\/wp\/v2\/pages\/8587\" data-token=\"f8c7b2c4b5ddee60f9a43917cc806620\" data-token-time=\"1777308573\" data-trp-original-action=\"\/es\/wp-json\/wp\/v2\/pages\/8587\"><noscript class=\"wpforms-error-noscript\">Por favor, active JavaScript en su navegador para completar este formulario.<\/noscript><div class=\"wpforms-field-container\"><div id=\"wpforms-3243-field_15-container\" class=\"wpforms-field wpforms-field-layout\" data-field-id=\"15\"><div class=\"wpforms-field-layout-columns wpforms-field-layout-preset-50-50\"><div class=\"wpforms-layout-column wpforms-layout-column-50\" ><div id=\"wpforms-3243-field_0-container\" class=\"wpforms-field wpforms-field-name\" data-field-id=\"0\"><label class=\"wpforms-field-label\" for=\"wpforms-3243-field_0\">Nombre <span class=\"wpforms-required-label\">*<\/span><\/label><input type=\"text\" id=\"wpforms-3243-field_0\" class=\"wpforms-field-large wpforms-field-required\" name=\"wpforms[fields][0]\" required><\/div><\/div><div class=\"wpforms-layout-column wpforms-layout-column-50\" ><div id=\"wpforms-3243-field_2-container\" class=\"wpforms-field wpforms-field-email\" data-field-id=\"2\"><label class=\"wpforms-field-label\" for=\"wpforms-3243-field_2\">Correo electr\u00f3nico <span class=\"wpforms-required-label\">*<\/span><\/label><input type=\"email\" id=\"wpforms-3243-field_2\" class=\"wpforms-field-large wpforms-field-required\" name=\"wpforms[fields][2]\" spellcheck=\"false\" required><\/div><\/div><\/div><\/div><div id=\"wpforms-3243-field_14-container\" class=\"wpforms-field wpforms-field-layout\" data-field-id=\"14\"><div class=\"wpforms-field-layout-columns wpforms-field-layout-preset-50-50\"><div class=\"wpforms-layout-column wpforms-layout-column-50\" ><div id=\"wpforms-3243-field_7-container\" class=\"wpforms-field wpforms-field-text\" data-field-id=\"7\"><label class=\"wpforms-field-label\" for=\"wpforms-3243-field_7\">Pa\u00eds <span class=\"wpforms-required-label\">*<\/span><\/label><input type=\"text\" id=\"wpforms-3243-field_7\" class=\"wpforms-field-large wpforms-field-required\" name=\"wpforms[fields][7]\" required><\/div><\/div><div class=\"wpforms-layout-column wpforms-layout-column-50\" ><div id=\"wpforms-3243-field_11-container\" class=\"wpforms-field wpforms-field-phone\" data-field-id=\"11\"><label class=\"wpforms-field-label\" for=\"wpforms-3243-field_11\">Tel\u00e9fono <span class=\"wpforms-required-label\">*<\/span><\/label><input type=\"tel\" id=\"wpforms-3243-field_11\" class=\"wpforms-field-large wpforms-field-required wpforms-smart-phone-field\" data-rule-smart-phone-field=\"true\" name=\"wpforms[fields][11]\" aria-label=\"Tel\u00e9fono\" required><\/div><\/div><\/div><\/div><div id=\"wpforms-3243-field_20-container\" class=\"wpforms-field wpforms-field-text\" data-field-id=\"20\"><label class=\"wpforms-field-label\" for=\"wpforms-3243-field_20\">Company Name<\/label><input type=\"text\" id=\"wpforms-3243-field_20\" class=\"wpforms-field-large\" name=\"wpforms[fields][20]\" ><\/div><div id=\"wpforms-3243-field_4-container\" class=\"wpforms-field wpforms-field-textarea\" data-field-id=\"4\"><label class=\"wpforms-field-label\" for=\"wpforms-3243-field_4\">\u00a1Mensaje! <span class=\"wpforms-required-label\">*<\/span><\/label><textarea id=\"wpforms-3243-field_4\" class=\"wpforms-field-medium wpforms-field-required\" name=\"wpforms[fields][4]\" required><\/textarea><\/div><\/div><!-- .wpforms-field-container --><div class=\"wpforms-recaptcha-container wpforms-is-recaptcha wpforms-is-recaptcha-type-v3\" ><input type=\"hidden\" name=\"wpforms[recaptcha]\" value=\"\"><\/div><div class=\"wpforms-submit-container\" ><input type=\"hidden\" name=\"wpforms[id]\" value=\"3243\"><input type=\"hidden\" name=\"page_title\" value=\"\"><input type=\"hidden\" name=\"page_url\" value=\"https:\/\/www.universalsutures.com\/es\/wp-json\/wp\/v2\/pages\/8587\"><input type=\"hidden\" name=\"url_referer\" value=\"\"><button type=\"submit\" name=\"wpforms[submit]\" id=\"wpforms-submit-3243\" class=\"wpforms-submit\" data-alt-text=\"Sending...\" data-submit-text=\"Submit\" aria-live=\"assertive\" value=\"wpforms-submit\">Enviar<\/button><\/div><input type=\"hidden\" name=\"trp-form-language\" value=\"es\"\/><\/form><\/div>  <!-- .wpforms-container --><\/div><\/div><\/div><\/div><\/div><\/div><\/div><\/div><\/div><\/div>\n<\/div>","protected":false},"excerpt":{"rendered":"<p>Skin Staple Remover &#8211; OverviewThe Skin Staple Remover is a sterile, ready-to-use medical tool designed for the efficient removal of surgical skin staples. Made from high-quality stainless steel, this device ensures durability and reliability in clinical settings. It is particularly recommended for use with the Universal Sutures Skin Stapler but is also compatible with most&hellip;<\/p>","protected":false},"author":1,"featured_media":8599,"parent":1072,"menu_order":0,"comment_status":"closed","ping_status":"closed","template":"","meta":{"footnotes":""},"class_list":["post-8587","page","type-page","status-publish","has-post-thumbnail","hentry","description-off"],"_links":{"self":[{"href":"https:\/\/www.universalsutures.com\/es\/wp-json\/wp\/v2\/pages\/8587","targetHints":{"allow":["GET"]}}],"collection":[{"href":"https:\/\/www.universalsutures.com\/es\/wp-json\/wp\/v2\/pages"}],"about":[{"href":"https:\/\/www.universalsutures.com\/es\/wp-json\/wp\/v2\/types\/page"}],"author":[{"embeddable":true,"href":"https:\/\/www.universalsutures.com\/es\/wp-json\/wp\/v2\/users\/1"}],"replies":[{"embeddable":true,"href":"https:\/\/www.universalsutures.com\/es\/wp-json\/wp\/v2\/comments?post=8587"}],"version-history":[{"count":0,"href":"https:\/\/www.universalsutures.com\/es\/wp-json\/wp\/v2\/pages\/8587\/revisions"}],"up":[{"embeddable":true,"href":"https:\/\/www.universalsutures.com\/es\/wp-json\/wp\/v2\/pages\/1072"}],"wp:featuredmedia":[{"embeddable":true,"href":"https:\/\/www.universalsutures.com\/es\/wp-json\/wp\/v2\/media\/8599"}],"wp:attachment":[{"href":"https:\/\/www.universalsutures.com\/es\/wp-json\/wp\/v2\/media?parent=8587"}],"curies":[{"name":"wp","href":"https:\/\/api.w.org\/{rel}","templated":true}]}}