{"id":3102,"date":"2020-06-30T14:29:48","date_gmt":"2020-06-30T08:59:48","guid":{"rendered":"https:\/\/www.universalsutures.com\/?page_id=3102"},"modified":"2025-09-12T15:09:19","modified_gmt":"2025-09-12T09:39:19","slug":"polyethylene-suture-uhmwpe","status":"publish","type":"page","link":"https:\/\/www.universalsutures.com\/fr\/produits\/polyethylene-suture-uhmwpe\/","title":{"rendered":"Ultra-High Molecular Weight Polyethylene"},"content":{"rendered":"<div class=\"wpb-content-wrapper\"><div class=\"vc_row wpb_row vc_row-fluid\"><div class=\"wpb_column vc_column_container vc_col-sm-12\"><div class=\"vc_column-inner\"><div class=\"wpb_wrapper\"><style type=\"text\/css\" data-type=\"the7_shortcodes-inline-css\">.shortcode-single-image-wrap.shortcode-single-image-a6b61a78d736aee86e7d4053be0bc826.enable-bg-rollover .rollover i,\n.shortcode-single-image-wrap.shortcode-single-image-a6b61a78d736aee86e7d4053be0bc826.enable-bg-rollover .rollover-video i {\n  background: -webkit-linear-gradient();\n  background: linear-gradient();\n}\n.shortcode-single-image-wrap.shortcode-single-image-a6b61a78d736aee86e7d4053be0bc826 .rollover-icon {\n  font-size: 32px;\n  color: #ffffff;\n  min-width: 44px;\n  min-height: 44px;\n  line-height: 44px;\n  border-radius: 100px;\n  border-style: solid;\n  border-width: 0px;\n}\n.dt-icon-bg-on.shortcode-single-image-wrap.shortcode-single-image-a6b61a78d736aee86e7d4053be0bc826 .rollover-icon {\n  background: rgba(255,255,255,0.3);\n  box-shadow: none;\n}<\/style><div class=\"shortcode-single-image-wrap shortcode-single-image-a6b61a78d736aee86e7d4053be0bc826 alignnone  enable-bg-rollover dt-icon-bg-off\" style=\"margin-top:0px; margin-bottom:0px; margin-left:0px; margin-right:0px; width:1000px;\"><div class=\"shortcode-single-image\"><div class=\"fancy-media-wrap\" style=\"\"><a class=\"layzr-bg rollover rollover-zoom dt-pswp-item pswp-image\" href=\"https:\/\/www.universalsutures.com\/wp-content\/uploads\/2024\/12\/Polyethylene-Suture-UHMWPE-scaled-1.jpg\" title=\"Polyethylene-Suture-UHMWPE-scaled\" data-dt-img-description=\"\" data-large_image_width=\"2560\" data-large_image_height = \"1978\"  style=\"\"><img fetchpriority=\"high\" decoding=\"async\" class=\"preload-me lazy-load aspect\" src=\"data:image\/svg+xml,%3Csvg%20xmlns%3D&#039;http%3A%2F%2Fwww.w3.org%2F2000%2Fsvg&#039;%20viewBox%3D&#039;0%200%201000%20550&#039;%2F%3E\" data-src=\"https:\/\/www.universalsutures.com\/wp-content\/uploads\/2024\/12\/Polyethylene-Suture-UHMWPE-scaled-1-1000x550.jpg\" data-srcset=\"https:\/\/www.universalsutures.com\/wp-content\/uploads\/2024\/12\/Polyethylene-Suture-UHMWPE-scaled-1-1000x550.jpg 1000w, https:\/\/www.universalsutures.com\/wp-content\/uploads\/2024\/12\/Polyethylene-Suture-UHMWPE-scaled-1-2000x1100.jpg 2000w\" loading=\"eager\" style=\"--ratio: 1000 \/ 550\" sizes=\"(max-width: 1000px) 100vw, 1000px\" width=\"1000\" height=\"550\" data-dt-location=\"https:\/\/www.universalsutures.com\/fr\/produits\/polyethylene-suture-uhmwpe\/attachment\/polyethylene-suture-uhmwpe-scaled\/\" alt=\"Ultra-High Molecular Weight Polyethylene\" title=\"\"><\/a><\/div><\/div><\/div><div id=\"ultimate-heading-865369eeccba555f4\" class=\"uvc-heading ult-adjust-bottom-margin ultimate-heading-865369eeccba555f4 uvc-8740\" data-hspacer=\"line_only\"  data-halign=\"left\" style=\"text-align:left\"><div class=\"uvc-main-heading ult-responsive\"  data-ultimate-target='.uvc-heading.ultimate-heading-865369eeccba555f4 h2'  data-responsive-json-new='{\"font-size\":\"desktop:35px;\",\"line-height\":\"desktop:45px;\"}' ><h2 style=\"font-weight:bold;color:#1f365c;margin-top:15px;\">Ultra-High Molecular Weight Polyethylene Suture<\/h2><\/div><div class=\"uvc-sub-heading ult-responsive\"  data-ultimate-target='.uvc-heading.ultimate-heading-865369eeccba555f4 .uvc-sub-heading '  data-responsive-json-new='{\"font-size\":\"desktop:18px;\",\"line-height\":\"desktop:28px;\"}'  style=\"font-weight:normal;color:#ffb536;margin-top:7px;\">Fil Chirurgical Non R\u00e9sorbable (Fil Chirurgical Aiguillet\u00e9 St\u00e9rilis\u00e9)<\/div><div class=\"uvc-heading-spacer line_only\" style=\"margin-top:15px;margin-bottom:15px;height:0.5px;\"><span class=\"uvc-headings-line\" style=\"border-style:solid;border-bottom-width:0.5px;border-color:#337ab7;width:autopx;\"><\/span><\/div><\/div><div class=\"vc_empty_space\"   style=\"height: 15px\"><span class=\"vc_empty_space_inner\"><\/span><\/div><div class=\"standard-arrow list-divider bullet-top\"><p style=\"text-align: justify;\">Ultra-High Molecular Weight Polyethylene (UHMWPE Suture) is an ultra-high molecular weight non-absorbable braided sterile surgical suture prepared from the fibers of ultra-high molecular weight polyethylene. It is available in White and Blue, white and green, white and black combination and in white color. In house needle manufacturing provides better needles with optimum sharpness which finally delivers smooth riding on tissues during suturing.<\/p>\n<\/div><div id=\"ultimate-heading-917269eeccba5584d\" class=\"uvc-heading ult-adjust-bottom-margin ultimate-heading-917269eeccba5584d uvc-7548\" data-hspacer=\"no_spacer\"  data-halign=\"left\" style=\"text-align:left\"><div class=\"uvc-heading-spacer no_spacer\" style=\"top\"><\/div><div class=\"uvc-main-heading ult-responsive\"  data-ultimate-target='.uvc-heading.ultimate-heading-917269eeccba5584d h2'  data-responsive-json-new='{\"font-size\":\"desktop:25px;\",\"line-height\":\"desktop:35px;\"}' ><h2 style=\"--font-weight:theme;color:#1f365c;margin-bottom:15px;\">Indication of Ultra-High Molecular Weight Polyethylene<\/h2><\/div><\/div><div class=\"standard-arrow list-divider bullet-top\"><p style=\"text-align: justify;\">Ultra-High Molecular Weight Polyethylene Suture is used for permanent, removable fixtures, cardiovascular surgery and orthopedic procedures. Polyethylene sutures have no tissue reaction. Polyethylene Suture is neither absorbed nor subjected to weakening by tissue enzymes. It as low friction and chemical resistance.<\/p>\n<\/div><div class=\"standard-arrow list-divider bullet-top\"><ul>\n<li style=\"text-align: justify;\"><strong>Propri\u00e9t\u00e9s: <\/strong>Bonne s\u00e9curit\u00e9 des n\u0153uds, excellente r\u00e9sistance \u00e0 la traction pour la fiabilit\u00e9, excellente manipulation et longue dur\u00e9e de vie, faible friction.<\/li>\n<\/ul>\n<\/div><div class=\"vc_tta-container\" data-vc-action=\"collapseAll\"><div class=\"vc_general vc_tta vc_tta-accordion vc_tta-color-sky vc_tta-style-modern vc_tta-shape-square vc_tta-spacing-5 vc_tta-gap-5 vc_tta-controls-align-default vc_tta-o-all-clickable vc_custom_1707806778050\"><div class=\"vc_tta-panels-container\"><div class=\"vc_tta-panels\"><div class=\"vc_tta-panel vc_active\" id=\"1688977215610-8423c192-f7da\" data-vc-content=\".vc_tta-panel-body\"><div class=\"vc_tta-panel-heading\"><h4 class=\"vc_tta-panel-title vc_tta-controls-icon-position-left\"><a href=\"#1688977215610-8423c192-f7da\" data-vc-accordion data-vc-container=\".vc_tta-container\"><span class=\"vc_tta-title-text\">Informations utiles<\/span><i class=\"vc_tta-controls-icon vc_tta-controls-icon-plus\"><\/i><\/a><\/h4><\/div><div class=\"vc_tta-panel-body\">\n\t<div class=\"wpb_text_column wpb_content_element\" >\n\t\t<div class=\"wpb_wrapper\">\n\t\t\t<div id=\"footable_parent_5232\"\n         class=\"footable_parent ninja_table_wrapper loading_ninja_table wp_table_data_press_parent semantic_ui colored_table\">\n                <table data-ninja_table_instance=\"ninja_table_instance_0\" data-footable_id=\"5232\" data-filter-delay=\"1000\" aria-label=\"Polyethylene Suture (Additional Information)\"            id=\"footable_5232\"\n           data-unique_identifier=\"ninja_table_unique_id_1149823502_5232\"\n           class=\"foo-table ninja_footable foo_table_5232 ninja_table_unique_id_1149823502_5232 ui table  nt_type_legacy_table celled striped compact vertical_centered ninja_custom_color inverted footable-paging-right ninjatable_hide_header_row ninja_table_search_disabled ninja_table_pro\">\n                <colgroup>\n                            <col class=\"ninja_column_0\">\n                            <col class=\"ninja_column_1\">\n                    <\/colgroup>\n        <thead>\n<tr class=\"footable-header\">\n                                        <th scope=\"col\"  class=\"ninja_column_0 ninja_clmn_nm_ninja_column_1\">Ninja Colonne 1<\/th><th scope=\"col\"  class=\"ninja_column_1 ninja_clmn_nm_ninja_column_2\">Colonne Ninja 2<\/th><\/tr>\n<\/thead>\n<tbody>\n\n        <tr data-row_id=\"997\" class=\"ninja_table_row_0 nt_row_id_997\">\n            <td>Caract\u00e9ristiques<\/td><td>Suture chirurgicale non r\u00e9sorbable<\/td>        <\/tr>\n            <tr data-row_id=\"1000\" class=\"ninja_table_row_1 nt_row_id_1000\">\n            <td>Taper<\/td><td>Tress\u00e9<\/td>        <\/tr>\n            <tr data-row_id=\"999\" class=\"ninja_table_row_2 nt_row_id_999\">\n            <td>Mat\u00e9rielle<\/td><td>Polyethylene<\/td>        <\/tr>\n            <tr data-row_id=\"1005\" class=\"ninja_table_row_3 nt_row_id_1005\">\n            <td>Couleur<\/td><td>Blanc-Bleu, Blanc-Noir, Blanc-Vert et Blanc<\/td>        <\/tr>\n            <tr data-row_id=\"1003\" class=\"ninja_table_row_4 nt_row_id_1003\">\n            <td>Absorption<\/td><td>Non r\u00e9sorbable<\/td>        <\/tr>\n            <tr data-row_id=\"1004\" class=\"ninja_table_row_5 nt_row_id_1004\">\n            <td>Gamme USP<\/td><td>5-0 \u2013 5<\/td>        <\/tr>\n            <tr data-row_id=\"1002\" class=\"ninja_table_row_6 nt_row_id_1002\">\n            <td>St\u00e9rilisation<\/td><td>EO (oxyde d'\u00e9thyl\u00e8ne)<\/td>        <\/tr>\n            <tr data-row_id=\"1008\" class=\"ninja_table_row_7 nt_row_id_1008\">\n            <td>Dur\u00e9e de conservation<\/td><td>5 ann\u00e9es<\/td>        <\/tr>\n            <tr data-row_id=\"1009\" class=\"ninja_table_row_8 nt_row_id_1009\">\n            <td>Emballage<\/td><td>Dans un dossier de qualit\u00e9 alimentaire emball\u00e9 dans des pochettes de qualit\u00e9 m\u00e9dicale avec ou sans aiguille.  <\/td>        <\/tr>\n            <tr data-row_id=\"1007\" class=\"ninja_table_row_9 nt_row_id_1007\">\n            <td>Caract\u00e9ristiques du produit<\/td><td>Excellent tensile strength, Excellent knot tying, Excellent handling.<\/td>        <\/tr>\n            <tr data-row_id=\"996\" class=\"ninja_table_row_10 nt_row_id_996\">\n            <td>Emballage de sutures<\/td><td>Packed in 12\u2019s\/24\u2019s\/36\u2019s pieces per box as per the requirement.<\/td>        <\/tr>\n            <tr data-row_id=\"998\" class=\"ninja_table_row_11 nt_row_id_998\">\n            <td>Type d'aiguille de suture<\/td><td>Corps rond, tranchant, pointe conique, droit, coupe invers\u00e9e, spatule.<\/td>        <\/tr>\n            <tr data-row_id=\"1006\" class=\"ninja_table_row_12 nt_row_id_1006\">\n            <td>MFG. LIC No<\/td><td>MFG\/MD\/2020\/000109<\/td>        <\/tr>\n            <tr data-row_id=\"1001\" class=\"ninja_table_row_13 nt_row_id_1001\">\n            <td>OEM. Non LIC<\/td><td>KA\/DEVICE\/MFG\/MD\/2020\/000109<\/td>        <\/tr>\n    <\/tbody><!--ninja_tobody_rendering_done-->\n    <\/table>\n    \n    \n    \n<\/div>\n\n\n\t\t<\/div>\n\t<\/div>\n<div class=\"vc_btn3-container  wpb_animate_when_almost_visible wpb_zoomIn zoomIn vc_btn3-left\" ><a class=\"vc_general vc_btn3 vc_btn3-size-lg vc_btn3-shape-rounded vc_btn3-style-modern vc_btn3-block vc_btn3-icon-left vc_btn3-color-green\" href=\"https:\/\/www.universalsutures.com\/fr\/produits\/polypropylene-suture-non-resorbable-monofilament\/\" title=\"DEMANDE DE DEVIS\"><i class=\"vc_btn3-icon fas fa-share\"><\/i> DEMANDER UN DEVIS INSTANTAN\u00c9<\/a><\/div><\/div><\/div><div class=\"vc_tta-panel\" id=\"1636352608080-a9d7016e-81d7\" data-vc-content=\".vc_tta-panel-body\"><div class=\"vc_tta-panel-heading\"><h4 class=\"vc_tta-panel-title vc_tta-controls-icon-position-left\"><a href=\"#1636352608080-a9d7016e-81d7\" data-vc-accordion data-vc-container=\".vc_tta-container\"><span class=\"vc_tta-title-text\">Brochure:<\/span><i class=\"vc_tta-controls-icon vc_tta-controls-icon-plus\"><\/i><\/a><\/h4><\/div><div class=\"vc_tta-panel-body\"><div class=\"vc_icon_element vc_icon_element-outer vc_do_icon vc_icon_element-align-left vc_icon_element-have-style\"><div class=\"vc_icon_element-inner vc_icon_element-color-juicy_pink vc_icon_element-have-style-inner vc_icon_element-size-lg vc_icon_element-style-boxed vc_icon_element-background vc_icon_element-background-color-grey\" ><span class=\"vc_icon_element-icon fas fa-file-pdf\" ><\/span><a class=\"vc_icon_element-link\" href=\"https:\/\/drive.google.com\/file\/d\/1wdp5o_NL9-AlGO4qqbnJTpIXVCWq1HEY\/view?usp=sharing\" title=\"\" target=\"_blank\" rel=\"noopener\"><\/a><\/div><\/div><\/div><\/div><div class=\"vc_tta-panel\" id=\"1606547772236-f2a93d01-6a6c\" data-vc-content=\".vc_tta-panel-body\"><div class=\"vc_tta-panel-heading\"><h4 class=\"vc_tta-panel-title vc_tta-controls-icon-position-left\"><a href=\"#1606547772236-f2a93d01-6a6c\" data-vc-accordion data-vc-container=\".vc_tta-container\"><span class=\"vc_tta-title-text\">Nous contacter<\/span><i class=\"vc_tta-controls-icon vc_tta-controls-icon-plus\"><\/i><\/a><\/h4><\/div><div class=\"vc_tta-panel-body\">\n\t<div class=\"wpb_text_column wpb_content_element\" >\n\t\t<div class=\"wpb_wrapper\">\n\t\t\t<div class=\"wpforms-container wpforms-container-full\" id=\"wpforms-3243\"><form id=\"wpforms-form-3243\" class=\"wpforms-validate wpforms-form\" data-formid=\"3243\" method=\"post\" enctype=\"multipart\/form-data\" action=\"\/fr\/wp-json\/wp\/v2\/pages\/3102\" data-token=\"f8c7b2c4b5ddee60f9a43917cc806620\" data-token-time=\"1777257658\" data-trp-original-action=\"\/fr\/wp-json\/wp\/v2\/pages\/3102\"><noscript class=\"wpforms-error-noscript\">Veuillez activer JavaScript dans votre navigateur pour remplir ce formulaire.<\/noscript><div class=\"wpforms-field-container\"><div id=\"wpforms-3243-field_15-container\" class=\"wpforms-field wpforms-field-layout\" data-field-id=\"15\"><div class=\"wpforms-field-layout-columns wpforms-field-layout-preset-50-50\"><div class=\"wpforms-layout-column wpforms-layout-column-50\" ><div id=\"wpforms-3243-field_0-container\" class=\"wpforms-field wpforms-field-name\" data-field-id=\"0\"><label class=\"wpforms-field-label\" for=\"wpforms-3243-field_0\">Nom <span class=\"wpforms-required-label\">*<\/span><\/label><input type=\"text\" id=\"wpforms-3243-field_0\" class=\"wpforms-field-large wpforms-field-required\" name=\"wpforms[fields][0]\" required><\/div><\/div><div class=\"wpforms-layout-column wpforms-layout-column-50\" ><div id=\"wpforms-3243-field_2-container\" class=\"wpforms-field wpforms-field-email\" data-field-id=\"2\"><label class=\"wpforms-field-label\" for=\"wpforms-3243-field_2\">Courriel <span class=\"wpforms-required-label\">*<\/span><\/label><input type=\"email\" id=\"wpforms-3243-field_2\" class=\"wpforms-field-large wpforms-field-required\" name=\"wpforms[fields][2]\" spellcheck=\"false\" required><\/div><\/div><\/div><\/div><div id=\"wpforms-3243-field_14-container\" class=\"wpforms-field wpforms-field-layout\" data-field-id=\"14\"><div class=\"wpforms-field-layout-columns wpforms-field-layout-preset-50-50\"><div class=\"wpforms-layout-column wpforms-layout-column-50\" ><div id=\"wpforms-3243-field_7-container\" class=\"wpforms-field wpforms-field-text\" data-field-id=\"7\"><label class=\"wpforms-field-label\" for=\"wpforms-3243-field_7\">Pays <span class=\"wpforms-required-label\">*<\/span><\/label><input type=\"text\" id=\"wpforms-3243-field_7\" class=\"wpforms-field-large wpforms-field-required\" name=\"wpforms[fields][7]\" required><\/div><\/div><div class=\"wpforms-layout-column wpforms-layout-column-50\" ><div id=\"wpforms-3243-field_11-container\" class=\"wpforms-field wpforms-field-phone\" data-field-id=\"11\"><label class=\"wpforms-field-label\" for=\"wpforms-3243-field_11\">T\u00e9l\u00e9phone <span class=\"wpforms-required-label\">*<\/span><\/label><input type=\"tel\" id=\"wpforms-3243-field_11\" class=\"wpforms-field-large wpforms-field-required wpforms-smart-phone-field\" data-rule-smart-phone-field=\"true\" name=\"wpforms[fields][11]\" aria-label=\"T\u00e9l\u00e9phone\" required><\/div><\/div><\/div><\/div><div id=\"wpforms-3243-field_20-container\" class=\"wpforms-field wpforms-field-text\" data-field-id=\"20\"><label class=\"wpforms-field-label\" for=\"wpforms-3243-field_20\">Company Name<\/label><input type=\"text\" id=\"wpforms-3243-field_20\" class=\"wpforms-field-large\" name=\"wpforms[fields][20]\" ><\/div><div id=\"wpforms-3243-field_4-container\" class=\"wpforms-field wpforms-field-textarea\" data-field-id=\"4\"><label class=\"wpforms-field-label\" for=\"wpforms-3243-field_4\">D\u00e9tails <span class=\"wpforms-required-label\">*<\/span><\/label><textarea id=\"wpforms-3243-field_4\" class=\"wpforms-field-medium wpforms-field-required\" name=\"wpforms[fields][4]\" required><\/textarea><\/div><\/div><!-- .wpforms-field-container --><div class=\"wpforms-recaptcha-container wpforms-is-recaptcha wpforms-is-recaptcha-type-v3\" ><input type=\"hidden\" name=\"wpforms[recaptcha]\" value=\"\"><\/div><div class=\"wpforms-submit-container\" ><input type=\"hidden\" name=\"wpforms[id]\" value=\"3243\"><input type=\"hidden\" name=\"page_title\" value=\"\"><input type=\"hidden\" name=\"page_url\" value=\"https:\/\/www.universalsutures.com\/fr\/wp-json\/wp\/v2\/pages\/3102\"><input type=\"hidden\" name=\"url_referer\" value=\"\"><button type=\"submit\" name=\"wpforms[submit]\" id=\"wpforms-submit-3243\" class=\"wpforms-submit\" data-alt-text=\"Sending...\" data-submit-text=\"Submit\" aria-live=\"assertive\" value=\"wpforms-submit\">Soumettre<\/button><\/div><input type=\"hidden\" name=\"trp-form-language\" value=\"fr\"\/><\/form><\/div>  <!-- .wpforms-container -->\n\n\t\t<\/div>\n\t<\/div>\n<\/div><\/div><\/div><\/div><\/div><\/div><\/div><\/div><\/div><\/div>\n<\/div>","protected":false},"excerpt":{"rendered":"<p>Ultra-High Molecular Weight Polyethylene SutureNon-Absorbable surgical Suture U.S.P (Sterilized Surgical Needled Suture)Ultra-High Molecular Weight Polyethylene (UHMWPE Suture) is an ultra-high molecular weight non-absorbable braided sterile surgical suture prepared from the fibers of ultra-high molecular weight polyethylene. It is available in White and Blue, white and green, white and black combination and in white color. In&hellip;<\/p>","protected":false},"author":1,"featured_media":9016,"parent":1072,"menu_order":0,"comment_status":"closed","ping_status":"closed","template":"","meta":{"footnotes":""},"class_list":["post-3102","page","type-page","status-publish","has-post-thumbnail","hentry","description-off"],"_links":{"self":[{"href":"https:\/\/www.universalsutures.com\/fr\/wp-json\/wp\/v2\/pages\/3102","targetHints":{"allow":["GET"]}}],"collection":[{"href":"https:\/\/www.universalsutures.com\/fr\/wp-json\/wp\/v2\/pages"}],"about":[{"href":"https:\/\/www.universalsutures.com\/fr\/wp-json\/wp\/v2\/types\/page"}],"author":[{"embeddable":true,"href":"https:\/\/www.universalsutures.com\/fr\/wp-json\/wp\/v2\/users\/1"}],"replies":[{"embeddable":true,"href":"https:\/\/www.universalsutures.com\/fr\/wp-json\/wp\/v2\/comments?post=3102"}],"version-history":[{"count":2,"href":"https:\/\/www.universalsutures.com\/fr\/wp-json\/wp\/v2\/pages\/3102\/revisions"}],"predecessor-version":[{"id":9826,"href":"https:\/\/www.universalsutures.com\/fr\/wp-json\/wp\/v2\/pages\/3102\/revisions\/9826"}],"up":[{"embeddable":true,"href":"https:\/\/www.universalsutures.com\/fr\/wp-json\/wp\/v2\/pages\/1072"}],"wp:featuredmedia":[{"embeddable":true,"href":"https:\/\/www.universalsutures.com\/fr\/wp-json\/wp\/v2\/media\/9016"}],"wp:attachment":[{"href":"https:\/\/www.universalsutures.com\/fr\/wp-json\/wp\/v2\/media?parent=3102"}],"curies":[{"name":"wp","href":"https:\/\/api.w.org\/{rel}","templated":true}]}}