{"id":3312,"date":"2020-09-23T15:55:06","date_gmt":"2020-09-23T10:25:06","guid":{"rendered":"https:\/\/www.universalsutures.com\/?page_id=3312"},"modified":"2025-09-12T15:04:46","modified_gmt":"2025-09-12T09:34:46","slug":"boucle-de-suture","status":"publish","type":"page","link":"https:\/\/www.universalsutures.com\/fr\/produits\/boucle-de-suture\/","title":{"rendered":"Pre-Knotted Endo Loop Suture &#8211; UNILOOP"},"content":{"rendered":"<div class=\"wpb-content-wrapper\"><div class=\"vc_row wpb_row vc_row-fluid\"><div class=\"wpb_column vc_column_container vc_col-sm-12\"><div class=\"vc_column-inner\"><div class=\"wpb_wrapper\"><style type=\"text\/css\" data-type=\"the7_shortcodes-inline-css\">.shortcode-single-image-wrap.shortcode-single-image-6210580eaf47f11db2a7fbc90b0ab951.enable-bg-rollover .rollover i,\n.shortcode-single-image-wrap.shortcode-single-image-6210580eaf47f11db2a7fbc90b0ab951.enable-bg-rollover .rollover-video i {\n  background: -webkit-linear-gradient();\n  background: linear-gradient();\n}\n.shortcode-single-image-wrap.shortcode-single-image-6210580eaf47f11db2a7fbc90b0ab951 .rollover-icon {\n  font-size: 32px;\n  color: #ffffff;\n  min-width: 44px;\n  min-height: 44px;\n  line-height: 44px;\n  border-radius: 100px;\n  border-style: solid;\n  border-width: 0px;\n}\n.dt-icon-bg-on.shortcode-single-image-wrap.shortcode-single-image-6210580eaf47f11db2a7fbc90b0ab951 .rollover-icon {\n  background: rgba(255,255,255,0.3);\n  box-shadow: none;\n}<\/style><div class=\"shortcode-single-image-wrap shortcode-single-image-6210580eaf47f11db2a7fbc90b0ab951 alignnone  enable-bg-rollover dt-icon-bg-off\" style=\"margin-top:0px; margin-bottom:0px; margin-left:0px; margin-right:0px; width:1000px;\"><div class=\"shortcode-single-image\"><div class=\"fancy-media-wrap\" style=\"\"><a class=\"layzr-bg rollover rollover-zoom dt-pswp-item pswp-image\" href=\"https:\/\/www.universalsutures.com\/wp-content\/uploads\/2020\/09\/Loop-Suture.jpg\" title=\"Endo Loop Suture\" data-dt-img-description=\"\" data-large_image_width=\"1500\" data-large_image_height = \"930\"  style=\"\"><img fetchpriority=\"high\" decoding=\"async\" class=\"preload-me lazy-load aspect\" src=\"data:image\/svg+xml,%3Csvg%20xmlns%3D&#039;http%3A%2F%2Fwww.w3.org%2F2000%2Fsvg&#039;%20viewBox%3D&#039;0%200%201000%20550&#039;%2F%3E\" data-src=\"https:\/\/www.universalsutures.com\/wp-content\/uploads\/2020\/09\/Loop-Suture-1000x550.jpg\" data-srcset=\"https:\/\/www.universalsutures.com\/wp-content\/uploads\/2020\/09\/Loop-Suture-1000x550.jpg 1000w, https:\/\/www.universalsutures.com\/wp-content\/uploads\/2020\/09\/Loop-Suture-1500x825.jpg 1500w\" loading=\"eager\" style=\"--ratio: 1000 \/ 550\" sizes=\"(max-width: 1000px) 100vw, 1000px\" width=\"1000\" height=\"550\" data-dt-location=\"https:\/\/www.universalsutures.com\/fr\/produits\/boucle-de-suture\/attachment\/loop-suture-2\/\" alt=\"Endo Loop Suture\" title=\"\"><\/a><\/div><\/div><\/div><div id=\"ultimate-heading-98369dc284922939\" class=\"uvc-heading ult-adjust-bottom-margin ultimate-heading-98369dc284922939 uvc-2578\" data-hspacer=\"line_only\"  data-halign=\"left\" style=\"text-align:left\"><div class=\"uvc-main-heading ult-responsive\"  data-ultimate-target='.uvc-heading.ultimate-heading-98369dc284922939 h2'  data-responsive-json-new='{\"font-size\":\"desktop:35px;\",\"line-height\":\"desktop:45px;\"}' ><h2 style=\"font-weight:bold;color:#1f365c;margin-top:20px;\">CATGUT CHROMIC ENDO LOOP SUTURE<\/h2><\/div><div class=\"uvc-sub-heading ult-responsive\"  data-ultimate-target='.uvc-heading.ultimate-heading-98369dc284922939 .uvc-sub-heading '  data-responsive-json-new='{\"font-size\":\"desktop:22px;\",\"line-height\":\"desktop:28px;\"}'  style=\"font-weight:normal;color:#ffb536;margin-top:7px;\">Suture chirurgicale r\u00e9sorbable U.S.P.<\/div><div class=\"uvc-heading-spacer line_only\" style=\"margin-top:15px;margin-bottom:15px;height:0.5px;\"><span class=\"uvc-headings-line\" style=\"border-style:solid;border-bottom-width:0.5px;border-color:#337ab7;width:autopx;\"><\/span><\/div><\/div>\n\t<div class=\"wpb_text_column wpb_content_element  vc_custom_1757669332736\" >\n\t\t<div class=\"wpb_wrapper\">\n\t\t\t<p style=\"text-align: justify;\">Endo Loop Suture is natural surgical gut suture made by twisting together strand of Collagenous material taken from the submucosal layers of the small intestine of healthy sheep and goat. The chromic suture is processed to provide higher resistance to absorption and treated with chromic salts to delay absorption. Endo Loop Suture is formed in a ligature loop with knot, and it meets all the requirements as per the United States Pharmacopeia for Natural Absorbable Suture.<\/p>\n\n\t\t<\/div>\n\t<\/div>\n<div id=\"ultimate-heading-527369dc284922c24\" class=\"uvc-heading ult-adjust-bottom-margin ultimate-heading-527369dc284922c24 uvc-7365\" data-hspacer=\"no_spacer\"  data-halign=\"left\" style=\"text-align:left\"><div class=\"uvc-heading-spacer no_spacer\" style=\"top\"><\/div><div class=\"uvc-main-heading ult-responsive\"  data-ultimate-target='.uvc-heading.ultimate-heading-527369dc284922c24 h2'  data-responsive-json-new='{\"font-size\":\"desktop:30px;\",\"line-height\":\"desktop:35px;\"}' ><h2 style=\"font-weight:bold;color:#1f365c;margin-bottom:15px;\">Indications of Endo Loop Suture<\/h2><\/div><\/div><div class=\"standard-arrow list-divider bullet-top\"><p style=\"text-align: justify;\">Boucles De Suture facilite la ligature des p\u00e9dicules lors des proc\u00e9dures laparoscopiques et est destin\u00e9 \u00e0 \u00eatre utilis\u00e9 dans l'appendicectomie, la chol\u00e9cystectomie et d'autres interventions chirurgicales. Sp\u00e9cialement con\u00e7u pour une manipulation facile. Offre une proc\u00e9dure de ligature rapide.<\/p>\n<\/div><div id=\"ultimate-heading-680969dc284922cf5\" class=\"uvc-heading ult-adjust-bottom-margin ultimate-heading-680969dc284922cf5 uvc-1347\" data-hspacer=\"no_spacer\"  data-halign=\"left\" style=\"text-align:left\"><div class=\"uvc-heading-spacer no_spacer\" style=\"top\"><\/div><div class=\"uvc-main-heading ult-responsive\"  data-ultimate-target='.uvc-heading.ultimate-heading-680969dc284922cf5 h2'  data-responsive-json-new='{\"font-size\":\"desktop:30px;\",\"line-height\":\"desktop:35px;\"}' ><h2 style=\"font-weight:bold;color:#1f365c;margin-bottom:15px;\">Applications:<\/h2><\/div><\/div><div class=\"standard-arrow list-divider bullet-top\"><p style=\"text-align: justify;\">Endo loop suture consists of a long ligature in a PP tube that is narrow at one end and scored at the other, where suture is attached and is formed in a ligature loop with a knot. Once the ligature is in place, the scored end is simply snapped and pulled upward to tighten the loop and secure the knot.<\/p>\n<blockquote><p>\n<strong>Stockage:<\/strong> Recommended storage conditions is below 30\u00b0C, away from moisture and direct sunlight\/heat. Do not use after the expiry date.\n<\/p><\/blockquote>\n<\/div><div class=\"vc_tta-container\" data-vc-action=\"collapseAll\"><div class=\"vc_general vc_tta vc_tta-accordion vc_tta-color-sky vc_tta-style-modern vc_tta-shape-square vc_tta-spacing-5 vc_tta-gap-5 vc_tta-controls-align-default vc_tta-o-all-clickable vc_custom_1707805481890\"><div class=\"vc_tta-panels-container\"><div class=\"vc_tta-panels\"><div class=\"vc_tta-panel vc_active\" id=\"1635796266468-b54f89d4-9dcd\" data-vc-content=\".vc_tta-panel-body\"><div class=\"vc_tta-panel-heading\"><h4 class=\"vc_tta-panel-title vc_tta-controls-icon-position-left\"><a href=\"#1635796266468-b54f89d4-9dcd\" data-vc-accordion data-vc-container=\".vc_tta-container\"><span class=\"vc_tta-title-text\">Code produit et taille\u00a0:<\/span><i class=\"vc_tta-controls-icon vc_tta-controls-icon-plus\"><\/i><\/a><\/h4><\/div><div class=\"vc_tta-panel-body\"><div class=\"standard-arrow list-divider bullet-top\"><p>Sutures de diff\u00e9rentes longueurs et calibres de USP 6-0 \u00e0 1, disponibles en six unit\u00e9s par bo\u00eete.<\/p>\n<ul>\n<li><strong>Num\u00e9ro de code\u00a0:<\/strong> UL2215<\/li>\n<li><strong>Taille des sutures USP:<\/strong> 1<\/li>\n<li><strong>Longueur de la suture :<\/strong> 50 cm<\/li>\n<li><strong>Description:<\/strong> Sans aiguille<\/li>\n<\/ul>\n<\/div><div class=\"vc_btn3-container  wpb_animate_when_almost_visible wpb_zoomIn zoomIn vc_btn3-left\" ><a class=\"vc_general vc_btn3 vc_btn3-size-lg vc_btn3-shape-rounded vc_btn3-style-modern vc_btn3-block vc_btn3-icon-left vc_btn3-color-green\" href=\"https:\/\/www.universalsutures.com\/fr\/produits\/polypropylene-suture-non-resorbable-monofilament\/\" title=\"DEMANDE DE DEVIS\"><i class=\"vc_btn3-icon fas fa-share\"><\/i> DEMANDER UN DEVIS INSTANTAN\u00c9<\/a><\/div><\/div><\/div><div class=\"vc_tta-panel\" id=\"1688976955748-6e08411c-2baa\" data-vc-content=\".vc_tta-panel-body\"><div class=\"vc_tta-panel-heading\"><h4 class=\"vc_tta-panel-title vc_tta-controls-icon-position-left\"><a href=\"#1688976955748-6e08411c-2baa\" data-vc-accordion data-vc-container=\".vc_tta-container\"><span class=\"vc_tta-title-text\">Informations utiles<\/span><i class=\"vc_tta-controls-icon vc_tta-controls-icon-plus\"><\/i><\/a><\/h4><\/div><div class=\"vc_tta-panel-body\">\n\t<div class=\"wpb_text_column wpb_content_element\" >\n\t\t<div class=\"wpb_wrapper\">\n\t\t\t<div id=\"footable_parent_4570\"\n         class=\"footable_parent ninja_table_wrapper loading_ninja_table wp_table_data_press_parent semantic_ui colored_table\">\n                <table data-ninja_table_instance=\"ninja_table_instance_0\" data-footable_id=\"4570\" data-filter-delay=\"1000\" aria-label=\"Loop Suture (Additional Information)\"            id=\"footable_4570\"\n           data-unique_identifier=\"ninja_table_unique_id_2273935442_4570\"\n           class=\"foo-table ninja_footable foo_table_4570 ninja_table_unique_id_2273935442_4570 ui table  nt_type_legacy_table celled striped compact vertical_centered ninja_custom_color inverted footable-paging-right ninjatable_hide_header_row ninja_table_search_disabled ninja_table_pro\">\n                <colgroup>\n                            <col class=\"ninja_column_0\">\n                            <col class=\"ninja_column_1\">\n                    <\/colgroup>\n        <thead>\n<tr class=\"footable-header\">\n                                        <th scope=\"col\"  class=\"ninja_column_0 ninja_clmn_nm_ninja_column_1\">Ninja Colonne 1<\/th><th scope=\"col\"  class=\"ninja_column_1 ninja_clmn_nm_ninja_column_2\">Colonne Ninja 2<\/th><\/tr>\n<\/thead>\n<tbody>\n\n        <tr data-row_id=\"698\" class=\"ninja_table_row_0 nt_row_id_698\">\n            <td>Caract\u00e9ristiques<\/td><td>Suture chirurgicale r\u00e9sorbable naturelle<\/td>        <\/tr>\n            <tr data-row_id=\"699\" class=\"ninja_table_row_1 nt_row_id_699\">\n            <td>Taper<\/td><td>Il s'agit d'une structure multifilament torsad\u00e9e avec un aspect monofilament.<\/td>        <\/tr>\n            <tr data-row_id=\"700\" class=\"ninja_table_row_2 nt_row_id_700\">\n            <td>Mat\u00e9rielle<\/td><td>Catgut Chromique<\/td>        <\/tr>\n            <tr data-row_id=\"701\" class=\"ninja_table_row_3 nt_row_id_701\">\n            <td>Couleur<\/td><td>Brun<\/td>        <\/tr>\n            <tr data-row_id=\"702\" class=\"ninja_table_row_4 nt_row_id_702\">\n            <td>Soutien des plaies<\/td><td>14 \u00e0 21 jours<\/td>        <\/tr>\n            <tr data-row_id=\"703\" class=\"ninja_table_row_5 nt_row_id_703\">\n            <td>Absorption<\/td><td>L'absorption s'effectue par un m\u00e9canisme enzymatique et est compl\u00e8tement absorb\u00e9e en 90 \u00e0 120 jours.<\/td>        <\/tr>\n            <tr data-row_id=\"704\" class=\"ninja_table_row_6 nt_row_id_704\">\n            <td>R\u00e9sistance \u00e0 la traction<\/td><td>La r\u00e9sistance \u00e0 la traction initiale dure de 14 \u00e0 21 jours<\/td>        <\/tr>\n            <tr data-row_id=\"705\" class=\"ninja_table_row_7 nt_row_id_705\">\n            <td>Gamme USP<\/td><td>Taille 1, Ligature \u00e0 boucle pr\u00e9-nou\u00e9e 50 cm. <\/td>        <\/tr>\n            <tr data-row_id=\"706\" class=\"ninja_table_row_8 nt_row_id_706\">\n            <td>St\u00e9rilisation<\/td><td>St\u00e9rilis\u00e9 par rayonnement (rayonnement gamma). <\/td>        <\/tr>\n            <tr data-row_id=\"707\" class=\"ninja_table_row_9 nt_row_id_707\">\n            <td>Dur\u00e9e de conservation<\/td><td>5 ann\u00e9es<\/td>        <\/tr>\n            <tr data-row_id=\"708\" class=\"ninja_table_row_10 nt_row_id_708\">\n            <td>Caract\u00e9ristiques du produit<\/td><td>Excellente r\u00e9sistance \u00e0 la traction, Excellente nouage, R\u00e9action tissulaire minimale<\/td>        <\/tr>\n            <tr data-row_id=\"709\" class=\"ninja_table_row_11 nt_row_id_709\">\n            <td>Emballage<\/td><td>Emball\u00e9 6 pi\u00e8ces par bo\u00eete<\/td>        <\/tr>\n            <tr data-row_id=\"710\" class=\"ninja_table_row_12 nt_row_id_710\">\n            <td>Type d'aiguille<\/td><td>Corps rond, tranchant, pointe conique, droit, coupe invers\u00e9e. <\/td>        <\/tr>\n            <tr data-row_id=\"711\" class=\"ninja_table_row_13 nt_row_id_711\">\n            <td>MFG. LIC No<\/td><td>MFG\/MD\/2020\/000109 <\/td>        <\/tr>\n            <tr data-row_id=\"712\" class=\"ninja_table_row_14 nt_row_id_712\">\n            <td>OEM. Non LIC<\/td><td>KA\/DEVICE\/MFG\/MD\/2020\/000109  <\/td>        <\/tr>\n    <\/tbody><!--ninja_tobody_rendering_done-->\n    <\/table>\n    \n    \n    \n<\/div>\n\n\n\t\t<\/div>\n\t<\/div>\n<\/div><\/div><div class=\"vc_tta-panel\" id=\"1636352608080-a9d7016e-81d7\" data-vc-content=\".vc_tta-panel-body\"><div class=\"vc_tta-panel-heading\"><h4 class=\"vc_tta-panel-title vc_tta-controls-icon-position-left\"><a href=\"#1636352608080-a9d7016e-81d7\" data-vc-accordion data-vc-container=\".vc_tta-container\"><span class=\"vc_tta-title-text\">Brochure:<\/span><i class=\"vc_tta-controls-icon vc_tta-controls-icon-plus\"><\/i><\/a><\/h4><\/div><div class=\"vc_tta-panel-body\"><div class=\"vc_icon_element vc_icon_element-outer vc_do_icon vc_icon_element-align-left vc_icon_element-have-style\"><div class=\"vc_icon_element-inner vc_icon_element-color-juicy_pink vc_icon_element-have-style-inner vc_icon_element-size-lg vc_icon_element-style-boxed vc_icon_element-background vc_icon_element-background-color-grey\" ><span class=\"vc_icon_element-icon fas fa-file-pdf\" ><\/span><a class=\"vc_icon_element-link\" href=\"https:\/\/drive.google.com\/file\/d\/1gfK1H-DZa27saaC2Gtd8HJORe6Z3IEQn\/view?usp=sharing\" title=\"\" target=\"_blank\" rel=\"noopener\"><\/a><\/div><\/div><\/div><\/div><div class=\"vc_tta-panel\" id=\"1639568515101-18c97d34-465d\" data-vc-content=\".vc_tta-panel-body\"><div class=\"vc_tta-panel-heading\"><h4 class=\"vc_tta-panel-title vc_tta-controls-icon-position-left\"><a href=\"#1639568515101-18c97d34-465d\" data-vc-accordion data-vc-container=\".vc_tta-container\"><span class=\"vc_tta-title-text\">Mode d'action :<\/span><i class=\"vc_tta-controls-icon vc_tta-controls-icon-plus\"><\/i><\/a><\/h4><\/div><div class=\"vc_tta-panel-body\">\n\t<div class=\"wpb_text_column wpb_content_element\" >\n\t\t<div class=\"wpb_wrapper\">\n\t\t\t<p style=\"text-align: justify;\">Boucles De Suture \u00e9voque un <a href=\"https:\/\/www.sciencedirect.com\/topics\/medicine-and-dentistry\/tissue-reaction\" target=\"_blank\" rel=\"noopener noreferrer\">r\u00e9action inflammatoire minimale<\/a> dans les tissus en raison d'une r\u00e9ponse \u00e0 un corps \u00e9tranger. UNILOOP perd progressivement sa r\u00e9sistance \u00e0 la traction et est finalement absorb\u00e9 par le processus digestif enzymatique prot\u00e9olytique. Une r\u00e9sistance \u00e0 la traction significative est conserv\u00e9e jusqu'\u00e0 10 \u00e0 14 jours initiaux et une certaine r\u00e9sistance mesurable est conserv\u00e9e jusqu'\u00e0 21 jours.<\/p>\n<p style=\"text-align: justify;\">L'absorption compl\u00e8te de Boucles De Suture a lieu entre 90 et 100 jours. En raison de la variabilit\u00e9 inh\u00e9rente au mat\u00e9riau naturel, la perte de r\u00e9sistance \u00e0 la traction et le taux d\u2019absorption varient. Les sites d'infection et de tissus peuvent affecter la perte de r\u00e9sistance \u00e0 la traction et le taux d'absorption.<\/p>\n<p style=\"text-align: justify;\">Boucles De Suture est absorb\u00e9 plus rapidement dans le cas de tissus infect\u00e9s que dans les tissus non infect\u00e9s et lorsque des niveaux accrus d'enzymes prot\u00e9olytiques sont pr\u00e9sents, comme dans les s\u00e9cr\u00e9tions de l'estomac, du col de l'ut\u00e9rus et du vagin<\/p>\n\n\t\t<\/div>\n\t<\/div>\n<\/div><\/div><div class=\"vc_tta-panel\" id=\"1639568537086-d7e5cee7-c9c3\" data-vc-content=\".vc_tta-panel-body\"><div class=\"vc_tta-panel-heading\"><h4 class=\"vc_tta-panel-title vc_tta-controls-icon-position-left\"><a href=\"#1639568537086-d7e5cee7-c9c3\" data-vc-accordion data-vc-container=\".vc_tta-container\"><span class=\"vc_tta-title-text\">Technique chirurgicale<\/span><i class=\"vc_tta-controls-icon vc_tta-controls-icon-plus\"><\/i><\/a><\/h4><\/div><div class=\"vc_tta-panel-body\">\n\t<div class=\"wpb_text_column wpb_content_element\" >\n\t\t<div class=\"wpb_wrapper\">\n\t\t\t<p style=\"text-align: justify;\">Boucles De Suture est un dispositif d'endosuture simple con\u00e7u pour ligaturer les tissus avec un n\u0153ud coulant en boucle. Il est actuellement disponible dans une vari\u00e9t\u00e9 de tailles et de mat\u00e9riaux de suture. La boucle peut \u00eatre plac\u00e9e avec pr\u00e9cision autour des p\u00e9dicules tissulaires et des vaisseaux sanguins. La ligature et l'h\u00e9mostase peuvent \u00eatre r\u00e9alis\u00e9es car la boucle se resserre autour du tissu et se fixe en place \u00e0 l'aide d'un poussoir \u00e0 n\u0153uds en PP.<\/p>\n<p style=\"text-align: justify;\">Les avantages de cette technique sont la relative facilit\u00e9 d\u2019utilisation, la pr\u00e9cision et l\u2019excellente h\u00e9mostase. Il faut toujours envisager d\u2019utiliser un Uniloop lorsqu\u2019on tente de contr\u00f4ler un saignement. Contrairement aux bistouris \u00e9lectriques ou aux clips m\u00e9talliques, un Uniloop, lorsqu'il est appliqu\u00e9, ne provoque aucune blessure thermique lat\u00e9rale ni traumatisme des tissus environnants.<\/p>\n\n\t\t<\/div>\n\t<\/div>\n<\/div><\/div><div class=\"vc_tta-panel\" id=\"1639568571014-65a95a1e-5c37\" data-vc-content=\".vc_tta-panel-body\"><div class=\"vc_tta-panel-heading\"><h4 class=\"vc_tta-panel-title vc_tta-controls-icon-position-left\"><a href=\"#1639568571014-65a95a1e-5c37\" data-vc-accordion data-vc-container=\".vc_tta-container\"><span class=\"vc_tta-title-text\">Avantages pour les m\u00e9decins et les patients<\/span><i class=\"vc_tta-controls-icon vc_tta-controls-icon-plus\"><\/i><\/a><\/h4><\/div><div class=\"vc_tta-panel-body\"><div class=\"standard-arrow list-divider bullet-top\"><p style=\"text-align: justify;\">Boucles De Suture se compose d'une ligature dans un tube en PP \u00e9troit \u00e0 une extr\u00e9mit\u00e9 et rainur\u00e9 \u00e0 l'autre, o\u00f9 il est fix\u00e9. La suture est form\u00e9e dans une boucle de ligature avec un n\u0153ud. Une fois la ligature en place, l'extr\u00e9mit\u00e9 rainur\u00e9e est simplement cass\u00e9e et tir\u00e9e vers le haut pour resserrer la boucle et s\u00e9curiser le n\u0153ud. Ainsi, UNILOOP peut \u00eatre utilis\u00e9 de mani\u00e8re \u00e9l\u00e9gante, simple et efficace par les chirurgiens.<\/p>\n<\/div><div class=\"standard-arrow list-divider bullet-top\"><p>UNILOOP en tant que dispositif standard pour les proc\u00e9dures laparoscopiques entra\u00eene une r\u00e9duction marginale des co\u00fbts perop\u00e9ratoires sans augmenter les r\u00e9sultats n\u00e9gatifs.<\/p>\n<\/div><\/div><\/div><div class=\"vc_tta-panel\" id=\"1606547772236-f2a93d01-6a6c\" data-vc-content=\".vc_tta-panel-body\"><div class=\"vc_tta-panel-heading\"><h4 class=\"vc_tta-panel-title vc_tta-controls-icon-position-left\"><a href=\"#1606547772236-f2a93d01-6a6c\" data-vc-accordion data-vc-container=\".vc_tta-container\"><span class=\"vc_tta-title-text\">Nous contacter<\/span><i class=\"vc_tta-controls-icon vc_tta-controls-icon-plus\"><\/i><\/a><\/h4><\/div><div class=\"vc_tta-panel-body\">\n\t<div class=\"wpb_text_column wpb_content_element\" >\n\t\t<div class=\"wpb_wrapper\">\n\t\t\t<div class=\"wpforms-container wpforms-container-full\" id=\"wpforms-3243\"><form id=\"wpforms-form-3243\" class=\"wpforms-validate wpforms-form\" data-formid=\"3243\" method=\"post\" enctype=\"multipart\/form-data\" action=\"\/fr\/wp-json\/wp\/v2\/pages\/3312\" data-token=\"7436707abb111837293717c6fd53a2c8\" data-token-time=\"1776035913\" data-trp-original-action=\"\/fr\/wp-json\/wp\/v2\/pages\/3312\"><noscript class=\"wpforms-error-noscript\">Veuillez activer JavaScript dans votre navigateur pour remplir ce formulaire.<\/noscript><div class=\"wpforms-field-container\"><div id=\"wpforms-3243-field_15-container\" class=\"wpforms-field wpforms-field-layout\" data-field-id=\"15\"><div class=\"wpforms-field-layout-columns wpforms-field-layout-preset-50-50\"><div class=\"wpforms-layout-column wpforms-layout-column-50\" ><div id=\"wpforms-3243-field_0-container\" class=\"wpforms-field wpforms-field-name\" data-field-id=\"0\"><label class=\"wpforms-field-label\" for=\"wpforms-3243-field_0\">Nom <span class=\"wpforms-required-label\">*<\/span><\/label><input type=\"text\" id=\"wpforms-3243-field_0\" class=\"wpforms-field-large wpforms-field-required\" name=\"wpforms[fields][0]\" required><\/div><\/div><div class=\"wpforms-layout-column wpforms-layout-column-50\" ><div id=\"wpforms-3243-field_2-container\" class=\"wpforms-field wpforms-field-email\" data-field-id=\"2\"><label class=\"wpforms-field-label\" for=\"wpforms-3243-field_2\">Courriel <span class=\"wpforms-required-label\">*<\/span><\/label><input type=\"email\" id=\"wpforms-3243-field_2\" class=\"wpforms-field-large wpforms-field-required\" name=\"wpforms[fields][2]\" spellcheck=\"false\" required><\/div><\/div><\/div><\/div><div id=\"wpforms-3243-field_14-container\" class=\"wpforms-field wpforms-field-layout\" data-field-id=\"14\"><div class=\"wpforms-field-layout-columns wpforms-field-layout-preset-50-50\"><div class=\"wpforms-layout-column wpforms-layout-column-50\" ><div id=\"wpforms-3243-field_7-container\" class=\"wpforms-field wpforms-field-text\" data-field-id=\"7\"><label class=\"wpforms-field-label\" for=\"wpforms-3243-field_7\">Pays <span class=\"wpforms-required-label\">*<\/span><\/label><input type=\"text\" id=\"wpforms-3243-field_7\" class=\"wpforms-field-large wpforms-field-required\" name=\"wpforms[fields][7]\" required><\/div><\/div><div class=\"wpforms-layout-column wpforms-layout-column-50\" ><div id=\"wpforms-3243-field_11-container\" class=\"wpforms-field wpforms-field-phone\" data-field-id=\"11\"><label class=\"wpforms-field-label\" for=\"wpforms-3243-field_11\">T\u00e9l\u00e9phone <span class=\"wpforms-required-label\">*<\/span><\/label><input type=\"tel\" id=\"wpforms-3243-field_11\" class=\"wpforms-field-large wpforms-field-required wpforms-smart-phone-field\" data-rule-smart-phone-field=\"true\" name=\"wpforms[fields][11]\" aria-label=\"T\u00e9l\u00e9phone\" required><\/div><\/div><\/div><\/div><div id=\"wpforms-3243-field_20-container\" class=\"wpforms-field wpforms-field-text\" data-field-id=\"20\"><label class=\"wpforms-field-label\" for=\"wpforms-3243-field_20\">Company Name<\/label><input type=\"text\" id=\"wpforms-3243-field_20\" class=\"wpforms-field-large\" name=\"wpforms[fields][20]\" ><\/div><div id=\"wpforms-3243-field_4-container\" class=\"wpforms-field wpforms-field-textarea\" data-field-id=\"4\"><label class=\"wpforms-field-label\" for=\"wpforms-3243-field_4\">D\u00e9tails <span class=\"wpforms-required-label\">*<\/span><\/label><textarea id=\"wpforms-3243-field_4\" class=\"wpforms-field-medium wpforms-field-required\" name=\"wpforms[fields][4]\" required><\/textarea><\/div><\/div><!-- .wpforms-field-container --><div class=\"wpforms-recaptcha-container wpforms-is-recaptcha wpforms-is-recaptcha-type-v3\" ><input type=\"hidden\" name=\"wpforms[recaptcha]\" value=\"\"><\/div><div class=\"wpforms-submit-container\" ><input type=\"hidden\" name=\"wpforms[id]\" value=\"3243\"><input type=\"hidden\" name=\"page_title\" value=\"\"><input type=\"hidden\" name=\"page_url\" value=\"https:\/\/www.universalsutures.com\/fr\/wp-json\/wp\/v2\/pages\/3312\"><input type=\"hidden\" name=\"url_referer\" value=\"\"><button type=\"submit\" name=\"wpforms[submit]\" id=\"wpforms-submit-3243\" class=\"wpforms-submit\" data-alt-text=\"Sending...\" data-submit-text=\"Submit\" aria-live=\"assertive\" value=\"wpforms-submit\">Soumettre<\/button><\/div><input type=\"hidden\" name=\"trp-form-language\" value=\"fr\"\/><\/form><\/div>  <!-- .wpforms-container -->\n\n\t\t<\/div>\n\t<\/div>\n<\/div><\/div><\/div><\/div><\/div><\/div><\/div><\/div><\/div><\/div>\n<\/div>","protected":false},"excerpt":{"rendered":"<p>CATGUT CHROMIC ENDO LOOP SUTUREAbsorbable Surgical Suture U.S.P. Endo Loop Suture is natural surgical gut suture made by twisting together strand of Collagenous material taken from the submucosal layers of the small intestine of healthy sheep and goat. The chromic suture is processed to provide higher resistance to absorption and treated with chromic salts to&hellip;<\/p>","protected":false},"author":1,"featured_media":3313,"parent":1072,"menu_order":0,"comment_status":"closed","ping_status":"closed","template":"","meta":{"footnotes":""},"class_list":["post-3312","page","type-page","status-publish","has-post-thumbnail","hentry","description-off"],"_links":{"self":[{"href":"https:\/\/www.universalsutures.com\/fr\/wp-json\/wp\/v2\/pages\/3312","targetHints":{"allow":["GET"]}}],"collection":[{"href":"https:\/\/www.universalsutures.com\/fr\/wp-json\/wp\/v2\/pages"}],"about":[{"href":"https:\/\/www.universalsutures.com\/fr\/wp-json\/wp\/v2\/types\/page"}],"author":[{"embeddable":true,"href":"https:\/\/www.universalsutures.com\/fr\/wp-json\/wp\/v2\/users\/1"}],"replies":[{"embeddable":true,"href":"https:\/\/www.universalsutures.com\/fr\/wp-json\/wp\/v2\/comments?post=3312"}],"version-history":[{"count":2,"href":"https:\/\/www.universalsutures.com\/fr\/wp-json\/wp\/v2\/pages\/3312\/revisions"}],"predecessor-version":[{"id":9824,"href":"https:\/\/www.universalsutures.com\/fr\/wp-json\/wp\/v2\/pages\/3312\/revisions\/9824"}],"up":[{"embeddable":true,"href":"https:\/\/www.universalsutures.com\/fr\/wp-json\/wp\/v2\/pages\/1072"}],"wp:featuredmedia":[{"embeddable":true,"href":"https:\/\/www.universalsutures.com\/fr\/wp-json\/wp\/v2\/media\/3313"}],"wp:attachment":[{"href":"https:\/\/www.universalsutures.com\/fr\/wp-json\/wp\/v2\/media?parent=3312"}],"curies":[{"name":"wp","href":"https:\/\/api.w.org\/{rel}","templated":true}]}}