{"id":6761,"date":"2022-06-08T13:25:41","date_gmt":"2022-06-08T07:55:41","guid":{"rendered":"https:\/\/www.universalsutures.com\/?page_id=6761"},"modified":"2026-04-10T17:19:08","modified_gmt":"2026-04-10T11:49:08","slug":"equipe-unisur-lifecare","status":"publish","type":"page","link":"https:\/\/www.universalsutures.com\/fr\/equipe-unisur-lifecare\/","title":{"rendered":"Unisur Lifecare L'\u00e9quipe"},"content":{"rendered":"<div class=\"wpb-content-wrapper\"><div class=\"vc_row wpb_row vc_row-fluid\"><div class=\"wpb_column vc_column_container vc_col-sm-12\"><div class=\"vc_column-inner\"><div class=\"wpb_wrapper\"><style type=\"text\/css\" data-type=\"the7_shortcodes-inline-css\">.dt-team-shortcode.team-masonry-shortcode-id-a42a0ae1dcc6febfe818790d02fd49c2 .team-desc {\n  padding: 20px 20px 20px 20px;\n}\n.dt-team-shortcode.team-masonry-shortcode-id-a42a0ae1dcc6febfe818790d02fd49c2 .team-author-name,\n.dt-team-shortcode.team-masonry-shortcode-id-a42a0ae1dcc6febfe818790d02fd49c2 .team-author-name a {\n  color: #1f365c;\n  background: none;\n  margin-bottom: 0px;\n  font-size: 20px;\n  line-height: 30px;\n  font-weight: bold;\n}\n.dt-team-shortcode.team-masonry-shortcode-id-a42a0ae1dcc6febfe818790d02fd49c2 .post-details.details-type-link,\n.dt-team-shortcode.team-masonry-shortcode-id-a42a0ae1dcc6febfe818790d02fd49c2 .post-details.details-type-link * {\n  color: #1f365c;\n  background: none;\n}\n.dt-team-shortcode.team-masonry-shortcode-id-a42a0ae1dcc6febfe818790d02fd49c2 .team-author p {\n  margin-bottom: 10px;\n  color: #444444;\n  background: none;\n  font-weight: bold;\n}\n.dt-team-shortcode.team-masonry-shortcode-id-a42a0ae1dcc6febfe818790d02fd49c2  .team-media {\n  padding: 0px 0px 0px 0px;\n}\n.dt-team-shortcode.team-masonry-shortcode-id-a42a0ae1dcc6febfe818790d02fd49c2 .dt-css-grid .team-media img {\n  max-width: 100%;\n}\n.dt-team-shortcode.team-masonry-shortcode-id-a42a0ae1dcc6febfe818790d02fd49c2 .team-content {\n  margin-bottom: 5px;\n}\n.dt-team-shortcode.team-masonry-shortcode-id-a42a0ae1dcc6febfe818790d02fd49c2  .team-media,\n.dt-team-shortcode.team-masonry-shortcode-id-a42a0ae1dcc6febfe818790d02fd49c2  .team-media a.rollover,\n.dt-team-shortcode.team-masonry-shortcode-id-a42a0ae1dcc6febfe818790d02fd49c2  .team-media a.rollover *,\n.dt-team-shortcode.team-masonry-shortcode-id-a42a0ae1dcc6febfe818790d02fd49c2  .team-media img {\n  border-radius: 0px;\n}\n.dt-team-shortcode.team-masonry-shortcode-id-a42a0ae1dcc6febfe818790d02fd49c2 .soc-ico {\n  margin-bottom: 15px;\n}\n.dt-team-shortcode.team-masonry-shortcode-id-a42a0ae1dcc6febfe818790d02fd49c2 .soc-ico a {\n  min-width: 26px;\n  min-height: 26px;\n  font-size: 16px;\n  border-radius: 100px;\n}\n.dt-team-shortcode.team-masonry-shortcode-id-a42a0ae1dcc6febfe818790d02fd49c2 .soc-ico a:not(:last-child) {\n  margin-right: 4px;\n}\n.dt-team-shortcode.team-masonry-shortcode-id-a42a0ae1dcc6febfe818790d02fd49c2 .soc-ico a:before,\n.dt-team-shortcode.team-masonry-shortcode-id-a42a0ae1dcc6febfe818790d02fd49c2 .soc-ico a:after {\n  min-width: 26px;\n  min-height: 26px;\n  padding: inherit;\n}\n.dt-icon-border-on.dt-team-shortcode.team-masonry-shortcode-id-a42a0ae1dcc6febfe818790d02fd49c2 .soc-ico a:before {\n  border: 0px solid transparent;\n}\n.dt-team-shortcode.team-masonry-shortcode-id-a42a0ae1dcc6febfe818790d02fd49c2 .soc-ico a:hover {\n  font-size: 16px;\n}\n#page .dt-team-shortcode.team-masonry-shortcode-id-a42a0ae1dcc6febfe818790d02fd49c2 .soc-ico a:hover .soc-font-icon {\n  color: rgba(255,255,255,0.75);\n  background: none;\n}\n.dt-icon-border-hover-on.dt-team-shortcode.team-masonry-shortcode-id-a42a0ae1dcc6febfe818790d02fd49c2 .soc-ico a:after {\n  border: 0px solid transparent;\n}\n#page .dt-team-shortcode.team-masonry-shortcode-id-a42a0ae1dcc6febfe818790d02fd49c2 .soc-ico a:not(:hover) .soc-font-icon {\n  color: #ffffff;\n  background: none;\n}\n.dt-team-shortcode.team-masonry-shortcode-id-a42a0ae1dcc6febfe818790d02fd49c2 .soc-ico a .soc-font-icon {\n  font-size: 16px;\n}\n.dt-team-shortcode.team-masonry-shortcode-id-a42a0ae1dcc6febfe818790d02fd49c2 .filter-bg-decoration .filter-categories a.act {\n  color: #fff;\n}\n.dt-team-shortcode.team-masonry-shortcode-id-a42a0ae1dcc6febfe818790d02fd49c2:not(.resize-by-browser-width) .dt-css-grid {\n  grid-row-gap: 30px;\n  grid-column-gap: 30px;\n  grid-template-columns: repeat(auto-fill,minmax(,1fr));\n}\n.cssgridlegacy.no-cssgrid .dt-team-shortcode.team-masonry-shortcode-id-a42a0ae1dcc6febfe818790d02fd49c2:not(.resize-by-browser-width) .dt-css-grid,\n.no-cssgridlegacy.no-cssgrid .dt-team-shortcode.team-masonry-shortcode-id-a42a0ae1dcc6febfe818790d02fd49c2:not(.resize-by-browser-width) .dt-css-grid {\n  display: flex;\n  flex-flow: row wrap;\n  margin: -15px;\n}\n.cssgridlegacy.no-cssgrid .dt-team-shortcode.team-masonry-shortcode-id-a42a0ae1dcc6febfe818790d02fd49c2:not(.resize-by-browser-width) .dt-css-grid .wf-cell,\n.no-cssgridlegacy.no-cssgrid .dt-team-shortcode.team-masonry-shortcode-id-a42a0ae1dcc6febfe818790d02fd49c2:not(.resize-by-browser-width) .dt-css-grid .wf-cell {\n  flex: 1 0 ;\n  max-width: 100%;\n  padding: 15px;\n  box-sizing: border-box;\n}\n.dt-team-shortcode.team-masonry-shortcode-id-a42a0ae1dcc6febfe818790d02fd49c2.resize-by-browser-width .dt-css-grid {\n  grid-template-columns: repeat(3,1fr);\n  grid-template-rows: auto;\n  grid-column-gap: 30px;\n  grid-row-gap: 30px;\n}\n.cssgridlegacy.no-cssgrid .dt-team-shortcode.team-masonry-shortcode-id-a42a0ae1dcc6febfe818790d02fd49c2.resize-by-browser-width .dt-css-grid,\n.no-cssgridlegacy.no-cssgrid .dt-team-shortcode.team-masonry-shortcode-id-a42a0ae1dcc6febfe818790d02fd49c2.resize-by-browser-width .dt-css-grid {\n  margin: -15px;\n}\n.cssgridlegacy.no-cssgrid .dt-team-shortcode.team-masonry-shortcode-id-a42a0ae1dcc6febfe818790d02fd49c2.resize-by-browser-width .dt-css-grid .wf-cell,\n.no-cssgridlegacy.no-cssgrid .dt-team-shortcode.team-masonry-shortcode-id-a42a0ae1dcc6febfe818790d02fd49c2.resize-by-browser-width .dt-css-grid .wf-cell {\n  width: 33.333333333333%;\n  padding: 15px;\n}\n@media screen and (max-width: 1199px) {\n  .dt-team-shortcode.team-masonry-shortcode-id-a42a0ae1dcc6febfe818790d02fd49c2.resize-by-browser-width .dt-css-grid {\n    grid-template-columns: repeat(3,1fr);\n  }\n  .cssgridlegacy.no-cssgrid .dt-team-shortcode.team-masonry-shortcode-id-a42a0ae1dcc6febfe818790d02fd49c2.resize-by-browser-width .dt-css-grid .wf-cell,\n  .no-cssgridlegacy.no-cssgrid .dt-team-shortcode.team-masonry-shortcode-id-a42a0ae1dcc6febfe818790d02fd49c2.resize-by-browser-width .dt-css-grid .wf-cell {\n    width: 33.333333333333%;\n  }\n}\n@media screen and (max-width: 991px) {\n  .dt-team-shortcode.team-masonry-shortcode-id-a42a0ae1dcc6febfe818790d02fd49c2.resize-by-browser-width .dt-css-grid {\n    grid-template-columns: repeat(2,1fr);\n  }\n  .cssgridlegacy.no-cssgrid .dt-team-shortcode.team-masonry-shortcode-id-a42a0ae1dcc6febfe818790d02fd49c2.resize-by-browser-width .dt-css-grid .wf-cell,\n  .no-cssgridlegacy.no-cssgrid .dt-team-shortcode.team-masonry-shortcode-id-a42a0ae1dcc6febfe818790d02fd49c2.resize-by-browser-width .dt-css-grid .wf-cell {\n    width: 50%;\n  }\n}\n@media screen and (max-width: 767px) {\n  .dt-team-shortcode.team-masonry-shortcode-id-a42a0ae1dcc6febfe818790d02fd49c2.resize-by-browser-width .dt-css-grid {\n    grid-template-columns: repeat(1,1fr);\n  }\n  .cssgridlegacy.no-cssgrid .dt-team-shortcode.team-masonry-shortcode-id-a42a0ae1dcc6febfe818790d02fd49c2.resize-by-browser-width .dt-css-grid .wf-cell,\n  .no-cssgridlegacy.no-cssgrid .dt-team-shortcode.team-masonry-shortcode-id-a42a0ae1dcc6febfe818790d02fd49c2.resize-by-browser-width .dt-css-grid .wf-cell {\n    width: 100%;\n  }\n}<\/style><div class=\"dt-team-masonry-shortcode dt-team-shortcode team-masonry-shortcode-id-a42a0ae1dcc6febfe818790d02fd49c2 loading-effect-none mode-grid jquery-filter content-align-center content-bg-on dt-css-grid-wrap scale-img dt-css-grid-wrap dt-icon-bg-on dt-icon-border-on dt-icon-hover-bg-on dt-icon-border-hover-on move-icons-under-position resize-by-browser-width\" data-padding=\"15px\" data-cur-page=\"1\" data-post-limit=\"-1\" data-pagination-mode=\"none\" data-desktop-columns-num=\"3\" data-v-tablet-columns-num=\"2\" data-h-tablet-columns-num=\"3\" data-phone-columns-num=\"1\" data-width=\"0px\" data-columns=\"0\"><div class=\"dt-css-grid\" ><div class=\"visible wf-cell\" data-post-id=\"6510\" data-date=\"2022-05-30T12:04:46+05:30\" data-name=\"Mr. Nandakishore L\"><div class=\"team-container visible post post-6510 dt_team type-dt_team status-publish has-post-thumbnail hentry dt_team_category-unisur-lifecare-team dt_team_category-2015\"><div class=\"team-media\"><a href=\"https:\/\/www.universalsutures.com\/fr\/dt_team\/m-nandakishore-l\/\" class=\"rollover layzr-bg\"><img fetchpriority=\"high\" decoding=\"async\" class=\"preload-me iso-lazy-load aspect\" src=\"data:image\/svg+xml,%3Csvg%20xmlns%3D&#039;http%3A%2F%2Fwww.w3.org%2F2000%2Fsvg&#039;%20viewBox%3D&#039;0%200%20300%20300&#039;%2F%3E\" data-src=\"https:\/\/www.universalsutures.com\/wp-content\/uploads\/2022\/05\/kishore-nand.jpg\" data-srcset=\"https:\/\/www.universalsutures.com\/wp-content\/uploads\/2022\/05\/kishore-nand.jpg 300w\" loading=\"eager\" style=\"--ratio: 300 \/ 300\" sizes=\"(max-width: 300px) 100vw, 300px\" width=\"300\" height=\"300\" title=\"kishore nand\" alt=\"\"><\/a><\/div><div class=\"team-desc\"><div class=\"team-author\"><div class=\"team-author-name\"><a href=\"https:\/\/www.universalsutures.com\/fr\/dt_team\/m-nandakishore-l\/\">Mr. Nandakishore L<\/a><\/div><p>Directeur <br>\r\n(Finance\u00a0and\u00a0Operations)<\/p><\/div><div class=\"team-content\"><p>M. Nandakishore L fait partie int\u00e9grante d'Unisur Lifecare, o\u00f9 il occupe le poste de directeur des finances et des op\u00e9rations.<\/p>\n<\/div><div class=\"soc-ico\"><a title=\"E-mail\" href=\"mailto:kishore@jhpl.org\" target=\"_top\" class=\"mail\"><span class=\"soc-font-icon\"><\/span><span class=\"screen-reader-text\">E-mail<\/span><\/a><a title=\"LinkedIn\" href=\"https:\/\/www.linkedin.com\/in\/nandakishore-lakshmipathy-86116015b\/\" target=\"_blank\" class=\"linkedin\" rel=\"noopener\"><span class=\"soc-font-icon\"><\/span><span class=\"screen-reader-text\">LinkedIn<\/span><\/a><\/div>\n<a href=\"https:\/\/www.universalsutures.com\/fr\/dt_team\/m-nandakishore-l\/\" class=\"dt-btn-s dt-btn post-details details-type-btn\" aria-label=\"Read more about Mr. Nandakishore L\">Voir les d\u00e9tails<i class=\"dt-icon-the7-arrow-03\" aria-hidden=\"true\"><\/i><\/a>\n<\/div><\/div><\/div><div class=\"visible wf-cell\" data-post-id=\"7539\" data-date=\"2023-11-27T13:02:52+05:30\" data-name=\"Avinash\"><div class=\"team-container visible post post-7539 dt_team type-dt_team status-publish has-post-thumbnail hentry dt_team_category-unisur-lifecare-team dt_team_category-2015\"><div class=\"team-media\"><span><img decoding=\"async\" class=\"preload-me iso-lazy-load aspect\" src=\"data:image\/svg+xml,%3Csvg%20xmlns%3D&#039;http%3A%2F%2Fwww.w3.org%2F2000%2Fsvg&#039;%20viewBox%3D&#039;0%200%20300%20300&#039;%2F%3E\" data-src=\"https:\/\/www.universalsutures.com\/wp-content\/uploads\/2023\/11\/Untitled-design.jpg\" data-srcset=\"https:\/\/www.universalsutures.com\/wp-content\/uploads\/2023\/11\/Untitled-design.jpg 300w\" loading=\"eager\" style=\"--ratio: 300 \/ 300\" sizes=\"(max-width: 300px) 100vw, 300px\" width=\"300\" height=\"300\" title=\"Conception sans titre\" alt=\"\"><\/span><\/div><div class=\"team-desc\"><div class=\"team-author\"><div class=\"team-author-name\">Avinash<\/div><p>Chef d'usine<\/p><\/div><div class=\"team-content\"><p>Avinash responsibility to ensure that all the products &#038; services provided by company meet the highest quality standards.<\/p>\n<\/div><div class=\"soc-ico\"><a title=\"E-mail\" href=\"mailto:avinash@universalsutures.com\" target=\"_top\" class=\"mail\"><span class=\"soc-font-icon\"><\/span><span class=\"screen-reader-text\">E-mail<\/span><\/a><a title=\"LinkedIn\" href=\"https:\/\/www.linkedin.com\/in\/avinash-p-r-94282b161\/\" target=\"_blank\" class=\"linkedin\" rel=\"noopener\"><span class=\"soc-font-icon\"><\/span><span class=\"screen-reader-text\">LinkedIn<\/span><\/a><\/div><\/div><\/div><\/div><div class=\"visible wf-cell\" data-post-id=\"7543\" data-date=\"2023-11-27T13:12:34+05:30\" data-name=\"Jancy\"><div class=\"team-container visible post post-7543 dt_team type-dt_team status-publish has-post-thumbnail hentry dt_team_category-unisur-lifecare-team dt_team_category-2015\"><div class=\"team-media\"><span><img decoding=\"async\" class=\"preload-me iso-lazy-load aspect\" src=\"data:image\/svg+xml,%3Csvg%20xmlns%3D&#039;http%3A%2F%2Fwww.w3.org%2F2000%2Fsvg&#039;%20viewBox%3D&#039;0%200%20300%20300&#039;%2F%3E\" data-src=\"https:\/\/www.universalsutures.com\/wp-content\/uploads\/2022\/06\/jancy-new.jpg\" data-srcset=\"https:\/\/www.universalsutures.com\/wp-content\/uploads\/2022\/06\/jancy-new.jpg 300w\" loading=\"eager\" style=\"--ratio: 300 \/ 300\" sizes=\"(max-width: 300px) 100vw, 300px\" width=\"300\" height=\"300\" title=\"jancy nouveau\" alt=\"\"><\/span><\/div><div class=\"team-desc\"><div class=\"team-author\"><div class=\"team-author-name\">Jancy<\/div><p>Gestionnaire<br> (Exportateur indien et Mesh in Bulk)<\/p><\/div><div class=\"team-content\"><p>Jancy poss\u00e8de une connaissance approfondie des op\u00e9rations et des processus de l'entreprise, ainsi qu'une capacit\u00e9 \u00e0 g\u00e9rer les priorit\u00e9s, \u00e0 hi\u00e9rarchiser les t\u00e2ches et \u00e0 atteindre les objectifs.<\/p>\n<\/div><div class=\"soc-ico\"><a title=\"E-mail\" href=\"mailto:jancy@universalsutures.com\" target=\"_top\" class=\"mail\"><span class=\"soc-font-icon\"><\/span><span class=\"screen-reader-text\">E-mail<\/span><\/a><a title=\"LinkedIn\" href=\"https:\/\/www.linkedin.com\/in\/jancy-jerald-64036817a\/\" target=\"_blank\" class=\"linkedin\" rel=\"noopener\"><span class=\"soc-font-icon\"><\/span><span class=\"screen-reader-text\">LinkedIn<\/span><\/a><\/div><\/div><\/div><\/div><div class=\"visible wf-cell\" data-post-id=\"8661\" data-date=\"2024-08-01T17:07:55+05:30\" data-name=\"Mr. John Mathew\"><div class=\"team-container visible post post-8661 dt_team type-dt_team status-publish has-post-thumbnail hentry dt_team_category-unisur-lifecare-team dt_team_category-2015\"><div class=\"team-media\"><a href=\"https:\/\/www.universalsutures.com\/fr\/dt_team\/mr-john-mathew\/\" class=\"rollover layzr-bg\"><img decoding=\"async\" class=\"preload-me iso-lazy-load aspect\" src=\"data:image\/svg+xml,%3Csvg%20xmlns%3D&#039;http%3A%2F%2Fwww.w3.org%2F2000%2Fsvg&#039;%20viewBox%3D&#039;0%200%20300%20300&#039;%2F%3E\" data-src=\"https:\/\/www.universalsutures.com\/wp-content\/uploads\/2024\/08\/john-new.jpg\" data-srcset=\"https:\/\/www.universalsutures.com\/wp-content\/uploads\/2024\/08\/john-new.jpg 300w\" loading=\"eager\" style=\"--ratio: 300 \/ 300\" sizes=\"(max-width: 300px) 100vw, 300px\" width=\"300\" height=\"300\" title=\"john new\" alt=\"\"><\/a><\/div><div class=\"team-desc\"><div class=\"team-author\"><div class=\"team-author-name\"><a href=\"https:\/\/www.universalsutures.com\/fr\/dt_team\/mr-john-mathew\/\">Mr. John Mathew<\/a><\/div><p>National Sales Manager<\/p><\/div><div class=\"team-content\"><p>In this medical marketing industry for 38 yrs in 3 companies with Pharma 23 yrs one company &#038; Surgical selling\u2026<\/p>\n<\/div><div class=\"soc-ico\"><a title=\"E-mail\" href=\"mailto:john@universalsutures.com\" target=\"_top\" class=\"mail\"><span class=\"soc-font-icon\"><\/span><span class=\"screen-reader-text\">E-mail<\/span><\/a><a title=\"LinkedIn\" href=\"https:\/\/www.linkedin.com\/in\/john-mathew-75085a92\/\" target=\"_blank\" class=\"linkedin\" rel=\"noopener\"><span class=\"soc-font-icon\"><\/span><span class=\"screen-reader-text\">LinkedIn<\/span><\/a><\/div>\n<a href=\"https:\/\/www.universalsutures.com\/fr\/dt_team\/mr-john-mathew\/\" class=\"dt-btn-s dt-btn post-details details-type-btn\" aria-label=\"Read more about Mr. John Mathew\">Voir les d\u00e9tails<i class=\"dt-icon-the7-arrow-03\" aria-hidden=\"true\"><\/i><\/a>\n<\/div><\/div><\/div><div class=\"visible wf-cell\" data-post-id=\"8663\" data-date=\"2024-08-01T17:09:53+05:30\" data-name=\"Mr. Pradeep Kumar\"><div class=\"team-container visible post post-8663 dt_team type-dt_team status-publish has-post-thumbnail hentry dt_team_category-unisur-lifecare-team dt_team_category-2015\"><div class=\"team-media\"><span><img decoding=\"async\" class=\"preload-me iso-lazy-load aspect\" src=\"data:image\/svg+xml,%3Csvg%20xmlns%3D&#039;http%3A%2F%2Fwww.w3.org%2F2000%2Fsvg&#039;%20viewBox%3D&#039;0%200%20300%20300&#039;%2F%3E\" data-src=\"https:\/\/www.universalsutures.com\/wp-content\/uploads\/2024\/08\/Untitled-design-2.jpg\" data-srcset=\"https:\/\/www.universalsutures.com\/wp-content\/uploads\/2024\/08\/Untitled-design-2.jpg 300w\" loading=\"eager\" style=\"--ratio: 300 \/ 300\" sizes=\"(max-width: 300px) 100vw, 300px\" width=\"300\" height=\"300\" title=\"Conception sans titre (2)\" alt=\"\"><\/span><\/div><div class=\"team-desc\"><div class=\"team-author\"><div class=\"team-author-name\">M. Pradeep Kumar<\/div><p>Gestionnaire des achats<\/p><\/div><div class=\"team-content\"><\/div><div class=\"soc-ico\"><a title=\"E-mail\" href=\"mailto:ppd@universalsutures.com\" target=\"_top\" class=\"mail\"><span class=\"soc-font-icon\"><\/span><span class=\"screen-reader-text\">E-mail<\/span><\/a><\/div><\/div><\/div><\/div><\/div><!-- iso-container|iso-grid --><\/div><\/div><\/div><\/div><\/div>\n<\/div>","protected":false},"excerpt":{"rendered":"","protected":false},"author":1,"featured_media":0,"parent":0,"menu_order":0,"comment_status":"closed","ping_status":"closed","template":"","meta":{"footnotes":""},"class_list":["post-6761","page","type-page","status-publish","hentry","description-off"],"_links":{"self":[{"href":"https:\/\/www.universalsutures.com\/fr\/wp-json\/wp\/v2\/pages\/6761","targetHints":{"allow":["GET"]}}],"collection":[{"href":"https:\/\/www.universalsutures.com\/fr\/wp-json\/wp\/v2\/pages"}],"about":[{"href":"https:\/\/www.universalsutures.com\/fr\/wp-json\/wp\/v2\/types\/page"}],"author":[{"embeddable":true,"href":"https:\/\/www.universalsutures.com\/fr\/wp-json\/wp\/v2\/users\/1"}],"replies":[{"embeddable":true,"href":"https:\/\/www.universalsutures.com\/fr\/wp-json\/wp\/v2\/comments?post=6761"}],"version-history":[{"count":7,"href":"https:\/\/www.universalsutures.com\/fr\/wp-json\/wp\/v2\/pages\/6761\/revisions"}],"predecessor-version":[{"id":10127,"href":"https:\/\/www.universalsutures.com\/fr\/wp-json\/wp\/v2\/pages\/6761\/revisions\/10127"}],"wp:attachment":[{"href":"https:\/\/www.universalsutures.com\/fr\/wp-json\/wp\/v2\/media?parent=6761"}],"curies":[{"name":"wp","href":"https:\/\/api.w.org\/{rel}","templated":true}]}}