{"id":7122,"date":"2022-12-20T20:40:40","date_gmt":"2022-12-20T15:10:40","guid":{"rendered":"https:\/\/www.universalsutures.com\/?page_id=7122"},"modified":"2022-12-20T20:40:40","modified_gmt":"2022-12-20T15:10:40","slug":"i-lene-mesh","status":"publish","type":"page","link":"https:\/\/www.universalsutures.com\/fr\/produits\/i-lene-mesh\/","title":{"rendered":"Maille i-Lene"},"content":{"rendered":"<div class=\"wpb-content-wrapper\"><div class=\"vc_row wpb_row vc_row-fluid\"><div class=\"wpb_column vc_column_container vc_col-sm-12\"><div class=\"vc_column-inner\"><div class=\"wpb_wrapper\"><style type=\"text\/css\" data-type=\"the7_shortcodes-inline-css\">.shortcode-single-image-wrap.shortcode-single-image-169e364c5a73f63e2447f1e68b1a9e4e.enable-bg-rollover .rollover i,\n.shortcode-single-image-wrap.shortcode-single-image-169e364c5a73f63e2447f1e68b1a9e4e.enable-bg-rollover .rollover-video i {\n  background: -webkit-linear-gradient();\n  background: linear-gradient();\n}\n.shortcode-single-image-wrap.shortcode-single-image-169e364c5a73f63e2447f1e68b1a9e4e .rollover-icon {\n  font-size: 32px;\n  color: #ffffff;\n  min-width: 44px;\n  min-height: 44px;\n  line-height: 44px;\n  border-radius: 100px;\n  border-style: solid;\n  border-width: 0px;\n}\n.dt-icon-bg-on.shortcode-single-image-wrap.shortcode-single-image-169e364c5a73f63e2447f1e68b1a9e4e .rollover-icon {\n  background: rgba(255,255,255,0.3);\n  box-shadow: none;\n}<\/style><div class=\"shortcode-single-image-wrap shortcode-single-image-169e364c5a73f63e2447f1e68b1a9e4e alignnone  enable-bg-rollover dt-icon-bg-off\" style=\"margin-top:0px; margin-bottom:0px; margin-left:0px; margin-right:0px; width:1000px;\"><div class=\"shortcode-single-image\"><div class=\"fancy-media-wrap\" style=\"\"><a class=\"layzr-bg rollover rollover-zoom dt-pswp-item pswp-image\" href=\"https:\/\/www.universalsutures.com\/wp-content\/uploads\/2022\/12\/new-hernia-mesh.png\" title=\"new hernia mesh\" data-dt-img-description=\"\" data-large_image_width=\"1280\" data-large_image_height = \"959\"  style=\"\"><img fetchpriority=\"high\" decoding=\"async\" class=\"preload-me lazy-load aspect\" src=\"data:image\/svg+xml,%3Csvg%20xmlns%3D&#039;http%3A%2F%2Fwww.w3.org%2F2000%2Fsvg&#039;%20viewBox%3D&#039;0%200%201000%20580&#039;%2F%3E\" data-src=\"https:\/\/www.universalsutures.com\/wp-content\/uploads\/2022\/12\/new-hernia-mesh-1000x580.png\" data-srcset=\"https:\/\/www.universalsutures.com\/wp-content\/uploads\/2022\/12\/new-hernia-mesh-1000x580.png 1000w, https:\/\/www.universalsutures.com\/wp-content\/uploads\/2022\/12\/new-hernia-mesh-1280x742.png 1280w\" loading=\"eager\" style=\"--ratio: 1000 \/ 580\" sizes=\"(max-width: 1000px) 100vw, 1000px\" width=\"1000\" height=\"580\" data-dt-location=\"https:\/\/www.universalsutures.com\/fr\/i-marque\/attachment\/new-hernia-mesh\/\" alt=\"\" title=\"\"><\/a><\/div><\/div><\/div><div id=\"ultimate-heading-628369d4d43c1c602\" class=\"uvc-heading ult-adjust-bottom-margin ultimate-heading-628369d4d43c1c602 uvc-5221\" data-hspacer=\"line_only\"  data-halign=\"left\" style=\"text-align:left\"><div class=\"uvc-main-heading ult-responsive\"  data-ultimate-target='.uvc-heading.ultimate-heading-628369d4d43c1c602 h2'  data-responsive-json-new='{\"font-size\":\"desktop:25px;\",\"line-height\":\"desktop:35px;\"}' ><h2 style=\"--font-weight:theme;color:#1f365c;margin-top:15px;\">i-Lene Mesh \u2013 Monofilament Polypropylene Mesh (undyed)<\/h2><\/div><div class=\"uvc-sub-heading ult-responsive\"  data-ultimate-target='.uvc-heading.ultimate-heading-628369d4d43c1c602 .uvc-sub-heading '  data-responsive-json-new='{\"font-size\":\"desktop:18px;\",\"line-height\":\"desktop:28px;\"}'  style=\"font-weight:normal;color:#ffb536;margin-top:7px;\">Maille chirurgicale st\u00e9rile non r\u00e9sorbable<\/div><div class=\"uvc-heading-spacer line_only\" style=\"margin-top:15px;margin-bottom:15px;height:0.5px;\"><span class=\"uvc-headings-line\" style=\"border-style:solid;border-bottom-width:0.5px;border-color:#337ab7;width:autopx;\"><\/span><\/div><\/div><div class=\"vc_empty_space\"   style=\"height: 15px\"><span class=\"vc_empty_space_inner\"><\/span><\/div><div class=\"standard-arrow list-divider bullet-top\"><p style=\"text-align: justify;\">Polypropylene Mesh is constructed of knitted filaments of extruded polypropylene identical in composition to that used in i-Lene Mesh Polypropylene Suture. This material, when used as a suture, has been reported to be nonreactive and to retain its strength indefinitely in clinical use.<\/p>\n<p style=\"text-align: justify;\">Polypropylene Mesh is knitted by a process which interlinks each fiber junction and which provides for elasticity in both directions. This construction permits the mesh to be cut into any desired shape or size without unraveling. This bi-directional elastic property allows adaptation to various stresses encountered in the body.<\/p>\n<p style=\"text-align: justify;\">In-house mesh manufacturing makes us unique and potential manufacturer. i-LENE MESH is our unique product and we are available with any type, any kind of modification.<\/p>\n<\/div><div id=\"ultimate-heading-206069d4d43c1cb5c\" class=\"uvc-heading ult-adjust-bottom-margin ultimate-heading-206069d4d43c1cb5c uvc-2064\" data-hspacer=\"no_spacer\"  data-halign=\"left\" style=\"text-align:left\"><div class=\"uvc-heading-spacer no_spacer\" style=\"top\"><\/div><div class=\"uvc-main-heading ult-responsive\"  data-ultimate-target='.uvc-heading.ultimate-heading-206069d4d43c1cb5c h2'  data-responsive-json-new='{\"font-size\":\"desktop:25px;\",\"line-height\":\"desktop:35px;\"}' ><h2 style=\"--font-weight:theme;color:#1f365c;margin-bottom:15px;\">LES INDICATIONS<\/h2><\/div><\/div><div class=\"standard-arrow list-divider bullet-top\"><p style=\"text-align: justify;\">Polypropylene Mesh used for the hernia repair and other facial deficiencies that require the addition of a reinforcing or bridging material to obtain the desired surgical result.<\/p>\n<p style=\"text-align: justify;\">A Hernia Mesh is a Non-Absorbable surgical mesh, used to span and reinforce traumatic or surgical wounds to provide extended support during and following wound healing. The material is neither absorbed nor is it subject to degradation or weakening by the action of tissue enzymes.<\/p>\n<ul>\n<li>i-Lene Mesh Probably the best in kind<\/li>\n<li>An artificial wall which doesn\u2019t feel<\/li>\n<li>Latest technology with perfection provides ultra smooth surface results optimum healing<\/li>\n<li>Knitting is as per requirement of tissues results no discomfort after surgery.<\/li>\n<\/ul>\n<\/div><div id=\"ultimate-heading-122169d4d43c1ccc4\" class=\"uvc-heading ult-adjust-bottom-margin ultimate-heading-122169d4d43c1ccc4 uvc-1063\" data-hspacer=\"no_spacer\"  data-halign=\"left\" style=\"text-align:left\"><div class=\"uvc-heading-spacer no_spacer\" style=\"top\"><\/div><div class=\"uvc-main-heading ult-responsive\"  data-ultimate-target='.uvc-heading.ultimate-heading-122169d4d43c1ccc4 h2'  data-responsive-json-new='{\"font-size\":\"desktop:25px;\",\"line-height\":\"desktop:35px;\"}' ><h2 style=\"--font-weight:theme;color:#1f365c;margin-bottom:15px;\">Best used and ultimate mesh for:<\/h2><\/div><\/div><div class=\"standard-arrow list-divider bullet-top\"><ul>\n<li style=\"text-align: justify;\">Polypropylene Mesh best used by General Surgeon, Gynaecologist, Endoscopic Surgeons and its an Ultimate Mesh for Hernia Repair.<\/li>\n<\/ul>\n<\/div><div class=\"vc_tta-container\" data-vc-action=\"collapseAll\"><div class=\"vc_general vc_tta vc_tta-accordion vc_tta-color-sky vc_tta-style-modern vc_tta-shape-square vc_tta-spacing-5 vc_tta-gap-5 vc_tta-controls-align-default vc_tta-o-all-clickable vc_custom_1636530916715\"><div class=\"vc_tta-panels-container\"><div class=\"vc_tta-panels\"><div class=\"vc_tta-panel\" id=\"1606547772236-f2a93d01-6a6c\" data-vc-content=\".vc_tta-panel-body\"><div class=\"vc_tta-panel-heading\"><h4 class=\"vc_tta-panel-title vc_tta-controls-icon-position-left\"><a href=\"#1606547772236-f2a93d01-6a6c\" data-vc-accordion data-vc-container=\".vc_tta-container\"><span class=\"vc_tta-title-text\">Informations utiles<\/span><i class=\"vc_tta-controls-icon vc_tta-controls-icon-plus\"><\/i><\/a><\/h4><\/div><div class=\"vc_tta-panel-body\">\n\t<div class=\"wpb_text_column wpb_content_element\" >\n\t\t<div class=\"wpb_wrapper\">\n\t\t\t<div id=\"footable_parent_5234\"\n         class=\"footable_parent ninja_table_wrapper loading_ninja_table wp_table_data_press_parent semantic_ui colored_table\">\n                <table data-ninja_table_instance=\"ninja_table_instance_0\" data-footable_id=\"5234\" data-filter-delay=\"1000\" aria-label=\"Maille Unilene (maille en polypropyl\u00e8ne) Informations suppl\u00e9mentaires\"            id=\"footable_5234\"\n           data-unique_identifier=\"ninja_table_unique_id_4067072252_5234\"\n           class=\"foo-table ninja_footable foo_table_5234 ninja_table_unique_id_4067072252_5234 ui table  nt_type_legacy_table celled striped compact vertical_centered ninja_custom_color inverted footable-paging-right ninjatable_hide_header_row ninja_table_search_disabled ninja_table_pro\">\n                <colgroup>\n                            <col class=\"ninja_column_0\">\n                            <col class=\"ninja_column_1\">\n                    <\/colgroup>\n        <thead>\n<tr class=\"footable-header\">\n                                        <th scope=\"col\"  class=\"ninja_column_0 ninja_clmn_nm_ninja_column_1\">Ninja Colonne 1<\/th><th scope=\"col\"  class=\"ninja_column_1 ninja_clmn_nm_ninja_column_2\">Colonne Ninja 2<\/th><\/tr>\n<\/thead>\n<tbody>\n\n        <tr data-row_id=\"1011\" class=\"ninja_table_row_0 nt_row_id_1011\">\n            <td>Mesh Material<\/td><td>Polypropyl\u00e8ne monofilament <\/td>        <\/tr>\n            <tr data-row_id=\"1019\" class=\"ninja_table_row_1 nt_row_id_1019\">\n            <td>Mesh Color<\/td><td>Non teint<\/td>        <\/tr>\n            <tr data-row_id=\"1017\" class=\"ninja_table_row_2 nt_row_id_1017\">\n            <td>Mesh Absorption<\/td><td>Non r\u00e9sorbable<\/td>        <\/tr>\n            <tr data-row_id=\"1016\" class=\"ninja_table_row_3 nt_row_id_1016\">\n            <td>St\u00e9rilisation<\/td><td>EO (oxyde d'\u00e9thyl\u00e8ne)<\/td>        <\/tr>\n            <tr data-row_id=\"1022\" class=\"ninja_table_row_4 nt_row_id_1022\">\n            <td>Dur\u00e9e de conservation<\/td><td>5 ann\u00e9es<\/td>        <\/tr>\n            <tr data-row_id=\"1010\" class=\"ninja_table_row_5 nt_row_id_1010\">\n            <td>Emballage<\/td><td>Pochette en Tyvek et de qualit\u00e9 m\u00e9dicale<\/td>        <\/tr>\n            <tr data-row_id=\"1023\" class=\"ninja_table_row_6 nt_row_id_1023\">\n            <td>Emballage<\/td><td>Double emballage en Tyvek et pochette de qualit\u00e9 m\u00e9dicale pour maille st\u00e9rilis\u00e9e, emball\u00e9 dans des sacs en poly\u00e9thyl\u00e8ne pour un emballage en vrac en maille non st\u00e9rile.  <\/td>        <\/tr>\n            <tr data-row_id=\"1020\" class=\"ninja_table_row_7 nt_row_id_1020\">\n            <td>MFG. LIC No<\/td><td>MFG\/MD\/2020\/000109<\/td>        <\/tr>\n            <tr data-row_id=\"1015\" class=\"ninja_table_row_8 nt_row_id_1015\">\n            <td>OEM. Non LIC<\/td><td>KA\/DEVICE\/MFG\/MD\/2020\/000109<\/td>        <\/tr>\n    <\/tbody><!--ninja_tobody_rendering_done-->\n    <\/table>\n    \n    \n    \n<\/div>\n\n\n\t\t<\/div>\n\t<\/div>\n<\/div><\/div><div class=\"vc_tta-panel\" id=\"1635796266468-b54f89d4-9dcd\" data-vc-content=\".vc_tta-panel-body\"><div class=\"vc_tta-panel-heading\"><h4 class=\"vc_tta-panel-title vc_tta-controls-icon-position-left\"><a href=\"#1635796266468-b54f89d4-9dcd\" data-vc-accordion data-vc-container=\".vc_tta-container\"><span class=\"vc_tta-title-text\">Codes des produits et taille<\/span><i class=\"vc_tta-controls-icon vc_tta-controls-icon-plus\"><\/i><\/a><\/h4><\/div><div class=\"vc_tta-panel-body\">\n\t<div class=\"wpb_text_column wpb_content_element\" >\n\t\t<div class=\"wpb_wrapper\">\n\t\t\t<div id=\"footable_parent_5236\"\n         class=\"footable_parent ninja_table_wrapper loading_ninja_table wp_table_data_press_parent semantic_ui colored_table\">\n                        <div\n                class=\"table_description footable_description\"><\/div>\n                    <table data-ninja_table_instance=\"ninja_table_instance_1\" data-footable_id=\"5236\" data-filter-delay=\"1000\" aria-label=\"Codes de la maille Unilene (maille en polypropyl\u00e8ne)\"            id=\"footable_5236\"\n           data-unique_identifier=\"ninja_table_unique_id_1799816773_5236\"\n           class=\"foo-table ninja_footable foo_table_5236 ninja_table_unique_id_1799816773_5236 ui table  nt_type_legacy_table single line selectable celled striped compact vertical_centered ninja_custom_color inverted footable-paging-right ninja_table_pro ninja_table_afd_inline ninja_table_has_custom_filter\">\n                <colgroup>\n                            <col class=\"ninja_column_0\">\n                            <col class=\"ninja_column_1\">\n                            <col class=\"ninja_column_2\">\n                            <col class=\"ninja_column_3\">\n                    <\/colgroup>\n        <thead>\n<tr class=\"footable-header\">\n                                                                        <th scope=\"col\"  class=\"ninja_column_0 ninja_clmn_nm_codeno\">Code No.<\/th><th scope=\"col\"  class=\"ninja_column_1 ninja_clmn_nm_uspsize\">Taper<\/th><th scope=\"col\"  class=\"ninja_column_2 ninja_clmn_nm_length\">Dimension<\/th><th scope=\"col\"  class=\"ninja_column_3 ninja_clmn_nm_needledescription\">UOM<\/th><\/tr>\n<\/thead>\n<tbody>\n\n        <tr data-row_id=\"1024\" class=\"ninja_table_row_0 nt_row_id_1024\">\n            <td>UM 0611<\/td><td>R\u00e9guli\u00e8re<\/td><td>6cm X 11cm<\/td><td>6 unit\u00e9s \/ bo\u00eete<\/td>        <\/tr>\n            <tr data-row_id=\"1025\" class=\"ninja_table_row_1 nt_row_id_1025\">\n            <td>UM 0815<\/td><td>R\u00e9guli\u00e8re<\/td><td>8cm X 15cm<\/td><td>6 unit\u00e9s \/ bo\u00eete<\/td>        <\/tr>\n            <tr data-row_id=\"1026\" class=\"ninja_table_row_2 nt_row_id_1026\">\n            <td>UM 1015<\/td><td>R\u00e9guli\u00e8re<\/td><td>10cm X 15cm<\/td><td>3units \/ Box<\/td>        <\/tr>\n            <tr data-row_id=\"1027\" class=\"ninja_table_row_3 nt_row_id_1027\">\n            <td>UM 1515<\/td><td>R\u00e9guli\u00e8re<\/td><td>15cm X 15cm<\/td><td>3units \/ Box<\/td>        <\/tr>\n            <tr data-row_id=\"1028\" class=\"ninja_table_row_4 nt_row_id_1028\">\n            <td>UM 1530<\/td><td>R\u00e9guli\u00e8re<\/td><td>15cm X 30cm<\/td><td>1 unit\u00e9 \/ bo\u00eete<\/td>        <\/tr>\n            <tr data-row_id=\"1029\" class=\"ninja_table_row_5 nt_row_id_1029\">\n            <td>UM 3030<\/td><td>R\u00e9guli\u00e8re<\/td><td>30cm X 30cm<\/td><td>1 unit\u00e9 \/ bo\u00eete<\/td>        <\/tr>\n            <tr data-row_id=\"1030\" class=\"ninja_table_row_6 nt_row_id_1030\">\n            <td>US 0611<\/td><td>Douceur<\/td><td>6cm X 11cm<\/td><td>6 unit\u00e9s \/ bo\u00eete<\/td>        <\/tr>\n            <tr data-row_id=\"1031\" class=\"ninja_table_row_7 nt_row_id_1031\">\n            <td>US 0815<\/td><td>Douceur<\/td><td>8cm X 15cm<\/td><td>6 unit\u00e9s \/ bo\u00eete<\/td>        <\/tr>\n            <tr data-row_id=\"1032\" class=\"ninja_table_row_8 nt_row_id_1032\">\n            <td>US 1015<\/td><td>Douceur<\/td><td>10cm X 15cm<\/td><td>3units \/ Box<\/td>        <\/tr>\n            <tr data-row_id=\"1033\" class=\"ninja_table_row_9 nt_row_id_1033\">\n            <td>US 1515<\/td><td>Douceur<\/td><td>15cm X 15cm<\/td><td>3units \/ Box<\/td>        <\/tr>\n            <tr data-row_id=\"1048\" class=\"ninja_table_row_10 nt_row_id_1048\">\n            <td>US 1530<\/td><td>Douceur<\/td><td>15cm X 30cm<\/td><td>1 unit\u00e9 \/ bo\u00eete<\/td>        <\/tr>\n            <tr data-row_id=\"1034\" class=\"ninja_table_row_11 nt_row_id_1034\">\n            <td>US 3030<\/td><td>Douceur<\/td><td>30cm X 30cm<\/td><td>1 unit\u00e9 \/ bo\u00eete<\/td>        <\/tr>\n            <tr data-row_id=\"1035\" class=\"ninja_table_row_12 nt_row_id_1035\">\n            <td>UL 0611<\/td><td>Pores larges<\/td><td>6cm X 11cm<\/td><td>6 unit\u00e9s \/ bo\u00eete<\/td>        <\/tr>\n            <tr data-row_id=\"1036\" class=\"ninja_table_row_13 nt_row_id_1036\">\n            <td>UL 0815<\/td><td>Pores larges<\/td><td>8cm X 15cm<\/td><td>6 unit\u00e9s \/ bo\u00eete<\/td>        <\/tr>\n            <tr data-row_id=\"1037\" class=\"ninja_table_row_14 nt_row_id_1037\">\n            <td>UL 1015<\/td><td>Pores larges<\/td><td>10cm X 15cm<\/td><td>3units \/ Box<\/td>        <\/tr>\n            <tr data-row_id=\"1038\" class=\"ninja_table_row_15 nt_row_id_1038\">\n            <td>UL 1515<\/td><td>Pores larges<\/td><td>15cm X 15cm<\/td><td>3units \/ Box<\/td>        <\/tr>\n            <tr data-row_id=\"1039\" class=\"ninja_table_row_16 nt_row_id_1039\">\n            <td>UL 1530<\/td><td>Pores larges<\/td><td>15cm X 30cm<\/td><td>1 unit\u00e9 \/ bo\u00eete<\/td>        <\/tr>\n            <tr data-row_id=\"1040\" class=\"ninja_table_row_17 nt_row_id_1040\">\n            <td>UL 3030<\/td><td>Pores larges<\/td><td>30cm X 30cm<\/td><td>1 unit\u00e9 \/ bo\u00eete<\/td>        <\/tr>\n    <\/tbody><!--ninja_tobody_rendering_done-->\n    <\/table>\n    \n    \n    \n<\/div>\n\n\n\t\t<\/div>\n\t<\/div>\n<\/div><\/div><div class=\"vc_tta-panel\" id=\"1636352608080-a9d7016e-81d7\" data-vc-content=\".vc_tta-panel-body\"><div class=\"vc_tta-panel-heading\"><h4 class=\"vc_tta-panel-title vc_tta-controls-icon-position-left\"><a href=\"#1636352608080-a9d7016e-81d7\" data-vc-accordion data-vc-container=\".vc_tta-container\"><span class=\"vc_tta-title-text\">Brochure:<\/span><i class=\"vc_tta-controls-icon vc_tta-controls-icon-plus\"><\/i><\/a><\/h4><\/div><div class=\"vc_tta-panel-body\"><div class=\"vc_icon_element vc_icon_element-outer vc_do_icon vc_icon_element-align-left vc_icon_element-have-style\"><div class=\"vc_icon_element-inner vc_icon_element-color-juicy_pink vc_icon_element-have-style-inner vc_icon_element-size-lg vc_icon_element-style-boxed vc_icon_element-background vc_icon_element-background-color-grey\" ><span class=\"vc_icon_element-icon fas fa-file-pdf\" ><\/span><a class=\"vc_icon_element-link\" href=\"https:\/\/drive.google.com\/file\/d\/1qlqGwEc4DHCKIu7AVhjLFLH1lTFh_nJk\/view?usp=share_link\" title=\"\" target=\"_blank\" rel=\"noopener\"><\/a><\/div><\/div><\/div><\/div><div class=\"vc_tta-panel\" id=\"1606883649311-bee57fab-9706\" data-vc-content=\".vc_tta-panel-body\"><div class=\"vc_tta-panel-heading\"><h4 class=\"vc_tta-panel-title vc_tta-controls-icon-position-left\"><a href=\"#1606883649311-bee57fab-9706\" data-vc-accordion data-vc-container=\".vc_tta-container\"><span class=\"vc_tta-title-text\">Demandez un devis !<\/span><i class=\"vc_tta-controls-icon vc_tta-controls-icon-plus\"><\/i><\/a><\/h4><\/div><div class=\"vc_tta-panel-body\"><div class=\"wpforms-container wpforms-container-full\" id=\"wpforms-3243\"><form id=\"wpforms-form-3243\" class=\"wpforms-validate wpforms-form\" data-formid=\"3243\" method=\"post\" enctype=\"multipart\/form-data\" action=\"\/fr\/wp-json\/wp\/v2\/pages\/7122\" data-token=\"85416664b38379b3aa74b9e3d054fc86\" data-token-time=\"1775555644\" data-trp-original-action=\"\/fr\/wp-json\/wp\/v2\/pages\/7122\"><noscript class=\"wpforms-error-noscript\">Veuillez activer JavaScript dans votre navigateur pour remplir ce formulaire.<\/noscript><div class=\"wpforms-field-container\"><div id=\"wpforms-3243-field_15-container\" class=\"wpforms-field wpforms-field-layout\" data-field-id=\"15\"><div class=\"wpforms-field-layout-columns wpforms-field-layout-preset-50-50\"><div class=\"wpforms-layout-column wpforms-layout-column-50\" ><div id=\"wpforms-3243-field_0-container\" class=\"wpforms-field wpforms-field-name\" data-field-id=\"0\"><label class=\"wpforms-field-label\" for=\"wpforms-3243-field_0\">Nom <span class=\"wpforms-required-label\">*<\/span><\/label><input type=\"text\" id=\"wpforms-3243-field_0\" class=\"wpforms-field-large wpforms-field-required\" name=\"wpforms[fields][0]\" required><\/div><\/div><div class=\"wpforms-layout-column wpforms-layout-column-50\" ><div id=\"wpforms-3243-field_2-container\" class=\"wpforms-field wpforms-field-email\" data-field-id=\"2\"><label class=\"wpforms-field-label\" for=\"wpforms-3243-field_2\">Courriel <span class=\"wpforms-required-label\">*<\/span><\/label><input type=\"email\" id=\"wpforms-3243-field_2\" class=\"wpforms-field-large wpforms-field-required\" name=\"wpforms[fields][2]\" spellcheck=\"false\" required><\/div><\/div><\/div><\/div><div id=\"wpforms-3243-field_14-container\" class=\"wpforms-field wpforms-field-layout\" data-field-id=\"14\"><div class=\"wpforms-field-layout-columns wpforms-field-layout-preset-50-50\"><div class=\"wpforms-layout-column wpforms-layout-column-50\" ><div id=\"wpforms-3243-field_7-container\" class=\"wpforms-field wpforms-field-text\" data-field-id=\"7\"><label class=\"wpforms-field-label\" for=\"wpforms-3243-field_7\">Pays <span class=\"wpforms-required-label\">*<\/span><\/label><input type=\"text\" id=\"wpforms-3243-field_7\" class=\"wpforms-field-large wpforms-field-required\" name=\"wpforms[fields][7]\" required><\/div><\/div><div class=\"wpforms-layout-column wpforms-layout-column-50\" ><div id=\"wpforms-3243-field_11-container\" class=\"wpforms-field wpforms-field-phone\" data-field-id=\"11\"><label class=\"wpforms-field-label\" for=\"wpforms-3243-field_11\">T\u00e9l\u00e9phone <span class=\"wpforms-required-label\">*<\/span><\/label><input type=\"tel\" id=\"wpforms-3243-field_11\" class=\"wpforms-field-large wpforms-field-required wpforms-smart-phone-field\" data-rule-smart-phone-field=\"true\" name=\"wpforms[fields][11]\" aria-label=\"T\u00e9l\u00e9phone\" required><\/div><\/div><\/div><\/div><div id=\"wpforms-3243-field_20-container\" class=\"wpforms-field wpforms-field-text\" data-field-id=\"20\"><label class=\"wpforms-field-label\" for=\"wpforms-3243-field_20\">Company Name<\/label><input type=\"text\" id=\"wpforms-3243-field_20\" class=\"wpforms-field-large\" name=\"wpforms[fields][20]\" ><\/div><div id=\"wpforms-3243-field_4-container\" class=\"wpforms-field wpforms-field-textarea\" data-field-id=\"4\"><label class=\"wpforms-field-label\" for=\"wpforms-3243-field_4\">D\u00e9tails <span class=\"wpforms-required-label\">*<\/span><\/label><textarea id=\"wpforms-3243-field_4\" class=\"wpforms-field-medium wpforms-field-required\" name=\"wpforms[fields][4]\" required><\/textarea><\/div><\/div><!-- .wpforms-field-container --><div class=\"wpforms-recaptcha-container wpforms-is-recaptcha wpforms-is-recaptcha-type-v3\" ><input type=\"hidden\" name=\"wpforms[recaptcha]\" value=\"\"><\/div><div class=\"wpforms-submit-container\" ><input type=\"hidden\" name=\"wpforms[id]\" value=\"3243\"><input type=\"hidden\" name=\"page_title\" value=\"\"><input type=\"hidden\" name=\"page_url\" value=\"https:\/\/www.universalsutures.com\/fr\/wp-json\/wp\/v2\/pages\/7122\"><input type=\"hidden\" name=\"url_referer\" value=\"\"><button type=\"submit\" name=\"wpforms[submit]\" id=\"wpforms-submit-3243\" class=\"wpforms-submit\" data-alt-text=\"Sending...\" data-submit-text=\"Submit\" aria-live=\"assertive\" value=\"wpforms-submit\">Soumettre<\/button><\/div><input type=\"hidden\" name=\"trp-form-language\" value=\"fr\"\/><\/form><\/div>  <!-- .wpforms-container --><\/div><\/div><\/div><\/div><\/div><\/div><\/div><\/div><\/div><\/div>\n<\/div>","protected":false},"excerpt":{"rendered":"<p>i-Lene Mesh \u2013 Monofilament Polypropylene Mesh (undyed)Non Absorbable Sterile Surgical MeshPolypropylene Mesh is constructed of knitted filaments of extruded polypropylene identical in composition to that used in i-Lene Mesh Polypropylene Suture. This material, when used as a suture, has been reported to be nonreactive and to retain its strength indefinitely in clinical use. Polypropylene Mesh&hellip;<\/p>","protected":false},"author":1,"featured_media":3944,"parent":1072,"menu_order":0,"comment_status":"closed","ping_status":"closed","template":"","meta":{"footnotes":""},"class_list":["post-7122","page","type-page","status-publish","has-post-thumbnail","hentry","description-off"],"_links":{"self":[{"href":"https:\/\/www.universalsutures.com\/fr\/wp-json\/wp\/v2\/pages\/7122","targetHints":{"allow":["GET"]}}],"collection":[{"href":"https:\/\/www.universalsutures.com\/fr\/wp-json\/wp\/v2\/pages"}],"about":[{"href":"https:\/\/www.universalsutures.com\/fr\/wp-json\/wp\/v2\/types\/page"}],"author":[{"embeddable":true,"href":"https:\/\/www.universalsutures.com\/fr\/wp-json\/wp\/v2\/users\/1"}],"replies":[{"embeddable":true,"href":"https:\/\/www.universalsutures.com\/fr\/wp-json\/wp\/v2\/comments?post=7122"}],"version-history":[{"count":0,"href":"https:\/\/www.universalsutures.com\/fr\/wp-json\/wp\/v2\/pages\/7122\/revisions"}],"up":[{"embeddable":true,"href":"https:\/\/www.universalsutures.com\/fr\/wp-json\/wp\/v2\/pages\/1072"}],"wp:featuredmedia":[{"embeddable":true,"href":"https:\/\/www.universalsutures.com\/fr\/wp-json\/wp\/v2\/media\/3944"}],"wp:attachment":[{"href":"https:\/\/www.universalsutures.com\/fr\/wp-json\/wp\/v2\/media?parent=7122"}],"curies":[{"name":"wp","href":"https:\/\/api.w.org\/{rel}","templated":true}]}}