{"id":8545,"date":"2024-07-22T12:13:04","date_gmt":"2024-07-22T06:43:04","guid":{"rendered":"https:\/\/www.universalsutures.com\/?page_id=8545"},"modified":"2025-08-12T12:01:04","modified_gmt":"2025-08-12T06:31:04","slug":"fils-de-suture-resorbables-3","status":"publish","type":"page","link":"https:\/\/www.universalsutures.com\/fr\/fils-de-suture-resorbables-3\/","title":{"rendered":"Sutures v\u00e9t\u00e9rinaires non absorbables"},"content":{"rendered":"<div class=\"wpb-content-wrapper\"><div class=\"vc_row wpb_row vc_row-fluid\"><div class=\"wpb_column vc_column_container vc_col-sm-6\"><div class=\"vc_column-inner\"><div class=\"wpb_wrapper\"><style type=\"text\/css\" data-type=\"the7_shortcodes-inline-css\">.shortcode-single-image-wrap.shortcode-single-image-6fe7b3d4c3ca2c9938091b5de17f2eff.enable-bg-rollover .rollover i,\n.shortcode-single-image-wrap.shortcode-single-image-6fe7b3d4c3ca2c9938091b5de17f2eff.enable-bg-rollover .rollover-video i {\n  background: -webkit-linear-gradient();\n  background: linear-gradient();\n}\n.shortcode-single-image-wrap.shortcode-single-image-6fe7b3d4c3ca2c9938091b5de17f2eff .rollover-icon {\n  font-size: 32px;\n  color: #ffffff;\n  min-width: 44px;\n  min-height: 44px;\n  line-height: 44px;\n  border-radius: 100px;\n  border-style: solid;\n  border-width: 0px;\n}\n.dt-icon-bg-on.shortcode-single-image-wrap.shortcode-single-image-6fe7b3d4c3ca2c9938091b5de17f2eff .rollover-icon {\n  background: rgba(255,255,255,0.3);\n  box-shadow: none;\n}<\/style><div class=\"shortcode-single-image-wrap shortcode-single-image-6fe7b3d4c3ca2c9938091b5de17f2eff alignnone fadeInUp animate-element  vc_custom_1721639460493 enable-bg-rollover dt-icon-bg-off\" ><div class=\"shortcode-single-image\"><div class=\"fancy-media-wrap\" style=\"border-radius:2px;\"><a href=\"https:\/\/www.universalsutures.com\/fr\/produits\/suture-en-catgut-simple-6\/\" class=\"layzr-bg rollover\" style=\"border-radius:2px;\" aria-label=\"Image\"><img fetchpriority=\"high\" decoding=\"async\" class=\"preload-me lazy-load aspect\" src=\"data:image\/svg+xml,%3Csvg%20xmlns%3D&#039;http%3A%2F%2Fwww.w3.org%2F2000%2Fsvg&#039;%20viewBox%3D&#039;0%200%20700%20525&#039;%2F%3E\" data-src=\"https:\/\/www.universalsutures.com\/wp-content\/uploads\/2024\/07\/Silk-Suture-Box-3-700x525.jpg\" data-srcset=\"https:\/\/www.universalsutures.com\/wp-content\/uploads\/2024\/07\/Silk-Suture-Box-3-700x525.jpg 700w, https:\/\/www.universalsutures.com\/wp-content\/uploads\/2024\/07\/Silk-Suture-Box-3.jpg 1280w\" loading=\"eager\" style=\"--ratio: 700 \/ 525\" sizes=\"(max-width: 700px) 100vw, 700px\" width=\"700\" height=\"525\" data-dt-location=\"https:\/\/www.universalsutures.com\/fr\/produits\/suture-en-catgut-simple-6\/attachment\/silk-suture-box-3\/\" alt=\"\" title=\"\"><\/a><\/div><\/div><\/div><div class=\"vc_empty_space\"   style=\"height: 15px\"><span class=\"vc_empty_space_inner\"><\/span><\/div><div class=\"vc_btn3-container vc_btn3-center\" ><a class=\"vc_general vc_btn3 vc_btn3-size-md vc_btn3-shape-rounded vc_btn3-style-modern vc_btn3-block vc_btn3-color-info\" href=\"https:\/\/www.universalsutures.com\/fr\/produits\/silk-suture-veterinary-suture\/\" title=\"\">SUTURE EN SOIE (UNI VET)<\/a><\/div><\/div><\/div><\/div><div class=\"wpb_column vc_column_container vc_col-sm-6\"><div class=\"vc_column-inner\"><div class=\"wpb_wrapper\"><style type=\"text\/css\" data-type=\"the7_shortcodes-inline-css\">.shortcode-single-image-wrap.shortcode-single-image-1af017d7772f1140f2f36f86ec40cdaf.enable-bg-rollover .rollover i,\n.shortcode-single-image-wrap.shortcode-single-image-1af017d7772f1140f2f36f86ec40cdaf.enable-bg-rollover .rollover-video i {\n  background: -webkit-linear-gradient();\n  background: linear-gradient();\n}\n.shortcode-single-image-wrap.shortcode-single-image-1af017d7772f1140f2f36f86ec40cdaf .rollover-icon {\n  font-size: 32px;\n  color: #ffffff;\n  min-width: 44px;\n  min-height: 44px;\n  line-height: 44px;\n  border-radius: 100px;\n  border-style: solid;\n  border-width: 0px;\n}\n.dt-icon-bg-on.shortcode-single-image-wrap.shortcode-single-image-1af017d7772f1140f2f36f86ec40cdaf .rollover-icon {\n  background: rgba(255,255,255,0.3);\n  box-shadow: none;\n}<\/style><div class=\"shortcode-single-image-wrap shortcode-single-image-1af017d7772f1140f2f36f86ec40cdaf alignnone fadeInUp animate-element  vc_custom_1721549004511 enable-bg-rollover dt-icon-bg-off\" ><div class=\"shortcode-single-image\"><div class=\"fancy-media-wrap\" style=\"border-radius:2px;\"><a href=\"https:\/\/www.universalsutures.com\/fr\/produits\/polyester-veterinary-suture\/\" class=\"layzr-bg rollover\" style=\"border-radius:2px;\" aria-label=\"Image\"><img decoding=\"async\" class=\"preload-me lazy-load aspect\" src=\"data:image\/svg+xml,%3Csvg%20xmlns%3D&#039;http%3A%2F%2Fwww.w3.org%2F2000%2Fsvg&#039;%20viewBox%3D&#039;0%200%20700%20525&#039;%2F%3E\" data-src=\"https:\/\/www.universalsutures.com\/wp-content\/uploads\/2024\/07\/Polyester-Suture-Box-1-700x525.jpg\" data-srcset=\"https:\/\/www.universalsutures.com\/wp-content\/uploads\/2024\/07\/Polyester-Suture-Box-1-700x525.jpg 700w, https:\/\/www.universalsutures.com\/wp-content\/uploads\/2024\/07\/Polyester-Suture-Box-1.jpg 1280w\" loading=\"eager\" style=\"--ratio: 700 \/ 525\" sizes=\"(max-width: 700px) 100vw, 700px\" width=\"700\" height=\"525\" data-dt-location=\"https:\/\/www.universalsutures.com\/fr\/produits\/polyester-veterinary-suture\/attachment\/polyester-suture-box-1\/\" alt=\"\" title=\"\"><\/a><\/div><\/div><\/div><div class=\"vc_empty_space\"   style=\"height: 15px\"><span class=\"vc_empty_space_inner\"><\/span><\/div><div class=\"vc_btn3-container vc_btn3-center\" ><a class=\"vc_general vc_btn3 vc_btn3-size-md vc_btn3-shape-rounded vc_btn3-style-modern vc_btn3-block vc_btn3-color-info\" href=\"https:\/\/www.universalsutures.com\/fr\/produits\/polyester-veterinary-suture\/\" title=\"\">SUTURE EN POLYESTER (POLYESTER UNI-VET)<\/a><\/div><\/div><\/div><\/div><\/div><div class=\"vc_row wpb_row vc_row-fluid vc_custom_1722937141921\"><div class=\"wpb_column vc_column_container vc_col-sm-6\"><div class=\"vc_column-inner\"><div class=\"wpb_wrapper\"><style type=\"text\/css\" data-type=\"the7_shortcodes-inline-css\">.shortcode-single-image-wrap.shortcode-single-image-39b3730b2e7cf9773b06c9c706011eac.enable-bg-rollover .rollover i,\n.shortcode-single-image-wrap.shortcode-single-image-39b3730b2e7cf9773b06c9c706011eac.enable-bg-rollover .rollover-video i {\n  background: -webkit-linear-gradient();\n  background: linear-gradient();\n}\n.shortcode-single-image-wrap.shortcode-single-image-39b3730b2e7cf9773b06c9c706011eac .rollover-icon {\n  font-size: 32px;\n  color: #ffffff;\n  min-width: 44px;\n  min-height: 44px;\n  line-height: 44px;\n  border-radius: 100px;\n  border-style: solid;\n  border-width: 0px;\n}\n.dt-icon-bg-on.shortcode-single-image-wrap.shortcode-single-image-39b3730b2e7cf9773b06c9c706011eac .rollover-icon {\n  background: rgba(255,255,255,0.3);\n  box-shadow: none;\n}<\/style><div class=\"shortcode-single-image-wrap shortcode-single-image-39b3730b2e7cf9773b06c9c706011eac alignnone fadeInUp animate-element  vc_custom_1721462343085 enable-bg-rollover dt-icon-bg-off\" ><div class=\"shortcode-single-image\"><div class=\"fancy-media-wrap\" style=\"border-radius:2px;\"><a href=\"https:\/\/www.universalsutures.com\/fr\/produits\/suture-en-catgut-simple-5\/\" class=\"layzr-bg rollover\" style=\"border-radius:2px;\" aria-label=\"Image\"><img decoding=\"async\" class=\"preload-me lazy-load aspect\" src=\"data:image\/svg+xml,%3Csvg%20xmlns%3D&#039;http%3A%2F%2Fwww.w3.org%2F2000%2Fsvg&#039;%20viewBox%3D&#039;0%200%20700%20525&#039;%2F%3E\" data-src=\"https:\/\/www.universalsutures.com\/wp-content\/uploads\/2024\/07\/Polypropylene-Suture-Box-1-700x525.jpg\" data-srcset=\"https:\/\/www.universalsutures.com\/wp-content\/uploads\/2024\/07\/Polypropylene-Suture-Box-1-700x525.jpg 700w, https:\/\/www.universalsutures.com\/wp-content\/uploads\/2024\/07\/Polypropylene-Suture-Box-1.jpg 1280w\" loading=\"eager\" style=\"--ratio: 700 \/ 525\" sizes=\"(max-width: 700px) 100vw, 700px\" width=\"700\" height=\"525\" data-dt-location=\"https:\/\/www.universalsutures.com\/fr\/produits\/suture-en-catgut-simple-5\/attachment\/polypropylene-suture-box-1\/\" alt=\"\" title=\"\"><\/a><\/div><\/div><\/div><div class=\"vc_empty_space\"   style=\"height: 15px\"><span class=\"vc_empty_space_inner\"><\/span><\/div><div class=\"vc_btn3-container vc_btn3-center\" ><a class=\"vc_general vc_btn3 vc_btn3-size-md vc_btn3-shape-rounded vc_btn3-style-modern vc_btn3-block vc_btn3-color-info\" href=\"https:\/\/www.universalsutures.com\/fr\/produits\/suture-en-catgut-simple-5\/\" title=\"\">SUTURE EN POLYPROPYL\u00c8NE (POLYPROPYL\u00c8NE UNI-VET)<\/a><\/div><\/div><\/div><\/div><div class=\"wpb_column vc_column_container vc_col-sm-6\"><div class=\"vc_column-inner\"><div class=\"wpb_wrapper\"><style type=\"text\/css\" data-type=\"the7_shortcodes-inline-css\">.shortcode-single-image-wrap.shortcode-single-image-4dc2fa851f19b94ab715d6574e70862f.enable-bg-rollover .rollover i,\n.shortcode-single-image-wrap.shortcode-single-image-4dc2fa851f19b94ab715d6574e70862f.enable-bg-rollover .rollover-video i {\n  background: -webkit-linear-gradient();\n  background: linear-gradient();\n}\n.shortcode-single-image-wrap.shortcode-single-image-4dc2fa851f19b94ab715d6574e70862f .rollover-icon {\n  font-size: 32px;\n  color: #ffffff;\n  min-width: 44px;\n  min-height: 44px;\n  line-height: 44px;\n  border-radius: 100px;\n  border-style: solid;\n  border-width: 0px;\n}\n.dt-icon-bg-on.shortcode-single-image-wrap.shortcode-single-image-4dc2fa851f19b94ab715d6574e70862f .rollover-icon {\n  background: rgba(255,255,255,0.3);\n  box-shadow: none;\n}<\/style><div class=\"shortcode-single-image-wrap shortcode-single-image-4dc2fa851f19b94ab715d6574e70862f alignnone fadeInUp animate-element  vc_custom_1721462334424 enable-bg-rollover dt-icon-bg-off\" ><div class=\"shortcode-single-image\"><div class=\"fancy-media-wrap\" style=\"border-radius:2px;\"><a href=\"https:\/\/www.universalsutures.com\/fr\/produits\/suture-en-catgut-simple-4\/\" class=\"layzr-bg rollover\" style=\"border-radius:2px;\" aria-label=\"Image\"><img decoding=\"async\" class=\"preload-me lazy-load aspect\" src=\"data:image\/svg+xml,%3Csvg%20xmlns%3D&#039;http%3A%2F%2Fwww.w3.org%2F2000%2Fsvg&#039;%20viewBox%3D&#039;0%200%20700%20525&#039;%2F%3E\" data-src=\"https:\/\/www.universalsutures.com\/wp-content\/uploads\/2024\/07\/Monofilament-Polyamide-Veterinary-Suture-box-3-700x525.jpg\" data-srcset=\"https:\/\/www.universalsutures.com\/wp-content\/uploads\/2024\/07\/Monofilament-Polyamide-Veterinary-Suture-box-3-700x525.jpg 700w, https:\/\/www.universalsutures.com\/wp-content\/uploads\/2024\/07\/Monofilament-Polyamide-Veterinary-Suture-box-3.jpg 1280w\" loading=\"eager\" style=\"--ratio: 700 \/ 525\" sizes=\"(max-width: 700px) 100vw, 700px\" width=\"700\" height=\"525\" data-dt-location=\"https:\/\/www.universalsutures.com\/fr\/produits\/suture-en-catgut-simple-4\/attachment\/monofilament-polyamide-veterinary-suture-box-3\/\" alt=\"\" title=\"\"><\/a><\/div><\/div><\/div><div class=\"vc_empty_space\"   style=\"height: 15px\"><span class=\"vc_empty_space_inner\"><\/span><\/div><div class=\"vc_btn3-container vc_btn3-center\" ><a class=\"vc_general vc_btn3 vc_btn3-size-md vc_btn3-shape-rounded vc_btn3-style-modern vc_btn3-block vc_btn3-color-info\" href=\"https:\/\/www.universalsutures.com\/fr\/produits\/suture-en-catgut-simple-4\/\" title=\"\">SUTURE EN POLYAMIDE (NYLON UNI-VET)<\/a><\/div><\/div><\/div><\/div><\/div><div class=\"vc_row wpb_row vc_row-fluid vc_custom_1722936586493\"><div class=\"wpb_column vc_column_container vc_col-sm-12\"><div class=\"vc_column-inner\"><div class=\"wpb_wrapper\"><div class=\"vc_message_box vc_message_box-outline vc_message_box-square vc_color-success\" ><div class=\"vc_message_box-icon\"><i class=\"fa fa-check\"><\/i><\/div><p>D\u00e9couvrez notre s\u00e9lection de sutures v\u00e9t\u00e9rinaires non r\u00e9sorbables telles que la soie, le polyester, le polypropyl\u00e8ne et le nylon, qui offrent les meilleures sutures en termes de r\u00e9sistance et de qualit\u00e9 in\u00e9branlable pour garantir la qualit\u00e9 des chirurgies que vous effectuez.<\/p>\n<\/div><\/div><\/div><\/div><\/div><div class=\"vc_row wpb_row vc_row-fluid\"><div class=\"wpb_column vc_column_container vc_col-sm-12\"><div class=\"vc_column-inner\"><div class=\"wpb_wrapper\">\n\t<div class=\"wpb_text_column wpb_content_element\" >\n\t\t<div class=\"wpb_wrapper\">\n\t\t\t\n\t\t<\/div>\n\t<\/div>\n<\/div><\/div><\/div><\/div><div class=\"vc_row wpb_row vc_row-fluid vc_custom_1647233205743\"><div class=\"wpb_column vc_column_container vc_col-sm-12 vc_col-lg-6 vc_col-md-6 vc_col-xs-12\"><div class=\"vc_column-inner vc_custom_1476005293248\"><div class=\"wpb_wrapper\"><div class=\"vc_tta-container\" data-vc-action=\"collapse\"><div class=\"vc_general vc_tta vc_tta-accordion vc_tta-color-blue vc_tta-style-classic vc_tta-shape-rounded vc_tta-spacing-5 vc_tta-gap-5 vc_tta-controls-align-default\"><div class=\"vc_tta-panels-container\"><div class=\"vc_tta-panels\"><div class=\"vc_tta-panel vc_active\" id=\"1704270420171-d72253a5-4994\" data-vc-content=\".vc_tta-panel-body\"><div class=\"vc_tta-panel-heading\"><h4 class=\"vc_tta-panel-title vc_tta-controls-icon-position-left\"><a href=\"#1704270420171-d72253a5-4994\" data-vc-accordion data-vc-container=\".vc_tta-container\"><span class=\"vc_tta-title-text\">Le r\u00f4le essentiel des sutures v\u00e9t\u00e9rinaires non r\u00e9sorbables<\/span><i class=\"vc_tta-controls-icon vc_tta-controls-icon-plus\"><\/i><\/a><\/h4><\/div><div class=\"vc_tta-panel-body\">\n\t<div class=\"wpb_text_column wpb_content_element\" >\n\t\t<div class=\"wpb_wrapper\">\n\t\t\t<p>In today&#8217;s world, choosing the appropriate suture material to suit the surgical procedure is crucial for achieving positive results in veterinary surgery. Non-absorbable veterinary sutures are a specific type of suture designed to provide support during tissue approximation and ensure that the surgical area does not yield during the healing process. These sutures are used when tissue support is needed for more than a few days, allowing proper tissue restructuring to occur.<\/p>\n<p>Avez-vous d\u00e9j\u00e0 pens\u00e9 \u00e0 la diff\u00e9rence qu'une suture v\u00e9t\u00e9rinaire non r\u00e9sorbable correcte peut faire pour votre chirurgie ?<\/p>\n\n\t\t<\/div>\n\t<\/div>\n<\/div><\/div><div class=\"vc_tta-panel\" id=\"1653889285339-edde7d6d-5ccb\" data-vc-content=\".vc_tta-panel-body\"><div class=\"vc_tta-panel-heading\"><h4 class=\"vc_tta-panel-title vc_tta-controls-icon-position-left\"><a href=\"#1653889285339-edde7d6d-5ccb\" data-vc-accordion data-vc-container=\".vc_tta-container\"><span class=\"vc_tta-title-text\">Pourquoi des sutures v\u00e9t\u00e9rinaires non r\u00e9sorbables ?<\/span><i class=\"vc_tta-controls-icon vc_tta-controls-icon-plus\"><\/i><\/a><\/h4><\/div><div class=\"vc_tta-panel-body\">\n\t<div class=\"wpb_text_column wpb_content_element\" >\n\t\t<div class=\"wpb_wrapper\">\n\t\t\t<p>Les sutures v\u00e9t\u00e9rinaires non r\u00e9sorbables offrent de nombreux avantages, tels qu'une r\u00e9sistance accrue des tissus et une r\u00e9action inflammatoire minimale ou nulle ; elles sont utiles dans les proc\u00e9dures chirurgicales o\u00f9 le mat\u00e9riau de suture doit fournir un soutien stable \u00e0 long terme. Le n\u0153ud de ces sutures est tel qu'il ne se dissout pas au fil du temps, ce qui garantit un rapprochement s\u00fbr des tissus jusqu'\u00e0 la fin de la cicatrisation ou jusqu'\u00e0 ce que la suture soit retir\u00e9e. L'utilisation de sutures v\u00e9t\u00e9rinaires non r\u00e9sorbables signifie que vos patients re\u00e7oivent un traitement et des soins de premier ordre, car les sutures utilis\u00e9es sont con\u00e7ues pour r\u00e9sister aux conditions difficiles du corps et de l'environnement sans se d\u00e9sint\u00e9grer.<\/p>\n\n\t\t<\/div>\n\t<\/div>\n<\/div><\/div><div class=\"vc_tta-panel\" id=\"1653889285386-5121e532-71ca\" data-vc-content=\".vc_tta-panel-body\"><div class=\"vc_tta-panel-heading\"><h4 class=\"vc_tta-panel-title vc_tta-controls-icon-position-left\"><a href=\"#1653889285386-5121e532-71ca\" data-vc-accordion data-vc-container=\".vc_tta-container\"><span class=\"vc_tta-title-text\">Notre large gamme de sutures v\u00e9t\u00e9rinaires non absorbables<\/span><i class=\"vc_tta-controls-icon vc_tta-controls-icon-plus\"><\/i><\/a><\/h4><\/div><div class=\"vc_tta-panel-body\">\n\t<div class=\"wpb_text_column wpb_content_element\" >\n\t\t<div class=\"wpb_wrapper\">\n\t\t\t<p>Currently, Universal Sutures offers a wide range of non-absorbable veterinary sutures designed to accommodate any veterinary surgical practice. Let&#8217;s take a closer look at our offerings:<\/p>\n<ul>\n<li>Suture en soie UNI-VET<\/li>\n<\/ul>\n<p>La suture en soie tress\u00e9e noire que nous utilisons est fabriqu\u00e9e \u00e0 partir de fibro\u00efne, une prot\u00e9ine organique obtenue \u00e0 partir de l'esp\u00e8ce domestique connue sous le nom de Bombyx mori. Les sutures en soie UNI-Vet sont soigneusement trait\u00e9es pour \u00e9liminer les cires et les gommes naturelles, ce qui permet d'obtenir une suture chirurgicale lisse, st\u00e9rile et non r\u00e9sorbable pour les tissus mous et la ligature. La facilit\u00e9 de manipulation des sutures en soie, associ\u00e9e \u00e0 une bonne s\u00e9curit\u00e9 des n\u0153uds, en fait une suture privil\u00e9gi\u00e9e dans de nombreuses chirurgies v\u00e9t\u00e9rinaires.<\/p>\n<ul>\n<li>Suture de liaison UNI-VET<\/li>\n<\/ul>\n<p>La suture UNI-Vet Bond est une suture tress\u00e9e en polyester enduit, compos\u00e9e de fibres de poly (\u00e9thyl\u00e8ne t\u00e9r\u00e9phtalate) de poids mol\u00e9culaire \u00e9lev\u00e9. Cette suture est couramment utilis\u00e9e comme option non r\u00e9sorbable, connue pour sa r\u00e9sistance et sa durabilit\u00e9 accrues gr\u00e2ce \u00e0 sa construction tress\u00e9e, garantissant une s\u00e9curit\u00e9 sup\u00e9rieure du n\u0153ud. En outre, le rev\u00eatement sp\u00e9cial r\u00e9duit la r\u00e9sistance des tissus. Les sutures UNI-Vet Bond sont id\u00e9ales pour les chirurgies cardiovasculaires, ophtalmiques et orthop\u00e9diques qui n\u00e9cessitent un soutien tissulaire solide pendant une p\u00e9riode prolong\u00e9e.<\/p>\n<ul>\n<li>Suture UNI-Vet Lene<\/li>\n<\/ul>\n<p>UNI-Vet Lene, notre suture monofilament en polypropyl\u00e8ne, est fabriqu\u00e9e \u00e0 partir d'un st\u00e9r\u00e9o-isom\u00e8re cristallin isotactique de polypropyl\u00e8ne. Cette suture est pigment\u00e9e pour une meilleure visibilit\u00e9 et est non r\u00e9sorbable, ce qui lui conf\u00e8re une bonne r\u00e9sistance tissulaire et \u00e9pargne la r\u00e9activit\u00e9 des tissus. Il s'agit d'un monofilament, qui peut donc facilement traverser les tissus sans causer de dommages ni se coller, et qui fonctionne donc bien. Les sutures UNI-Vet Lene sont parfaites pour les sutures cutan\u00e9es, les sutures de vaisseaux et les applications de chirurgie plastique.<\/p>\n<ul>\n<li>Suture en nylon UNI-VET<\/li>\n<\/ul>\n<p>La suture UNI-Vet Nylon est compos\u00e9e de Nylon 6 et de Nylon 6,6, des sutures monofilament en polyamide caract\u00e9ris\u00e9es par une r\u00e9sistance \u00e0 la traction et une \u00e9lasticit\u00e9 \u00e9lev\u00e9es. Cette suture non r\u00e9sorbable existe en noir ou en bleu et se fond dans les tissus, ce qui la rend facile \u00e0 voir pendant les op\u00e9rations. En raison de sa tr\u00e8s faible r\u00e9activit\u00e9 tissulaire, ce mat\u00e9riau est id\u00e9al pour les fermetures cutan\u00e9es ainsi que pour les proc\u00e9dures neurochirurgicales et ophtalmologiques. Il est donc plus facile de fournir des sutures en nylon UNI-Vet qui garantiront \u00e0 vos patients le meilleur niveau de soins possible.<\/p>\n\n\t\t<\/div>\n\t<\/div>\n<\/div><\/div><div class=\"vc_tta-panel\" id=\"1703746482525-8e9a2ce1-cad8\" data-vc-content=\".vc_tta-panel-body\"><div class=\"vc_tta-panel-heading\"><h4 class=\"vc_tta-panel-title vc_tta-controls-icon-position-left\"><a href=\"#1703746482525-8e9a2ce1-cad8\" data-vc-accordion data-vc-container=\".vc_tta-container\"><span class=\"vc_tta-title-text\">Avantages de l'utilisation de sutures v\u00e9t\u00e9rinaires non absorbables<\/span><i class=\"vc_tta-controls-icon vc_tta-controls-icon-plus\"><\/i><\/a><\/h4><\/div><div class=\"vc_tta-panel-body\">\n\t<div class=\"wpb_text_column wpb_content_element\" >\n\t\t<div class=\"wpb_wrapper\">\n\t\t\t<p>L'utilisation de sutures v\u00e9t\u00e9rinaires non r\u00e9sorbables pr\u00e9sente plusieurs avantages :<\/p>\n<ul>\n<li>Soutien prolong\u00e9 des tissus : Ces sutures restent intactes pendant un certain temps et offrent donc un maintien constant des tissus en cours de cicatrisation.<\/li>\n<li>Application polyvalente : En raison de leur facilit\u00e9 d'utilisation et de leur r\u00e9sistance, les sutures non r\u00e9sorbables constituent une option polyvalente qui convient \u00e0 diverses chirurgies de la peau et des tissus mous, ainsi qu'aux chirurgies orthop\u00e9diques.<\/li>\n<li>R\u00e9action tissulaire minimale : Nos sutures sont con\u00e7ues pour provoquer une irritation minimale des tissus, ce qui permet au patient de se sentir \u00e0 l'aise et de r\u00e9duire les risques de complications.<\/li>\n<\/ul>\n\n\t\t<\/div>\n\t<\/div>\n<\/div><\/div><div class=\"vc_tta-panel\" id=\"1722935792401-6665897c-bcdf\" data-vc-content=\".vc_tta-panel-body\"><div class=\"vc_tta-panel-heading\"><h4 class=\"vc_tta-panel-title vc_tta-controls-icon-position-left\"><a href=\"#1722935792401-6665897c-bcdf\" data-vc-accordion data-vc-container=\".vc_tta-container\"><span class=\"vc_tta-title-text\">Garantir l'excellence avec les sutures v\u00e9t\u00e9rinaires non absorbables<\/span><i class=\"vc_tta-controls-icon vc_tta-controls-icon-plus\"><\/i><\/a><\/h4><\/div><div class=\"vc_tta-panel-body\">\n\t<div class=\"wpb_text_column wpb_content_element\" >\n\t\t<div class=\"wpb_wrapper\">\n\t\t\t<p>\u00cates-vous pr\u00eat \u00e0 am\u00e9liorer la qualit\u00e9 de votre chirurgie v\u00e9t\u00e9rinaire gr\u00e2ce aux sutures v\u00e9t\u00e9rinaires non r\u00e9sorbables ?<\/p>\n<p>Les produits pr\u00e9sent\u00e9s par Universal Sutures comprennent une vari\u00e9t\u00e9 de sutures de premi\u00e8re qualit\u00e9 r\u00e9pondant aux normes de la chirurgie v\u00e9t\u00e9rinaire. Ces sutures non r\u00e9sorbables offrent des performances fiables et r\u00e9currentes, et s'av\u00e8rent \u00eatre des outils polyvalents dans la pratique chirurgicale quotidienne.<\/p>\n<p>Contactez-nous d\u00e8s aujourd'hui pour en savoir plus sur Universal Sutures et sur les raisons pour lesquelles les professionnels v\u00e9t\u00e9rinaires nous choisissent pour leurs interventions chirurgicales. Laquelle de nos sutures v\u00e9t\u00e9rinaires non r\u00e9sorbables souhaiteriez-vous utiliser pour rehausser le statut de votre cabinet ?<\/p>\n\n\t\t<\/div>\n\t<\/div>\n<\/div><\/div><\/div><\/div><\/div><\/div><\/div><\/div><\/div><div class=\"wpb_column vc_column_container vc_col-sm-12 vc_col-lg-6 vc_col-md-6 vc_col-xs-12\"><div class=\"vc_column-inner vc_custom_1476005300152\"><div class=\"wpb_wrapper\">\n\t<div  class=\"wpb_single_image wpb_content_element vc_align_left\">\n\t\t\n\t\t<figure class=\"wpb_wrapper vc_figure\">\n\t\t\t<div class=\"vc_single_image-wrapper   vc_box_border_grey\"><img loading=\"lazy\" decoding=\"async\" width=\"1500\" height=\"1500\" src=\"https:\/\/www.universalsutures.com\/wp-content\/uploads\/2024\/08\/sutures-for-dogs.jpg\" class=\"vc_single_image-img attachment-full\" alt=\"\" title=\"sutures pour chiens\" srcset=\"https:\/\/www.universalsutures.com\/wp-content\/uploads\/2024\/08\/sutures-for-dogs.jpg 1500w, https:\/\/www.universalsutures.com\/wp-content\/uploads\/2024\/08\/sutures-for-dogs-300x300.jpg 300w, https:\/\/www.universalsutures.com\/wp-content\/uploads\/2024\/08\/sutures-for-dogs-1024x1024.jpg 1024w, https:\/\/www.universalsutures.com\/wp-content\/uploads\/2024\/08\/sutures-for-dogs-150x150.jpg 150w, https:\/\/www.universalsutures.com\/wp-content\/uploads\/2024\/08\/sutures-for-dogs-768x768.jpg 768w, https:\/\/www.universalsutures.com\/wp-content\/uploads\/2024\/08\/sutures-for-dogs-12x12.jpg 12w\" sizes=\"auto, (max-width: 1500px) 100vw, 1500px\" data-dt-location=\"https:\/\/www.universalsutures.com\/fr\/sutures-veterinaires-resorbables\/attachment\/sutures-barbelees-7\/\"><\/div>\n\t\t<\/figure>\n\t<\/div>\n<\/div><\/div><\/div><\/div>\n<\/div>","protected":false},"excerpt":{"rendered":"<p>SILK SUTURE (UNI VET)POLYESTER SUTURE (UNI-VET POLYESTER)POLYPROPYLENE SUTURE (UNI-VET POLYPROPYLENE)POLYAMIDE SUTURE (UNI-VET NYLON)Explore our selection of\u00a0 non absorbable veterinary sutures such as silk, polyester, polypropylene, and nylon materials that offer the best sutures in terms of strength and unwavering quality to ensure the surgeries you perform are of high quality. The Essential Role of Non-Absorbable&hellip;<\/p>","protected":false},"author":1,"featured_media":0,"parent":0,"menu_order":0,"comment_status":"closed","ping_status":"closed","template":"","meta":{"footnotes":""},"class_list":["post-8545","page","type-page","status-publish","hentry","description-off"],"_links":{"self":[{"href":"https:\/\/www.universalsutures.com\/fr\/wp-json\/wp\/v2\/pages\/8545","targetHints":{"allow":["GET"]}}],"collection":[{"href":"https:\/\/www.universalsutures.com\/fr\/wp-json\/wp\/v2\/pages"}],"about":[{"href":"https:\/\/www.universalsutures.com\/fr\/wp-json\/wp\/v2\/types\/page"}],"author":[{"embeddable":true,"href":"https:\/\/www.universalsutures.com\/fr\/wp-json\/wp\/v2\/users\/1"}],"replies":[{"embeddable":true,"href":"https:\/\/www.universalsutures.com\/fr\/wp-json\/wp\/v2\/comments?post=8545"}],"version-history":[{"count":1,"href":"https:\/\/www.universalsutures.com\/fr\/wp-json\/wp\/v2\/pages\/8545\/revisions"}],"predecessor-version":[{"id":9776,"href":"https:\/\/www.universalsutures.com\/fr\/wp-json\/wp\/v2\/pages\/8545\/revisions\/9776"}],"wp:attachment":[{"href":"https:\/\/www.universalsutures.com\/fr\/wp-json\/wp\/v2\/media?parent=8545"}],"curies":[{"name":"wp","href":"https:\/\/api.w.org\/{rel}","templated":true}]}}