{"id":8606,"date":"2024-07-25T16:09:58","date_gmt":"2024-07-25T10:39:58","guid":{"rendered":"https:\/\/www.universalsutures.com\/?page_id=8606"},"modified":"2025-06-12T17:31:36","modified_gmt":"2025-06-12T12:01:36","slug":"suture-en-catgut-simple-8","status":"publish","type":"page","link":"https:\/\/www.universalsutures.com\/fr\/produits\/suture-en-catgut-simple-8\/","title":{"rendered":"Disposable Skin Stapler &#8211; UNISTAP"},"content":{"rendered":"<div class=\"wpb-content-wrapper\"><div class=\"vc_row wpb_row vc_row-fluid\"><div class=\"wpb_column vc_column_container vc_col-sm-12\"><div class=\"vc_column-inner\"><div class=\"wpb_wrapper\"><style type=\"text\/css\" data-type=\"the7_shortcodes-inline-css\">.gallery-carousel-shortcode.gallery-carousel-shortcode-id-a8a53b2f1f2c1a20b805fcb9f21affba.owl-carousel .owl-nav div {\n  width: 36px;\n  height: 36px;\n  border-radius: 500px;\n}\n.dt-arrow-border-on.gallery-carousel-shortcode.gallery-carousel-shortcode-id-a8a53b2f1f2c1a20b805fcb9f21affba.owl-carousel .owl-nav div:not(:hover):before {\n  border-width: 0px;\n}\n.dt-arrow-hover-border-on.gallery-carousel-shortcode.gallery-carousel-shortcode-id-a8a53b2f1f2c1a20b805fcb9f21affba.owl-carousel .owl-nav div:hover:after {\n  border-width: 0px;\n}\n.gallery-carousel-shortcode.gallery-carousel-shortcode-id-a8a53b2f1f2c1a20b805fcb9f21affba.owl-carousel .owl-nav div.owl-prev {\n  top: 50%;\n  transform: translateY(calc(-50% + 0px));\n  left: -43px;\n}\n@media all and (-ms-high-contrast: none) {\n  .gallery-carousel-shortcode.gallery-carousel-shortcode-id-a8a53b2f1f2c1a20b805fcb9f21affba.owl-carousel .owl-nav div.owl-prev {\n    transform: translateY(-50%);\n    margin-top: 0px;\n  }\n}\n.gallery-carousel-shortcode.gallery-carousel-shortcode-id-a8a53b2f1f2c1a20b805fcb9f21affba.owl-carousel .owl-nav div.owl-prev i {\n  padding: 0px 0px 0px 0px;\n}\n.gallery-carousel-shortcode.gallery-carousel-shortcode-id-a8a53b2f1f2c1a20b805fcb9f21affba.owl-carousel .owl-nav div.owl-next {\n  top: 50%;\n  transform: translateY(calc(-50% + 0px));\n  right: -43px;\n}\n@media all and (-ms-high-contrast: none) {\n  .gallery-carousel-shortcode.gallery-carousel-shortcode-id-a8a53b2f1f2c1a20b805fcb9f21affba.owl-carousel .owl-nav div.owl-next {\n    transform: translateY(-50%);\n    margin-top: 0px;\n  }\n}\n.gallery-carousel-shortcode.gallery-carousel-shortcode-id-a8a53b2f1f2c1a20b805fcb9f21affba.owl-carousel .owl-nav div.owl-next i {\n  padding: 0px 0px 0px 0px;\n}\n.gallery-carousel-shortcode.gallery-carousel-shortcode-id-a8a53b2f1f2c1a20b805fcb9f21affba.owl-carousel .owl-nav i {\n  font-size: 18px;\n}\n.gallery-carousel-shortcode.gallery-carousel-shortcode-id-a8a53b2f1f2c1a20b805fcb9f21affba.owl-carousel .owl-nav div:not(:hover) i,\n.gallery-carousel-shortcode.gallery-carousel-shortcode-id-a8a53b2f1f2c1a20b805fcb9f21affba.owl-carousel .owl-nav div:not(:hover) i:before {\n  color: #ffffff;\n  background: none;\n}\n.gallery-carousel-shortcode.gallery-carousel-shortcode-id-a8a53b2f1f2c1a20b805fcb9f21affba.owl-carousel .owl-nav div:hover i,\n.gallery-carousel-shortcode.gallery-carousel-shortcode-id-a8a53b2f1f2c1a20b805fcb9f21affba.owl-carousel .owl-nav div:hover i:before {\n  color: rgba(255,255,255,0.75);\n  background: none;\n}\n.gallery-carousel-shortcode.gallery-carousel-shortcode-id-a8a53b2f1f2c1a20b805fcb9f21affba .owl-dots {\n  top: calc(100% + 20px);\n  left: 50%;\n  transform: translateX(calc(-50% + 0px));\n}\n@media all and (-ms-high-contrast: none) {\n  .gallery-carousel-shortcode.gallery-carousel-shortcode-id-a8a53b2f1f2c1a20b805fcb9f21affba .owl-dots {\n    transform: translateX(-50%);\n    margin-left: 0px;\n  }\n}\n.gallery-carousel-shortcode.gallery-carousel-shortcode-id-a8a53b2f1f2c1a20b805fcb9f21affba .owl-dot {\n  width: 10px;\n  height: 10px;\n  margin: 0 8px;\n}\n@media screen and (max-width: 778px) {\n  .gallery-carousel-shortcode.gallery-carousel-shortcode-id-a8a53b2f1f2c1a20b805fcb9f21affba.hide-arrows .owl-nav a {\n    display: none;\n  }\n}\n@media screen and (max-width: 778px) {\n  .gallery-carousel-shortcode.gallery-carousel-shortcode-id-a8a53b2f1f2c1a20b805fcb9f21affba.reposition-arrows .owl-nav .owl-prev {\n    top: 50%;\n    transform: translateY(calc(-50% + 0px));\n    left: 10px;\n  }\n  .gallery-carousel-shortcode.gallery-carousel-shortcode-id-a8a53b2f1f2c1a20b805fcb9f21affba.reposition-arrows .owl-nav .owl-next {\n    top: 50%;\n    transform: translateY(calc(-50% + 0px));\n    right: 10px;\n  }\n}\n@media screen and (max-width: 778px) and all and (-ms-high-contrast: none) {\n  .gallery-carousel-shortcode.gallery-carousel-shortcode-id-a8a53b2f1f2c1a20b805fcb9f21affba.reposition-arrows .owl-nav .owl-prev {\n    transform: translateY(-50%);\n    margin-top: 0px;\n  }\n}\n@media screen and (max-width: 778px) and all and (-ms-high-contrast: none) {\n  .gallery-carousel-shortcode.gallery-carousel-shortcode-id-a8a53b2f1f2c1a20b805fcb9f21affba.reposition-arrows .owl-nav .owl-next {\n    transform: translateY(-50%);\n    margin-top: 0px;\n  }\n}\n.gallery-carousel-shortcode.gallery-carousel-shortcode-id-a8a53b2f1f2c1a20b805fcb9f21affba figure,\n.gallery-carousel-shortcode.gallery-carousel-shortcode-id-a8a53b2f1f2c1a20b805fcb9f21affba .rollover,\n.gallery-carousel-shortcode.gallery-carousel-shortcode-id-a8a53b2f1f2c1a20b805fcb9f21affba img,\n.gallery-carousel-shortcode.gallery-carousel-shortcode-id-a8a53b2f1f2c1a20b805fcb9f21affba .gallery-rollover {\n  border-radius: 0px;\n}\n.gallery-carousel-shortcode.gallery-carousel-shortcode-id-a8a53b2f1f2c1a20b805fcb9f21affba.enable-bg-rollover .gallery-rollover {\n  background: -webkit-linear-gradient();\n  background: linear-gradient();\n}\n.gallery-carousel-shortcode.gallery-carousel-shortcode-id-a8a53b2f1f2c1a20b805fcb9f21affba.enable-img-shadow .owl-stage-outer {\n  padding: 14px 0;\n}\n.gallery-carousel-shortcode.gallery-carousel-shortcode-id-a8a53b2f1f2c1a20b805fcb9f21affba.enable-bg-rollover.hover-scale figure .rollover:after {\n  background: -webkit-linear-gradient();\n  background: linear-gradient();\n}\n.gallery-carousel-shortcode.gallery-carousel-shortcode-id-a8a53b2f1f2c1a20b805fcb9f21affba.gallery-shortcode .gallery-zoom-ico {\n  width: 44px;\n  height: 44px;\n  line-height: 44px;\n  border-radius: 100px;\n  margin: -22px 0 0 -22px;\n  border-width: 0px;\n}\n.dt-icon-bg-on.gallery-carousel-shortcode.gallery-carousel-shortcode-id-a8a53b2f1f2c1a20b805fcb9f21affba.gallery-shortcode .gallery-zoom-ico {\n  background: rgba(255,255,255,0.3);\n  box-shadow: none;\n}\n.gallery-carousel-shortcode.gallery-carousel-shortcode-id-a8a53b2f1f2c1a20b805fcb9f21affba.gallery-shortcode .gallery-zoom-ico:before,\n.gallery-carousel-shortcode.gallery-carousel-shortcode-id-a8a53b2f1f2c1a20b805fcb9f21affba.gallery-shortcode .gallery-zoom-ico span {\n  font-size: 32px;\n  line-height: 44px;\n  color: #ffffff;\n  background: none;\n}<\/style><div class=\"owl-carousel gallery-carousel-shortcode gallery-shortcode  dt-gallery-container dt-owl-carousel-call gallery-carousel-shortcode-id-a8a53b2f1f2c1a20b805fcb9f21affba scale-img enable-bg-rollover meta-info-off dt-arrow-border-on dt-arrow-hover-border-on bullets-small-dot-stroke reposition-arrows dt-icon-bg-off arrows-bg-on disable-arrows-hover-bg arrows-hover-bg-on  vc_custom_1749728912889 hover-fade\" data-scroll-mode=\"1\" data-col-num=\"1\" data-wide-col-num=\"1\" data-laptop-col=\"1\" data-h-tablet-columns-num=\"1\" data-v-tablet-columns-num=\"1\" data-phone-columns-num=\"1\" data-col-gap=\"10\" data-stage-padding=\"0\" data-speed=\"600\" data-autoplay=\"true\" data-autoplay_speed=\"6000\" data-arrows=\"true\" data-bullet=\"false\" data-next-icon=\"icon-ar-017-r\" data-prev-icon=\"icon-ar-017-l\" data-img-shadow-size=\"12px\" data-img-shadow-spread=\"3px\"><div data-post-id=\"8588\" data-date=\"2024-07-25T15:02:40+05:30\" data-name=\"Disposable Skin Stapler\"><figure class=\"post\"><a href=\"https:\/\/www.universalsutures.com\/wp-content\/uploads\/2024\/07\/SKIN-STAPLER-CARTON-3D-1_page-0001-scaled.jpg\" class=\"rollover dt-pswp-item layzr-bg\" data-large_image_width=\"2560\" data-large_image_height=\"2342\" data-dt-img-description=\"Disposable Skin Stapler\" title=\"Agrafeuse cutan\u00e9e jetable\"><img fetchpriority=\"high\" decoding=\"async\" class=\"preload-me owl-lazy-load aspect\" src=\"data:image\/svg+xml,%3Csvg%20xmlns%3D&#039;http%3A%2F%2Fwww.w3.org%2F2000%2Fsvg&#039;%20viewBox%3D&#039;0%200%202560%201664&#039;%2F%3E\" data-src=\"https:\/\/www.universalsutures.com\/wp-content\/uploads\/2024\/07\/SKIN-STAPLER-CARTON-3D-1_page-0001-scaled-2560x1664.jpg\" data-srcset=\"https:\/\/www.universalsutures.com\/wp-content\/uploads\/2024\/07\/SKIN-STAPLER-CARTON-3D-1_page-0001-scaled-2560x1664.jpg 2560w\" loading=\"eager\" style=\"--ratio: 2560 \/ 1664\" sizes=\"(max-width: 2560px) 100vw, 2560px\" alt=\"Agrafeuse cutan\u00e9e jetable\" width=\"2560\" height=\"1664\" title=\"\"><span class=\"gallery-rollover\"><span class=\"gallery-zoom-ico icomoon-the7-font-the7-zoom-06\"><span><\/span><\/span><\/span><\/a><\/figure><\/div><\/div><div id=\"ultimate-heading-336669ef679f3d36b\" class=\"uvc-heading ult-adjust-bottom-margin ultimate-heading-336669ef679f3d36b uvc-6324\" data-hspacer=\"line_only\"  data-halign=\"left\" style=\"text-align:left\"><div class=\"uvc-main-heading ult-responsive\"  data-ultimate-target='.uvc-heading.ultimate-heading-336669ef679f3d36b h2'  data-responsive-json-new='{\"font-size\":\"desktop:35px;\",\"line-height\":\"desktop:45px;\"}' ><h2 style=\"font-weight:bold;color:#1f365c;margin-top:15px;\">Agrafeuse chirurgicale jetable (35W)<\/h2><\/div><div class=\"uvc-heading-spacer line_only\" style=\"margin-top:15px;margin-bottom:15px;height:0.5px;\"><span class=\"uvc-headings-line\" style=\"border-style:solid;border-bottom-width:0.5px;border-color:#337ab7;width:autopx;\"><\/span><\/div><\/div><div class=\"vc_empty_space\"   style=\"height: 15px\"><span class=\"vc_empty_space_inner\"><\/span><\/div><div class=\"standard-arrow list-divider bullet-top\"><p style=\"text-align: justify;\">The UNISTAP is a lever action disposable skin stapler providing excellent staple visibility and comes equipped with 35 wider staples. This stapler is used in surgical procedures for skin closure. We manufacture UNISTAP skin staplers using high-quality medical-grade materials under strict quality control.As a trusted exporter, we supply UNISTAP skin staplers to hospitals and healthcare providers worldwide.<\/p>\n<\/div>\n\t<div class=\"wpb_text_column wpb_content_element\" >\n\t\t<div class=\"wpb_wrapper\">\n\t\t\t<div id=\"footable_parent_9544\"\n         class=\"ninja-footable-loader footable_parent ninja_table_wrapper loading_ninja_table wp_table_data_press_parent semantic_ui colored_table\">\n                <table data-ninja_table_instance=\"ninja_table_instance_0\" data-footable_id=\"9544\" data-filter-delay=\"1000\" aria-label=\"Agrafeuse pour la peau\"            id=\"footable_9544\"\n           data-unique_identifier=\"ninja_table_unique_id_963183190_9544\"\n           class=\"foo-table ninja_footable foo_table_9544 ninja_table_unique_id_963183190_9544 ui table  nt_type_legacy_table selectable celled striped ninja_custom_color inverted footable-paging-right ninja_table_search_disabled ninja_table_pro\">\n                <colgroup>\n                            <col class=\"ninja_column_0\">\n                            <col class=\"ninja_column_1\">\n                    <\/colgroup>\n        <thead>\n<tr class=\"footable-header\">\n                                        <th scope=\"col\"  class=\"ninja_column_0 ninja_clmn_nm_codeno\">Information<\/th><th scope=\"col\"  class=\"ninja_column_1 ninja_clmn_nm_uspsize\">Description<\/th><\/tr>\n<\/thead>\n<tbody>\n\n        <tr data-row_id=\"2012\" class=\"ninja_table_row_0 nt_row_id_2012\">\n            <td>Applications<\/td><td><span>Selection and implantation of skin staples depend on the patient\u2019s condition, surgical experience, surgical technique, and wound size.<\/span><\/td>        <\/tr>\n            <tr data-row_id=\"2016\" class=\"ninja_table_row_1 nt_row_id_2016\">\n            <td>Mode of Action<\/td><td><ul>\n<li>Les tests de cytotoxicit\u00e9 confirment l'absence de toxicit\u00e9 tissulaire.<\/li>\n<li>Les agrafes cutan\u00e9es sont fabriqu\u00e9es \u00e0 partir d'un fil d'acier inoxydable 316L de qualit\u00e9 m\u00e9dicale.<\/li>\n<li>Les agrafes ne sont pas r\u00e9sorbables et doivent \u00eatre retir\u00e9es apr\u00e8s la cicatrisation de la plaie \u00e0 l'aide d'une pince \u00e0 enlever les agrafes cutan\u00e9es.<\/li>\n<\/ul><\/td>        <\/tr>\n            <tr data-row_id=\"2013\" class=\"ninja_table_row_2 nt_row_id_2013\">\n            <td>St\u00e9rilit\u00e9<\/td><td><ul>\n<li aria-level=\"1\"><span>St\u00e9rilis\u00e9 \u00e0 l'oxyde d'\u00e9thyl\u00e8ne.<\/span><\/li>\n<li aria-level=\"1\"><span>Ne pas st\u00e9riliser \u00e0 nouveau.<\/span><\/li>\n<li aria-level=\"1\"><span>Ne pas utiliser si l'emballage est ouvert ou endommag\u00e9. Jeter les agrafeuses ouvertes mais non utilis\u00e9es.<\/span><\/li>\n<\/ul><\/td>        <\/tr>\n            <tr data-row_id=\"2014\" class=\"ninja_table_row_3 nt_row_id_2014\">\n            <td>Stockage<\/td><td><ul>\n<li aria-level=\"1\"><span>Store at temperatures between 10\u00b0C and 35\u00b0C, away from moisture and direct heat.<\/span><\/li>\n<li aria-level=\"1\"><span>Ne pas utiliser apr\u00e8s la date de p\u00e9remption.<\/span><\/li>\n<\/ul><\/td>        <\/tr>\n            <tr data-row_id=\"2015\" class=\"ninja_table_row_4 nt_row_id_2015\">\n            <td>\u00c9limination<\/td><td><ul>\n<li aria-level=\"1\"><span>Jeter les agrafeuses usag\u00e9es (contamin\u00e9es ou non par du sang) dans les conteneurs destin\u00e9s aux d\u00e9chets infectieux.<\/span><\/li>\n<li aria-level=\"1\"><span>Incin\u00e9rer les agrafeuses inutilis\u00e9es et p\u00e9rim\u00e9es.<\/span><\/li>\n<\/ul><\/td>        <\/tr>\n            <tr data-row_id=\"2010\" class=\"ninja_table_row_5 nt_row_id_2010\">\n            <td>Contre-indications<\/td><td><ul>\n<li aria-level=\"1\"><span>Do not use this disposable skin stapler if it is impossible to maintain at least a 5 mm distance from the stapled skin to the underlying structures.<\/span><\/li>\n<li aria-level=\"1\"><span>Contre-indiqu\u00e9 chez les patients pr\u00e9sentant des sensibilit\u00e9s ou des allergies connues \u00e0 l'acier inoxydable.<\/span><\/li>\n<li aria-level=\"1\"><span>Ne convient pas pour la fermeture de tissus internes (par exemple, sous la peau, la cavit\u00e9 rectale, vaginale, orale et les yeux).<\/span><\/li>\n<\/ul><\/td>        <\/tr>\n            <tr data-row_id=\"2009\" class=\"ninja_table_row_6 nt_row_id_2009\">\n            <td>Warnings<\/td><td><ul>\n<li aria-level=\"1\"><span>S'assurer de la connaissance des proc\u00e9dures et techniques chirurgicales impliquant des agrafeuses et des agrafes non r\u00e9sorbables avant de les utiliser.<\/span><\/li>\n<li aria-level=\"1\"><span>Comprimer compl\u00e8tement le levier de l'agrafeuse (poign\u00e9e) pour d\u00e9loger et former l'agrafe.<\/span><\/li>\n<li aria-level=\"1\"><span>\u00c9viter d'appuyer deux fois sur la poign\u00e9e de l'agrafeuse au m\u00eame endroit ou si l'agrafe n'est pas form\u00e9e.<\/span><\/li>\n<li aria-level=\"1\"><span>Dispositif \u00e0 usage unique ; ne pas r\u00e9utiliser.<\/span><\/li>\n<li aria-level=\"1\"><span>La r\u00e9utilisation du dispositif peut provoquer une infection, une inflammation ou une contamination crois\u00e9e, et la st\u00e9rilisation peut entra\u00eener un dysfonctionnement.<\/span><\/li>\n<\/ul><\/td>        <\/tr>\n    <\/tbody><!--ninja_tobody_rendering_done-->\n    <\/table>\n    \n    \n    \n<\/div>\n\n\n\t\t<\/div>\n\t<\/div>\n<div class=\"vc_tta-container\" data-vc-action=\"collapseAll\"><div class=\"vc_general vc_tta vc_tta-accordion vc_tta-color-sky vc_tta-style-modern vc_tta-shape-square vc_tta-spacing-5 vc_tta-gap-5 vc_tta-controls-align-default vc_tta-o-all-clickable vc_custom_1749729624204\"><div class=\"vc_tta-panels-container\"><div class=\"vc_tta-panels\"><div class=\"vc_tta-panel vc_active\" id=\"1721905198408-e5ea16b8-acb3\" data-vc-content=\".vc_tta-panel-body\"><div class=\"vc_tta-panel-heading\"><h4 class=\"vc_tta-panel-title vc_tta-controls-icon-position-left\"><a href=\"#1721905198408-e5ea16b8-acb3\" data-vc-accordion data-vc-container=\".vc_tta-container\"><span class=\"vc_tta-title-text\">Catalogue des produits<\/span><i class=\"vc_tta-controls-icon vc_tta-controls-icon-plus\"><\/i><\/a><\/h4><\/div><div class=\"vc_tta-panel-body\"><div class=\"vc_icon_element vc_icon_element-outer vc_do_icon vc_icon_element-align-left vc_icon_element-have-style\"><div class=\"vc_icon_element-inner vc_icon_element-color-white vc_icon_element-have-style-inner vc_icon_element-size-lg vc_icon_element-style-boxed vc_icon_element-background vc_icon_element-background-color-blue\" ><span class=\"vc_icon_element-icon fas fa-file-alt\" ><\/span><a class=\"vc_icon_element-link\" href=\"https:\/\/drive.google.com\/file\/d\/1BpdfgLjWrDvQPsQmYPncDbck5r5vyuuE\/view?usp=drive_link\" title=\"\" target=\"_blank\" rel=\"noopener\"><\/a><\/div><\/div><\/div><\/div><div class=\"vc_tta-panel\" id=\"contactus1\" data-vc-content=\".vc_tta-panel-body\"><div class=\"vc_tta-panel-heading\"><h4 class=\"vc_tta-panel-title vc_tta-controls-icon-position-left\"><a href=\"#contactus1\" data-vc-accordion data-vc-container=\".vc_tta-container\"><span class=\"vc_tta-title-text\">Contact<\/span><i class=\"vc_tta-controls-icon vc_tta-controls-icon-plus\"><\/i><\/a><\/h4><\/div><div class=\"vc_tta-panel-body\"><div class=\"wpforms-container wpforms-container-full\" id=\"wpforms-3243\"><form id=\"wpforms-form-3243\" class=\"wpforms-validate wpforms-form\" data-formid=\"3243\" method=\"post\" enctype=\"multipart\/form-data\" action=\"\/fr\/wp-json\/wp\/v2\/pages\/8606\" data-token=\"f8c7b2c4b5ddee60f9a43917cc806620\" data-token-time=\"1777297311\" data-trp-original-action=\"\/fr\/wp-json\/wp\/v2\/pages\/8606\"><noscript class=\"wpforms-error-noscript\">Veuillez activer JavaScript dans votre navigateur pour remplir ce formulaire.<\/noscript><div class=\"wpforms-field-container\"><div id=\"wpforms-3243-field_15-container\" class=\"wpforms-field wpforms-field-layout\" data-field-id=\"15\"><div class=\"wpforms-field-layout-columns wpforms-field-layout-preset-50-50\"><div class=\"wpforms-layout-column wpforms-layout-column-50\" ><div id=\"wpforms-3243-field_0-container\" class=\"wpforms-field wpforms-field-name\" data-field-id=\"0\"><label class=\"wpforms-field-label\" for=\"wpforms-3243-field_0\">Nom <span class=\"wpforms-required-label\">*<\/span><\/label><input type=\"text\" id=\"wpforms-3243-field_0\" class=\"wpforms-field-large wpforms-field-required\" name=\"wpforms[fields][0]\" required><\/div><\/div><div class=\"wpforms-layout-column wpforms-layout-column-50\" ><div id=\"wpforms-3243-field_2-container\" class=\"wpforms-field wpforms-field-email\" data-field-id=\"2\"><label class=\"wpforms-field-label\" for=\"wpforms-3243-field_2\">Courriel <span class=\"wpforms-required-label\">*<\/span><\/label><input type=\"email\" id=\"wpforms-3243-field_2\" class=\"wpforms-field-large wpforms-field-required\" name=\"wpforms[fields][2]\" spellcheck=\"false\" required><\/div><\/div><\/div><\/div><div id=\"wpforms-3243-field_14-container\" class=\"wpforms-field wpforms-field-layout\" data-field-id=\"14\"><div class=\"wpforms-field-layout-columns wpforms-field-layout-preset-50-50\"><div class=\"wpforms-layout-column wpforms-layout-column-50\" ><div id=\"wpforms-3243-field_7-container\" class=\"wpforms-field wpforms-field-text\" data-field-id=\"7\"><label class=\"wpforms-field-label\" for=\"wpforms-3243-field_7\">Pays <span class=\"wpforms-required-label\">*<\/span><\/label><input type=\"text\" id=\"wpforms-3243-field_7\" class=\"wpforms-field-large wpforms-field-required\" name=\"wpforms[fields][7]\" required><\/div><\/div><div class=\"wpforms-layout-column wpforms-layout-column-50\" ><div id=\"wpforms-3243-field_11-container\" class=\"wpforms-field wpforms-field-phone\" data-field-id=\"11\"><label class=\"wpforms-field-label\" for=\"wpforms-3243-field_11\">T\u00e9l\u00e9phone <span class=\"wpforms-required-label\">*<\/span><\/label><input type=\"tel\" id=\"wpforms-3243-field_11\" class=\"wpforms-field-large wpforms-field-required wpforms-smart-phone-field\" data-rule-smart-phone-field=\"true\" name=\"wpforms[fields][11]\" aria-label=\"T\u00e9l\u00e9phone\" required><\/div><\/div><\/div><\/div><div id=\"wpforms-3243-field_20-container\" class=\"wpforms-field wpforms-field-text\" data-field-id=\"20\"><label class=\"wpforms-field-label\" for=\"wpforms-3243-field_20\">Company Name<\/label><input type=\"text\" id=\"wpforms-3243-field_20\" class=\"wpforms-field-large\" name=\"wpforms[fields][20]\" ><\/div><div id=\"wpforms-3243-field_4-container\" class=\"wpforms-field wpforms-field-textarea\" data-field-id=\"4\"><label class=\"wpforms-field-label\" for=\"wpforms-3243-field_4\">D\u00e9tails <span class=\"wpforms-required-label\">*<\/span><\/label><textarea id=\"wpforms-3243-field_4\" class=\"wpforms-field-medium wpforms-field-required\" name=\"wpforms[fields][4]\" required><\/textarea><\/div><\/div><!-- .wpforms-field-container --><div class=\"wpforms-recaptcha-container wpforms-is-recaptcha wpforms-is-recaptcha-type-v3\" ><input type=\"hidden\" name=\"wpforms[recaptcha]\" value=\"\"><\/div><div class=\"wpforms-submit-container\" ><input type=\"hidden\" name=\"wpforms[id]\" value=\"3243\"><input type=\"hidden\" name=\"page_title\" value=\"\"><input type=\"hidden\" name=\"page_url\" value=\"https:\/\/www.universalsutures.com\/fr\/wp-json\/wp\/v2\/pages\/8606\"><input type=\"hidden\" name=\"url_referer\" value=\"\"><button type=\"submit\" name=\"wpforms[submit]\" id=\"wpforms-submit-3243\" class=\"wpforms-submit\" data-alt-text=\"Sending...\" data-submit-text=\"Submit\" aria-live=\"assertive\" value=\"wpforms-submit\">Soumettre<\/button><\/div><input type=\"hidden\" name=\"trp-form-language\" value=\"fr\"\/><\/form><\/div>  <!-- .wpforms-container --><\/div><\/div><\/div><\/div><\/div><\/div><\/div><\/div><\/div><\/div>\n<\/div>","protected":false},"excerpt":{"rendered":"<p>Surgical Disposable Skin Stapler (35W)The UNISTAP is a lever action disposable skin stapler providing excellent staple visibility and comes equipped with 35 wider staples. This stapler is used in surgical procedures for skin closure. We manufacture UNISTAP skin staplers using high-quality medical-grade materials under strict quality control.As a trusted exporter, we supply UNISTAP skin staplers&hellip;<\/p>","protected":false},"author":1,"featured_media":8588,"parent":1072,"menu_order":0,"comment_status":"closed","ping_status":"closed","template":"","meta":{"footnotes":""},"class_list":["post-8606","page","type-page","status-publish","has-post-thumbnail","hentry","description-off"],"_links":{"self":[{"href":"https:\/\/www.universalsutures.com\/fr\/wp-json\/wp\/v2\/pages\/8606","targetHints":{"allow":["GET"]}}],"collection":[{"href":"https:\/\/www.universalsutures.com\/fr\/wp-json\/wp\/v2\/pages"}],"about":[{"href":"https:\/\/www.universalsutures.com\/fr\/wp-json\/wp\/v2\/types\/page"}],"author":[{"embeddable":true,"href":"https:\/\/www.universalsutures.com\/fr\/wp-json\/wp\/v2\/users\/1"}],"replies":[{"embeddable":true,"href":"https:\/\/www.universalsutures.com\/fr\/wp-json\/wp\/v2\/comments?post=8606"}],"version-history":[{"count":0,"href":"https:\/\/www.universalsutures.com\/fr\/wp-json\/wp\/v2\/pages\/8606\/revisions"}],"up":[{"embeddable":true,"href":"https:\/\/www.universalsutures.com\/fr\/wp-json\/wp\/v2\/pages\/1072"}],"wp:featuredmedia":[{"embeddable":true,"href":"https:\/\/www.universalsutures.com\/fr\/wp-json\/wp\/v2\/media\/8588"}],"wp:attachment":[{"href":"https:\/\/www.universalsutures.com\/fr\/wp-json\/wp\/v2\/media?parent=8606"}],"curies":[{"name":"wp","href":"https:\/\/api.w.org\/{rel}","templated":true}]}}